{"id":1604,"date":"2017-10-08T17:50:15","date_gmt":"2017-10-08T15:50:15","guid":{"rendered":"http:\/\/paulinenaue.info\/?page_id=1604"},"modified":"2024-06-02T21:48:53","modified_gmt":"2024-06-02T19:48:53","slug":"volkssolidaritaet","status":"publish","type":"page","link":"https:\/\/paulinenaue.info\/index.php\/volkssolidaritaet\/","title":{"rendered":"Volkssolidarit\u00e4t"},"content":{"rendered":"<div class=\"fusion-fullwidth fullwidth-box fusion-builder-row-1 fusion-flex-container nonhundred-percent-fullwidth non-hundred-percent-height-scrolling\" style=\"--awb-border-radius-top-left:0px;--awb-border-radius-top-right:0px;--awb-border-radius-bottom-right:0px;--awb-border-radius-bottom-left:0px;\" ><div class=\"fusion-builder-row fusion-row fusion-flex-align-items-flex-start\" style=\"max-width:1248px;margin-left: calc(-4% \/ 2 );margin-right: calc(-4% \/ 2 );\"><div class=\"fusion-layout-column fusion_builder_column fusion-builder-column-0 fusion_builder_column_1_1 1_1 fusion-flex-column\" style=\"--awb-bg-size:cover;--awb-width-large:100%;--awb-margin-top-large:0px;--awb-spacing-right-large:1.92%;--awb-margin-bottom-large:0px;--awb-spacing-left-large:1.92%;--awb-width-medium:100%;--awb-spacing-right-medium:1.92%;--awb-spacing-left-medium:1.92%;--awb-width-small:100%;--awb-spacing-right-small:1.92%;--awb-spacing-left-small:1.92%;\"><div class=\"fusion-column-wrapper fusion-flex-justify-content-flex-start fusion-content-layout-column\"><div class=\"fusion-text fusion-text-1\"><div id=\"pl-1604\" class=\"panel-layout\">\n<div id=\"pg-1604-0\" class=\"panel-grid panel-no-style\" data-style=\"{'background_display':'tile','cell_alignment':'flex-start'}\">\n<div id=\"pgc-1604-0-0\" class=\"panel-grid-cell\" data-style=\"{'background_display':'tile','vertical_alignment':'auto'}\" data-weight=\"0.7071067823731\">\n<div id=\"panel-1604-0-0-0\" class=\"so-panel widget widget_sow-editor panel-first-child panel-last-child\" data-index=\"0\" data-style=\"{'background_image_attachment':false,'background_display':'tile'}\">\n<div class=\"so-widget-sow-editor so-widget-sow-editor-base\">\n<h3 class=\"widget-title\">Volkssolidarit\u00e4t Ortsgruppe Paulinenaue<\/h3>\n<div class=\"siteorigin-widget-tinymce textwidget\">\n<p style=\"margin: 0cm; margin-bottom: .0001pt;\"><strong><a href=\"http:\/\/paulinenaue.info\/wp-content\/uploads\/2017\/10\/2000px-Signet_Volkssolidaritaet.svg_.png\"><img decoding=\"async\" width=\"212\" height=\"300\" data-attachment-id=\"1607\" data-permalink=\"https:\/\/paulinenaue.info\/index.php\/volkssolidaritaet\/2000px-signet_volkssolidaritaet-svg-2\/\" data-orig-file=\"https:\/\/paulinenaue.info\/wp-content\/uploads\/2017\/10\/2000px-Signet_Volkssolidaritaet.svg_.png\" data-orig-size=\"2000,2828\" data-comments-opened=\"1\" data-image-meta=\"{&quot;aperture&quot;:&quot;0&quot;,&quot;credit&quot;:&quot;&quot;,&quot;camera&quot;:&quot;&quot;,&quot;caption&quot;:&quot;&quot;,&quot;created_timestamp&quot;:&quot;0&quot;,&quot;copyright&quot;:&quot;&quot;,&quot;focal_length&quot;:&quot;0&quot;,&quot;iso&quot;:&quot;0&quot;,&quot;shutter_speed&quot;:&quot;0&quot;,&quot;title&quot;:&quot;&quot;,&quot;orientation&quot;:&quot;0&quot;}\" data-image-title=\"2000px-Signet_Volkssolidaritaet.svg\" data-image-description=\"\" data-image-caption=\"\" data-large-file=\"https:\/\/paulinenaue.info\/wp-content\/uploads\/2017\/10\/2000px-Signet_Volkssolidaritaet.svg_-724x1024.png\" class=\"lazyload size-medium wp-image-1607 alignright\" src=\"http:\/\/paulinenaue.info\/wp-content\/uploads\/2017\/10\/2000px-Signet_Volkssolidaritaet.svg_-212x300.png\" data-orig-src=\"http:\/\/paulinenaue.info\/wp-content\/uploads\/2017\/10\/2000px-Signet_Volkssolidaritaet.svg_-212x300.png\" alt=\"\" srcset=\"data:image\/svg+xml,%3Csvg%20xmlns%3D%27http%3A%2F%2Fwww.w3.org%2F2000%2Fsvg%27%20width%3D%27212%27%20height%3D%27300%27%20viewBox%3D%270%200%20212%20300%27%3E%3Crect%20width%3D%27212%27%20height%3D%27300%27%20fill-opacity%3D%220%22%2F%3E%3C%2Fsvg%3E\" data-srcset=\"https:\/\/paulinenaue.info\/wp-content\/uploads\/2017\/10\/2000px-Signet_Volkssolidaritaet.svg_-212x300.png 212w, https:\/\/paulinenaue.info\/wp-content\/uploads\/2017\/10\/2000px-Signet_Volkssolidaritaet.svg_-724x1024.png 724w, https:\/\/paulinenaue.info\/wp-content\/uploads\/2017\/10\/2000px-Signet_Volkssolidaritaet.svg_-768x1086.png 768w, https:\/\/paulinenaue.info\/wp-content\/uploads\/2017\/10\/2000px-Signet_Volkssolidaritaet.svg_-958x1355.png 958w, https:\/\/paulinenaue.info\/wp-content\/uploads\/2017\/10\/2000px-Signet_Volkssolidaritaet.svg_.png 2000w\" data-sizes=\"auto\" data-orig-sizes=\"(max-width: 212px) 100vw, 212px\" \/><\/a><\/strong><\/p>\n<p>Seit vielen Jahren besteht in Paulinenaue die Ortsgruppe der Volkssolidarit\u00e4t und hat derzeit 23 Mitglieder. <span style=\"color: var(--awb-text-color); font-family: var(--awb-text-font-family); font-size: var(--awb-font-size); font-style: var(--awb-text-font-style); font-weight: var(--awb-text-font-weight); letter-spacing: var(--awb-letter-spacing); text-align: var(--awb-content-alignment); text-transform: var(--awb-text-transform); background-color: var(--awb-bg-color-hover);\">Zu unseren Aufgaben geh\u00f6rt vor allem die Betreuung der Seniorinnen und Senioren in unserem Ort.<\/span><\/p>\n<p style=\"margin: 0cm; margin-bottom: .0001pt;\"><strong>Kontakt:<\/strong><\/p>\n<p style=\"margin: 0cm; margin-bottom: .0001pt;\">Rosemarie Watzke<\/p>\n<p style=\"margin: 0cm; margin-bottom: .0001pt;\">Unter den Eichen 23<\/p>\n<p style=\"margin: 0cm; margin-bottom: .0001pt;\">14641 Paulinenaue<\/p>\n<p style=\"margin: 0cm; margin-bottom: .0001pt;\">Telefon 033237\/88445<\/p>\n<\/p>\n<p><b>Weiterer Ansprechpartner<\/b><\/p>\n<p style=\"margin: 0cm; margin-bottom: .0001pt;\">Helga Henning<br \/>\nPhilipp-M\u00fcller- Stra\u00dfe 19<br \/>\n14641  Paulinenaue<\/p>\n<p style=\"margin: 0cm; margin-bottom: .0001pt;\">Telefon 033237\/88423<\/p>\n<p> <span style=\"background-color: var(--awb-bg-color-hover); color: var(--awb-text-color); font-family: var(--awb-text-font-family); font-size: var(--awb-font-size); font-style: var(--awb-text-font-style); font-weight: var(--awb-text-font-weight); letter-spacing: var(--awb-letter-spacing); text-align: var(--awb-content-alignment); text-transform: var(--awb-text-transform);\"> <\/span><\/p>\n<h5><span style=\"color: rgb(67, 80, 84);\">Wir organisieren:<\/span><\/h5>\n<h5 style=\"margin: 0cm 0cm 0.0001pt; text-align: left;\"><span style=\"color: #1e661e;\">&#8211; Ausfl\u00fcge<\/span><\/h5>\n<h5 style=\"margin: 0cm 0cm 0.0001pt; text-align: left;\"><span style=\"color: #1e661e;\">&#8211; Weihnachtsfeiern<\/span><\/h5>\n<h5 style=\"margin: 0cm 0cm 0.0001pt; text-align: left;\"><span style=\"color: #1e661e;\">&#8211; Spielenachmittage<\/span><\/h5>\n<h5 style=\"margin: 0cm 0cm 0.0001pt; text-align: left;\"><span style=\"color: #1e661e;\">&#8211; Spendensammlungen<\/span><\/h5>\n<h5 style=\"margin: 0cm 0cm 0.0001pt; text-align: left;\"><span style=\"color: #1e661e;\">&#8211; Pers\u00f6nliche Gratulation zu den Geburtstagen ab 80. Lebensjahr &#8211; gemeinsam mit der KITA zu runden Jubil\u00e4en.<\/span><\/h5>\n<p><span style=\"color: var(--awb-text-color); font-family: var(--awb-text-font-family); font-size: var(--awb-font-size); font-style: var(--awb-text-font-style); font-weight: var(--awb-text-font-weight); letter-spacing: var(--awb-letter-spacing); text-align: var(--awb-content-alignment); text-transform: var(--awb-text-transform); background-color: var(--awb-bg-color-hover);\">Zu unseren Spielenachmittagen alle vier Wochen in der Feuerwehr sind alle Seniorinnen und Senioren herzlich eingeladen. Nach dem Genuss von Kaffee und Kuchen wird munter gespielt.<\/span><\/p>\n<\/div>\n<\/div>\n<\/div>\n<\/div>\n<\/div>\n<\/div>\n<\/div><\/div><\/div><\/div><\/div>\n","protected":false},"excerpt":{"rendered":"","protected":false},"author":3,"featured_media":1607,"parent":0,"menu_order":0,"comment_status":"closed","ping_status":"closed","template":"","meta":{"_acf_changed":false,"_price":"","_stock":"","_tribe_ticket_header":"","_tribe_default_ticket_provider":"","_tribe_ticket_capacity":"0","_ticket_start_date":"","_ticket_end_date":"","_tribe_ticket_show_description":"","_tribe_ticket_show_not_going":false,"_tribe_ticket_use_global_stock":"","_tribe_ticket_global_stock_level":"","_global_stock_mode":"","_global_stock_cap":"","_tribe_rsvp_for_event":"","_tribe_ticket_going_count":"","_tribe_ticket_not_going_count":"","_tribe_tickets_list":"[]","_tribe_ticket_has_attendee_info_fields":false,"footnotes":"","_tec_slr_enabled":"","_tec_slr_layout":""},"class_list":["post-1604","page","type-page","status-publish","has-post-thumbnail","hentry"],"acf":[],"yoast_head":"<!-- This site is optimized with the Yoast SEO plugin v27.5 - https:\/\/yoast.com\/product\/yoast-seo-wordpress\/ -->\n<title>Volkssolidarit\u00e4t - Paulinenaue<\/title>\n<meta name=\"robots\" content=\"index, follow, max-snippet:-1, max-image-preview:large, max-video-preview:-1\" \/>\n<link rel=\"canonical\" href=\"https:\/\/paulinenaue.info\/index.php\/volkssolidaritaet\/\" \/>\n<meta property=\"og:locale\" content=\"de_DE\" \/>\n<meta property=\"og:type\" content=\"article\" \/>\n<meta property=\"og:title\" content=\"Volkssolidarit\u00e4t - Paulinenaue\" \/>\n<meta property=\"og:url\" content=\"https:\/\/paulinenaue.info\/index.php\/volkssolidaritaet\/\" \/>\n<meta property=\"og:site_name\" content=\"Paulinenaue\" \/>\n<meta property=\"article:modified_time\" content=\"2024-06-02T19:48:53+00:00\" \/>\n<meta property=\"og:image\" content=\"https:\/\/paulinenaue.info\/wp-content\/uploads\/2017\/10\/2000px-Signet_Volkssolidaritaet.svg_.png\" \/>\n\t<meta property=\"og:image:width\" content=\"2000\" \/>\n\t<meta property=\"og:image:height\" content=\"2828\" \/>\n\t<meta property=\"og:image:type\" content=\"image\/png\" \/>\n<meta name=\"twitter:card\" content=\"summary_large_image\" \/>\n<meta name=\"twitter:label1\" content=\"Gesch\u00e4tzte Lesezeit\" \/>\n\t<meta name=\"twitter:data1\" content=\"1\u00a0Minute\" \/>\n<script type=\"application\/ld+json\" class=\"yoast-schema-graph\">{\"@context\":\"https:\\\/\\\/schema.org\",\"@graph\":[{\"@type\":\"WebPage\",\"@id\":\"https:\\\/\\\/paulinenaue.info\\\/index.php\\\/volkssolidaritaet\\\/\",\"url\":\"https:\\\/\\\/paulinenaue.info\\\/index.php\\\/volkssolidaritaet\\\/\",\"name\":\"Volkssolidarit\u00e4t - Paulinenaue\",\"isPartOf\":{\"@id\":\"https:\\\/\\\/paulinenaue.info\\\/#website\"},\"primaryImageOfPage\":{\"@id\":\"https:\\\/\\\/paulinenaue.info\\\/index.php\\\/volkssolidaritaet\\\/#primaryimage\"},\"image\":{\"@id\":\"https:\\\/\\\/paulinenaue.info\\\/index.php\\\/volkssolidaritaet\\\/#primaryimage\"},\"thumbnailUrl\":\"https:\\\/\\\/paulinenaue.info\\\/wp-content\\\/uploads\\\/2017\\\/10\\\/2000px-Signet_Volkssolidaritaet.svg_.png\",\"datePublished\":\"2017-10-08T15:50:15+00:00\",\"dateModified\":\"2024-06-02T19:48:53+00:00\",\"breadcrumb\":{\"@id\":\"https:\\\/\\\/paulinenaue.info\\\/index.php\\\/volkssolidaritaet\\\/#breadcrumb\"},\"inLanguage\":\"de\",\"potentialAction\":[{\"@type\":\"ReadAction\",\"target\":[\"https:\\\/\\\/paulinenaue.info\\\/index.php\\\/volkssolidaritaet\\\/\"]}]},{\"@type\":\"ImageObject\",\"inLanguage\":\"de\",\"@id\":\"https:\\\/\\\/paulinenaue.info\\\/index.php\\\/volkssolidaritaet\\\/#primaryimage\",\"url\":\"https:\\\/\\\/paulinenaue.info\\\/wp-content\\\/uploads\\\/2017\\\/10\\\/2000px-Signet_Volkssolidaritaet.svg_.png\",\"contentUrl\":\"https:\\\/\\\/paulinenaue.info\\\/wp-content\\\/uploads\\\/2017\\\/10\\\/2000px-Signet_Volkssolidaritaet.svg_.png\",\"width\":2000,\"height\":2828},{\"@type\":\"BreadcrumbList\",\"@id\":\"https:\\\/\\\/paulinenaue.info\\\/index.php\\\/volkssolidaritaet\\\/#breadcrumb\",\"itemListElement\":[{\"@type\":\"ListItem\",\"position\":1,\"name\":\"Home\",\"item\":\"https:\\\/\\\/paulinenaue.info\\\/\"},{\"@type\":\"ListItem\",\"position\":2,\"name\":\"Volkssolidarit\u00e4t\"}]},{\"@type\":\"WebSite\",\"@id\":\"https:\\\/\\\/paulinenaue.info\\\/#website\",\"url\":\"https:\\\/\\\/paulinenaue.info\\\/\",\"name\":\"Paulinenaue\",\"description\":\"Ein Dorf im Havelland\",\"potentialAction\":[{\"@type\":\"SearchAction\",\"target\":{\"@type\":\"EntryPoint\",\"urlTemplate\":\"https:\\\/\\\/paulinenaue.info\\\/?s={search_term_string}\"},\"query-input\":{\"@type\":\"PropertyValueSpecification\",\"valueRequired\":true,\"valueName\":\"search_term_string\"}}],\"inLanguage\":\"de\"}]}<\/script>\n<!-- \/ Yoast SEO plugin. -->","yoast_head_json":{"title":"Volkssolidarit\u00e4t - Paulinenaue","robots":{"index":"index","follow":"follow","max-snippet":"max-snippet:-1","max-image-preview":"max-image-preview:large","max-video-preview":"max-video-preview:-1"},"canonical":"https:\/\/paulinenaue.info\/index.php\/volkssolidaritaet\/","og_locale":"de_DE","og_type":"article","og_title":"Volkssolidarit\u00e4t - Paulinenaue","og_url":"https:\/\/paulinenaue.info\/index.php\/volkssolidaritaet\/","og_site_name":"Paulinenaue","article_modified_time":"2024-06-02T19:48:53+00:00","og_image":[{"width":2000,"height":2828,"url":"https:\/\/paulinenaue.info\/wp-content\/uploads\/2017\/10\/2000px-Signet_Volkssolidaritaet.svg_.png","type":"image\/png"}],"twitter_card":"summary_large_image","twitter_misc":{"Gesch\u00e4tzte Lesezeit":"1\u00a0Minute"},"schema":{"@context":"https:\/\/schema.org","@graph":[{"@type":"WebPage","@id":"https:\/\/paulinenaue.info\/index.php\/volkssolidaritaet\/","url":"https:\/\/paulinenaue.info\/index.php\/volkssolidaritaet\/","name":"Volkssolidarit\u00e4t - Paulinenaue","isPartOf":{"@id":"https:\/\/paulinenaue.info\/#website"},"primaryImageOfPage":{"@id":"https:\/\/paulinenaue.info\/index.php\/volkssolidaritaet\/#primaryimage"},"image":{"@id":"https:\/\/paulinenaue.info\/index.php\/volkssolidaritaet\/#primaryimage"},"thumbnailUrl":"https:\/\/paulinenaue.info\/wp-content\/uploads\/2017\/10\/2000px-Signet_Volkssolidaritaet.svg_.png","datePublished":"2017-10-08T15:50:15+00:00","dateModified":"2024-06-02T19:48:53+00:00","breadcrumb":{"@id":"https:\/\/paulinenaue.info\/index.php\/volkssolidaritaet\/#breadcrumb"},"inLanguage":"de","potentialAction":[{"@type":"ReadAction","target":["https:\/\/paulinenaue.info\/index.php\/volkssolidaritaet\/"]}]},{"@type":"ImageObject","inLanguage":"de","@id":"https:\/\/paulinenaue.info\/index.php\/volkssolidaritaet\/#primaryimage","url":"https:\/\/paulinenaue.info\/wp-content\/uploads\/2017\/10\/2000px-Signet_Volkssolidaritaet.svg_.png","contentUrl":"https:\/\/paulinenaue.info\/wp-content\/uploads\/2017\/10\/2000px-Signet_Volkssolidaritaet.svg_.png","width":2000,"height":2828},{"@type":"BreadcrumbList","@id":"https:\/\/paulinenaue.info\/index.php\/volkssolidaritaet\/#breadcrumb","itemListElement":[{"@type":"ListItem","position":1,"name":"Home","item":"https:\/\/paulinenaue.info\/"},{"@type":"ListItem","position":2,"name":"Volkssolidarit\u00e4t"}]},{"@type":"WebSite","@id":"https:\/\/paulinenaue.info\/#website","url":"https:\/\/paulinenaue.info\/","name":"Paulinenaue","description":"Ein Dorf im Havelland","potentialAction":[{"@type":"SearchAction","target":{"@type":"EntryPoint","urlTemplate":"https:\/\/paulinenaue.info\/?s={search_term_string}"},"query-input":{"@type":"PropertyValueSpecification","valueRequired":true,"valueName":"search_term_string"}}],"inLanguage":"de"}]}},"jetpack_sharing_enabled":true,"jetpack_shortlink":"https:\/\/wp.me\/PcYhWA-pS","jetpack-related-posts":[{"id":5628,"url":"https:\/\/paulinenaue.info\/","url_meta":{"origin":1604,"position":0},"title":"Paulinenaue im Havelland","author":"Elisa","date":"8. April 2021","format":false,"excerpt":"","rel":"","context":"\u00c4hnlicher Beitrag","block_context":{"text":"\u00c4hnlicher Beitrag","link":""},"img":{"alt_text":"","src":"https:\/\/i0.wp.com\/paulinenaue.info\/wp-content\/uploads\/2024\/05\/C2CC9C77-D9E8-4303-9399-8FF00878493B_1_201_a-scaled.jpeg?resize=350%2C200&ssl=1","width":350,"height":200,"srcset":"https:\/\/i0.wp.com\/paulinenaue.info\/wp-content\/uploads\/2024\/05\/C2CC9C77-D9E8-4303-9399-8FF00878493B_1_201_a-scaled.jpeg?resize=350%2C200&ssl=1 1x, https:\/\/i0.wp.com\/paulinenaue.info\/wp-content\/uploads\/2024\/05\/C2CC9C77-D9E8-4303-9399-8FF00878493B_1_201_a-scaled.jpeg?resize=525%2C300&ssl=1 1.5x, https:\/\/i0.wp.com\/paulinenaue.info\/wp-content\/uploads\/2024\/05\/C2CC9C77-D9E8-4303-9399-8FF00878493B_1_201_a-scaled.jpeg?resize=700%2C400&ssl=1 2x, https:\/\/i0.wp.com\/paulinenaue.info\/wp-content\/uploads\/2024\/05\/C2CC9C77-D9E8-4303-9399-8FF00878493B_1_201_a-scaled.jpeg?resize=1050%2C600&ssl=1 3x, https:\/\/i0.wp.com\/paulinenaue.info\/wp-content\/uploads\/2024\/05\/C2CC9C77-D9E8-4303-9399-8FF00878493B_1_201_a-scaled.jpeg?resize=1400%2C800&ssl=1 4x"},"classes":[]},{"id":374,"url":"https:\/\/paulinenaue.info\/index.php\/kita-verein\/","url_meta":{"origin":1604,"position":1},"title":"KITA-Verein","author":"Elisa","date":"22. M\u00e4rz 2016","format":false,"excerpt":"","rel":"","context":"\u00c4hnlicher Beitrag","block_context":{"text":"\u00c4hnlicher Beitrag","link":""},"img":{"alt_text":"","src":"","width":0,"height":0},"classes":[]},{"id":324201,"url":"https:\/\/paulinenaue.info\/index.php\/tourismus\/geocaching\/","url_meta":{"origin":1604,"position":2},"title":"Geocaching in Paulinenaue","author":"Konstantin von der Waydbrink","date":"28. Juli 2022","format":false,"excerpt":"","rel":"","context":"\u00c4hnlicher Beitrag","block_context":{"text":"\u00c4hnlicher Beitrag","link":""},"img":{"alt_text":"","src":"https:\/\/i0.wp.com\/paulinenaue.info\/wp-content\/uploads\/2026\/03\/Paulinenaue-Geocaching-Ausschnitt.jpg?resize=350%2C200&ssl=1","width":350,"height":200,"srcset":"https:\/\/i0.wp.com\/paulinenaue.info\/wp-content\/uploads\/2026\/03\/Paulinenaue-Geocaching-Ausschnitt.jpg?resize=350%2C200&ssl=1 1x, https:\/\/i0.wp.com\/paulinenaue.info\/wp-content\/uploads\/2026\/03\/Paulinenaue-Geocaching-Ausschnitt.jpg?resize=525%2C300&ssl=1 1.5x, https:\/\/i0.wp.com\/paulinenaue.info\/wp-content\/uploads\/2026\/03\/Paulinenaue-Geocaching-Ausschnitt.jpg?resize=700%2C400&ssl=1 2x"},"classes":[]},{"id":26,"url":"https:\/\/paulinenaue.info\/index.php\/tourismus\/","url_meta":{"origin":1604,"position":3},"title":"Paulinenaue entdecken","author":"Elisa","date":"29. Oktober 2015","format":false,"excerpt":"","rel":"","context":"\u00c4hnlicher Beitrag","block_context":{"text":"\u00c4hnlicher Beitrag","link":""},"img":{"alt_text":"","src":"https:\/\/i0.wp.com\/paulinenaue.info\/wp-content\/uploads\/2025\/03\/A64D5D60-47E7-45E8-BFE3-0678F0147972_1_201_a-1200x378.jpeg?resize=350%2C200&ssl=1","width":350,"height":200,"srcset":"https:\/\/i0.wp.com\/paulinenaue.info\/wp-content\/uploads\/2025\/03\/A64D5D60-47E7-45E8-BFE3-0678F0147972_1_201_a-1200x378.jpeg?resize=350%2C200&ssl=1 1x, https:\/\/i0.wp.com\/paulinenaue.info\/wp-content\/uploads\/2025\/03\/A64D5D60-47E7-45E8-BFE3-0678F0147972_1_201_a-1200x378.jpeg?resize=525%2C300&ssl=1 1.5x, https:\/\/i0.wp.com\/paulinenaue.info\/wp-content\/uploads\/2025\/03\/A64D5D60-47E7-45E8-BFE3-0678F0147972_1_201_a-1200x378.jpeg?resize=700%2C400&ssl=1 2x, https:\/\/i0.wp.com\/paulinenaue.info\/wp-content\/uploads\/2025\/03\/A64D5D60-47E7-45E8-BFE3-0678F0147972_1_201_a-1200x378.jpeg?resize=1050%2C600&ssl=1 3x"},"classes":[]},{"id":6530,"url":"https:\/\/paulinenaue.info\/index.php\/neuigkeiten-aus-paulinenaue-2003-2014\/","url_meta":{"origin":1604,"position":4},"title":"Neuigkeiten aus Paulinenaue (2003\u20132014)","author":"Joachim Scholz","date":"29. Dezember 2021","format":false,"excerpt":"","rel":"","context":"\u00c4hnlicher Beitrag","block_context":{"text":"\u00c4hnlicher Beitrag","link":""},"img":{"alt_text":"","src":"","width":0,"height":0},"classes":[]}],"ticketed":false,"_links":{"self":[{"href":"https:\/\/paulinenaue.info\/index.php\/wp-json\/wp\/v2\/pages\/1604","targetHints":{"allow":["GET"]}}],"collection":[{"href":"https:\/\/paulinenaue.info\/index.php\/wp-json\/wp\/v2\/pages"}],"about":[{"href":"https:\/\/paulinenaue.info\/index.php\/wp-json\/wp\/v2\/types\/page"}],"author":[{"embeddable":true,"href":"https:\/\/paulinenaue.info\/index.php\/wp-json\/wp\/v2\/users\/3"}],"replies":[{"embeddable":true,"href":"https:\/\/paulinenaue.info\/index.php\/wp-json\/wp\/v2\/comments?post=1604"}],"version-history":[{"count":70,"href":"https:\/\/paulinenaue.info\/index.php\/wp-json\/wp\/v2\/pages\/1604\/revisions"}],"predecessor-version":[{"id":416418,"href":"https:\/\/paulinenaue.info\/index.php\/wp-json\/wp\/v2\/pages\/1604\/revisions\/416418"}],"wp:featuredmedia":[{"embeddable":true,"href":"https:\/\/paulinenaue.info\/index.php\/wp-json\/wp\/v2\/media\/1607"}],"wp:attachment":[{"href":"https:\/\/paulinenaue.info\/index.php\/wp-json\/wp\/v2\/media?parent=1604"}],"curies":[{"name":"wp","href":"https:\/\/api.w.org\/{rel}","templated":true}]}}