{"id":32,"date":"2015-10-29T17:07:37","date_gmt":"2015-10-29T16:07:37","guid":{"rendered":"https:\/\/sudile.com\/paue\/?page_id=32"},"modified":"2025-03-14T12:43:15","modified_gmt":"2025-03-14T11:43:15","slug":"geschichten","status":"publish","type":"page","link":"https:\/\/paulinenaue.info\/index.php\/geschichten\/","title":{"rendered":"Historischer \u00dcberblick"},"content":{"rendered":"<h3 class=\"widget-title\">\u00c4ltere Geschichte<\/h3>\n<p>In den eiszeitlich gepr\u00e4gten Moorwiesen des Havell\u00e4ndischen Luches liegt auf einer Talsandinsel Paulinenaue. Das jetzige Dorfgebiet, das bereits in der r\u00f6mischen Kaiserzeit besiedelt gewesen ist, findet 1390 eine erste urkundliche Erw\u00e4hnung, als Hasso von Bredow die Heideberge, das Gebiet zwischen Lindholz und L\u00fctsche, an das Domkapitel zu Brandenburg verkaufte. Eine Meierei im Besitz der\u00a0aus der Gegend um Wolmirstedt stammenden Familie von Bardeleben, wird um 1400 erw\u00e4hnt. Die Schmettausche Karte von 1774 zeigt das Vorwerk im Lindholz als eines \u201eaus dreyen voneinander abgesonderte[n] Meiereien\u201c (B\u00fcsching, 1780). Nur 17 Einwohner bev\u00f6lkerten um 1800 die drei Vorwerke im Luch, die heute Paulinenaue, Bienenfarm und Lindholzfarm hei\u00dfen.<\/p>\n<h3 class=\"widget-title\">Das Gut Paulinenaue<\/h3>\n<p>Bardelebens Meierei wurde 1420 erstmals erw\u00e4hnt. Das kleine vierseitige Vorwerk war Ausgangspunkt der Ortsbesiedlung. 1832 wurde die Meierei an den Pessiner Landadligen Friedrich Wilhelm von Knoblauch verkauft. Als dieser im Jahr darauf Pauline von Bardeleben heiratete, wurde das Vorwerk ihr zu Ehren\u00a0in Paulinenaue umbenannt. Seit 1924 ist Paulinenaue selbst\u00e4ndige Gemeinde. Im fr\u00fchen 20. Jahrhundert erhielten Schloss und Gut ihre heutige Gestalt (Aufstockung des Gutshauses, Erweiterung der Scheunen und St\u00e4lle). Nach dem Krieg wurde das Ensemble dem neu gegr\u00fcndeten landwirtschaftlichen Institut \u00fcbergeben. Das Schloss wurde zum G\u00e4stehaus des Institutes, das Gutsgel\u00e4nde 1973 dem\u00a0<abbr title=\"Volkseigenes Gut\">VEG<\/abbr>\u00a0Pflanzenproduktion Selbelang angeschlossen. Schloss und Gutsbetrieb h\u00e4ngen seither funktional nicht mehr zusammen. Im Schloss sind seit der Sanierung 2010 altersgerechte Wohnungen entstanden. Durch den Abriss der Ostgeb\u00e4ude hat der Hof mittlerweile die f\u00fcr Brandenburg typische Kastengestalt verloren. Der Speicher und die beiden Stallgeb\u00e4ude aber blieben erhalten und werden nach ihrem Verkauf 2012 von privater Hand entwickelt und ebenfalls restauriert.<\/p>\n<h3 class=\"widget-title\">Die Eisenbahn<\/h3>\n<p>Im Laufe des 19. Jahrhunderts entwickelte sich Paulinenaue weiter zu einem Ort, der sich von den umliegenden Bauernd\u00f6rfern recht deutlich unterschied. Das lag an der Eisenbahn, die seit der Mitte des Jahrhunderts gleichberechtigt neben den Gutsbetrieb trat und Paulinenaue mehr und mehr den Charakter einer Bahnbeamtenkolonie verlieh. Am 15.10.1846 er\u00f6ffnete die Bahnlinie Berlin-Hamburg. Von den drei Vorwerken im Lindholz\u00a0erhielt Paulinenaue einen Bahnhof\u00a0und damit den wohl wichtigsten Impuls der Ortsgeschichte. Zus\u00e4tzlich er\u00f6ffnete 1880 eine Strecke nach Neuruppin. Paulinenaue wurde somit Umsteigebahnhof und erhielt 1883 sein repr\u00e4sentatives Bahnhofsgeb\u00e4ude und mehrere andere Geb\u00e4ude im gleichen Stil, die heute noch ortsbildpr\u00e4gend sind. Eine Kleinbahn verband Paulinenaue von 1900 bis 1923 mit Rathenow. Die beiden letztgenannten Strecken sind heute stillgelegt und gr\u00f6\u00dftenteils demontiert, w\u00e4hrend die Hauptstrecke Mitte der 1990er Jahre\u00a0<abbr title=\"Inter-City-Express\">ICE<\/abbr>-tauglich ausgebaut wurde.<\/p>\n<h3 class=\"widget-title\">Das Landwirtschaftsinstitut<\/h3>\n<p>Von entscheidender Bedeutung f\u00fcr die Entwicklung Paulinenaues war auch die Gr\u00fcndung des \u201eInstitutes zur Steigerung der Pflanzenertr\u00e4ge\u201c durch Eilhard Alfred Mitscherlich (1874-1956), der in den Wirren des 2. Weltkrieges nach Paulinenaue geriet. In hohem Alter beschloss er hier seine Karriere und liegt auf dem Paulinenauer Friedhof begraben. Mit Professor Asmus Petersen (1900-1962) kam 1956 ein weiterer bedeutender Landwirtschaftswissenschaftler an das Institut. Die meisten Institutsgeb\u00e4ude befinden sich im westlichen Teil des ehemaligen Gutsparkes. 1988 entstand mit dem Laborgeb\u00e4ude der letzte gro\u00dfe Neubau des Institutes. Paulinenaue war schon unter Mitscherlich zum Wissenschaftsstandort von internationaler Bedeutung gewachsen. An das Paulinenauer Institut, das von 1957-1972 \u201eInstitut f\u00fcr Gr\u00fcnland- und Moorforschung\u201c, dann in der gesamten DDR-Zeit \u201eInstitut f\u00fcr Futterproduktion\u201c hie\u00df, f\u00fchrte 1977 eine Exkursion des \u201eXIII. Internationale Graslandkongresses\u201c. Heute ist das Institut in verschiedene kleinere Forschungseinrichtungen aufgeteilt. In den 1980er Jahren erreichte die Einwohnerzahl der Gemeinde mit 1300 ihr Maximum, die sie selbst nach der Eingemeindung von Selbelang im Jahr 2003 lange nicht wieder erreichte.<\/p>\n","protected":false},"excerpt":{"rendered":"<p>\u00c4ltere Geschichte In den eiszeitlich gepr\u00e4gten Moorwiesen des Havell\u00e4ndischen Luches [&hellip;]<\/p>\n","protected":false},"author":2,"featured_media":0,"parent":0,"menu_order":0,"comment_status":"closed","ping_status":"closed","template":"","meta":{"_acf_changed":false,"_price":"","_stock":"","_tribe_ticket_header":"","_tribe_default_ticket_provider":"","_tribe_ticket_capacity":"0","_ticket_start_date":"","_ticket_end_date":"","_tribe_ticket_show_description":"","_tribe_ticket_show_not_going":false,"_tribe_ticket_use_global_stock":"","_tribe_ticket_global_stock_level":"","_global_stock_mode":"","_global_stock_cap":"","_tribe_rsvp_for_event":"","_tribe_ticket_going_count":"","_tribe_ticket_not_going_count":"","_tribe_tickets_list":"[]","_tribe_ticket_has_attendee_info_fields":false,"footnotes":"","_tec_slr_enabled":"","_tec_slr_layout":""},"class_list":["post-32","page","type-page","status-publish","hentry"],"acf":[],"yoast_head":"<!-- This site is optimized with the Yoast SEO plugin v27.6 - https:\/\/yoast.com\/product\/yoast-seo-wordpress\/ -->\n<title>Historischer \u00dcberblick - Paulinenaue<\/title>\n<meta name=\"robots\" content=\"index, follow, max-snippet:-1, max-image-preview:large, max-video-preview:-1\" \/>\n<link rel=\"canonical\" href=\"https:\/\/paulinenaue.info\/index.php\/geschichten\/\" \/>\n<meta property=\"og:locale\" content=\"de_DE\" \/>\n<meta property=\"og:type\" content=\"article\" \/>\n<meta property=\"og:title\" content=\"Historischer \u00dcberblick - Paulinenaue\" \/>\n<meta property=\"og:description\" content=\"\u00c4ltere Geschichte In den eiszeitlich gepr\u00e4gten Moorwiesen des Havell\u00e4ndischen Luches [&hellip;]\" \/>\n<meta property=\"og:url\" content=\"https:\/\/paulinenaue.info\/index.php\/geschichten\/\" \/>\n<meta property=\"og:site_name\" content=\"Paulinenaue\" \/>\n<meta property=\"article:modified_time\" content=\"2025-03-14T11:43:15+00:00\" \/>\n<meta name=\"twitter:card\" content=\"summary_large_image\" \/>\n<meta name=\"twitter:label1\" content=\"Gesch\u00e4tzte Lesezeit\" \/>\n\t<meta name=\"twitter:data1\" content=\"4\u00a0Minuten\" \/>\n<script type=\"application\/ld+json\" class=\"yoast-schema-graph\">{\"@context\":\"https:\\\/\\\/schema.org\",\"@graph\":[{\"@type\":\"WebPage\",\"@id\":\"https:\\\/\\\/paulinenaue.info\\\/index.php\\\/geschichten\\\/\",\"url\":\"https:\\\/\\\/paulinenaue.info\\\/index.php\\\/geschichten\\\/\",\"name\":\"Historischer \u00dcberblick - Paulinenaue\",\"isPartOf\":{\"@id\":\"https:\\\/\\\/paulinenaue.info\\\/#website\"},\"datePublished\":\"2015-10-29T16:07:37+00:00\",\"dateModified\":\"2025-03-14T11:43:15+00:00\",\"breadcrumb\":{\"@id\":\"https:\\\/\\\/paulinenaue.info\\\/index.php\\\/geschichten\\\/#breadcrumb\"},\"inLanguage\":\"de\",\"potentialAction\":[{\"@type\":\"ReadAction\",\"target\":[\"https:\\\/\\\/paulinenaue.info\\\/index.php\\\/geschichten\\\/\"]}]},{\"@type\":\"BreadcrumbList\",\"@id\":\"https:\\\/\\\/paulinenaue.info\\\/index.php\\\/geschichten\\\/#breadcrumb\",\"itemListElement\":[{\"@type\":\"ListItem\",\"position\":1,\"name\":\"Home\",\"item\":\"https:\\\/\\\/paulinenaue.info\\\/\"},{\"@type\":\"ListItem\",\"position\":2,\"name\":\"Historischer \u00dcberblick\"}]},{\"@type\":\"WebSite\",\"@id\":\"https:\\\/\\\/paulinenaue.info\\\/#website\",\"url\":\"https:\\\/\\\/paulinenaue.info\\\/\",\"name\":\"Paulinenaue\",\"description\":\"Ein Dorf im Havelland\",\"potentialAction\":[{\"@type\":\"SearchAction\",\"target\":{\"@type\":\"EntryPoint\",\"urlTemplate\":\"https:\\\/\\\/paulinenaue.info\\\/?s={search_term_string}\"},\"query-input\":{\"@type\":\"PropertyValueSpecification\",\"valueRequired\":true,\"valueName\":\"search_term_string\"}}],\"inLanguage\":\"de\"}]}<\/script>\n<!-- \/ Yoast SEO plugin. -->","yoast_head_json":{"title":"Historischer \u00dcberblick - Paulinenaue","robots":{"index":"index","follow":"follow","max-snippet":"max-snippet:-1","max-image-preview":"max-image-preview:large","max-video-preview":"max-video-preview:-1"},"canonical":"https:\/\/paulinenaue.info\/index.php\/geschichten\/","og_locale":"de_DE","og_type":"article","og_title":"Historischer \u00dcberblick - Paulinenaue","og_description":"\u00c4ltere Geschichte In den eiszeitlich gepr\u00e4gten Moorwiesen des Havell\u00e4ndischen Luches [&hellip;]","og_url":"https:\/\/paulinenaue.info\/index.php\/geschichten\/","og_site_name":"Paulinenaue","article_modified_time":"2025-03-14T11:43:15+00:00","twitter_card":"summary_large_image","twitter_misc":{"Gesch\u00e4tzte Lesezeit":"4\u00a0Minuten"},"schema":{"@context":"https:\/\/schema.org","@graph":[{"@type":"WebPage","@id":"https:\/\/paulinenaue.info\/index.php\/geschichten\/","url":"https:\/\/paulinenaue.info\/index.php\/geschichten\/","name":"Historischer \u00dcberblick - Paulinenaue","isPartOf":{"@id":"https:\/\/paulinenaue.info\/#website"},"datePublished":"2015-10-29T16:07:37+00:00","dateModified":"2025-03-14T11:43:15+00:00","breadcrumb":{"@id":"https:\/\/paulinenaue.info\/index.php\/geschichten\/#breadcrumb"},"inLanguage":"de","potentialAction":[{"@type":"ReadAction","target":["https:\/\/paulinenaue.info\/index.php\/geschichten\/"]}]},{"@type":"BreadcrumbList","@id":"https:\/\/paulinenaue.info\/index.php\/geschichten\/#breadcrumb","itemListElement":[{"@type":"ListItem","position":1,"name":"Home","item":"https:\/\/paulinenaue.info\/"},{"@type":"ListItem","position":2,"name":"Historischer \u00dcberblick"}]},{"@type":"WebSite","@id":"https:\/\/paulinenaue.info\/#website","url":"https:\/\/paulinenaue.info\/","name":"Paulinenaue","description":"Ein Dorf im Havelland","potentialAction":[{"@type":"SearchAction","target":{"@type":"EntryPoint","urlTemplate":"https:\/\/paulinenaue.info\/?s={search_term_string}"},"query-input":{"@type":"PropertyValueSpecification","valueRequired":true,"valueName":"search_term_string"}}],"inLanguage":"de"}]}},"jetpack_sharing_enabled":true,"jetpack_shortlink":"https:\/\/wp.me\/PcYhWA-w","jetpack-related-posts":[{"id":415066,"url":"https:\/\/paulinenaue.info\/index.php\/aus-der-ortsgeschichte-von-paulinenaue\/","url_meta":{"origin":32,"position":0},"title":"Aus der Ortsgeschichte von Paulinenaue","author":"Joachim Scholz","date":"18. M\u00e4rz 2023","format":false,"excerpt":"Aus der Ortsgeschichte von Paulinenaue von Georg Drasch\u00e9 (1966) Georg Drasch\u00e9 (1929\u20132014) Mit der Gr\u00fcndung unseres Institutes verschob sich der Schwerpunkt der Gr\u00fcnland- und Moorforschung in der DDR nach Pau\u00adlinenaue, und so schlie\u00dft sich nach fast einem Vierteljahrtausend der Kreis: War vor 250 Jahren das Amt K\u00f6nigshorst Schrittmacher, Lehr- und\u2026","rel":"","context":"\u00c4hnlicher Beitrag","block_context":{"text":"\u00c4hnlicher Beitrag","link":""},"img":{"alt_text":"","src":"https:\/\/i0.wp.com\/paulinenaue.info\/wp-content\/uploads\/2023\/03\/Drasche.jpg?resize=350%2C200&ssl=1","width":350,"height":200},"classes":[]},{"id":417235,"url":"https:\/\/paulinenaue.info\/index.php\/das-paulinenauer-bahnhofsgebaeude\/","url_meta":{"origin":32,"position":1},"title":"Das Paulinenauer Bahnhofsgeb\u00e4ude","author":"Joachim Scholz","date":"22. M\u00e4rz 2025","format":false,"excerpt":"","rel":"","context":"\u00c4hnlicher Beitrag","block_context":{"text":"\u00c4hnlicher Beitrag","link":""},"img":{"alt_text":"","src":"https:\/\/i0.wp.com\/paulinenaue.info\/wp-content\/uploads\/2025\/03\/2012-09-09-Tag-des-offenen-Denkmals-Bahnhof-01.jpeg?resize=350%2C200&ssl=1","width":350,"height":200,"srcset":"https:\/\/i0.wp.com\/paulinenaue.info\/wp-content\/uploads\/2025\/03\/2012-09-09-Tag-des-offenen-Denkmals-Bahnhof-01.jpeg?resize=350%2C200&ssl=1 1x, https:\/\/i0.wp.com\/paulinenaue.info\/wp-content\/uploads\/2025\/03\/2012-09-09-Tag-des-offenen-Denkmals-Bahnhof-01.jpeg?resize=525%2C300&ssl=1 1.5x, https:\/\/i0.wp.com\/paulinenaue.info\/wp-content\/uploads\/2025\/03\/2012-09-09-Tag-des-offenen-Denkmals-Bahnhof-01.jpeg?resize=700%2C400&ssl=1 2x"},"classes":[]},{"id":6464,"url":"https:\/\/paulinenaue.info\/index.php\/paulinenaue-eine-ortschronik-aus-dem-havelland\/","url_meta":{"origin":32,"position":2},"title":"Paulinenaue: Eine Ortschronik aus dem Havelland","author":"Joachim Scholz","date":"18. Juni 2003","format":false,"excerpt":"","rel":"","context":"\u00c4hnlicher Beitrag","block_context":{"text":"\u00c4hnlicher Beitrag","link":""},"img":{"alt_text":"","src":"https:\/\/i0.wp.com\/paulinenaue.info\/wp-content\/uploads\/2021\/12\/Gu%CC%88nther-Wacker-214x300.jpg?resize=350%2C200&ssl=1","width":350,"height":200},"classes":[]},{"id":75,"url":"https:\/\/paulinenaue.info\/index.php\/kartothek\/","url_meta":{"origin":32,"position":3},"title":"Kartothek","author":"Elisa","date":"22. M\u00e4rz 2016","format":false,"excerpt":"Ausschnitt aus der Karte \u201eLandt Brandenburg\u201c, 1632 Die Karte mit dem Titel \u201eLandt Brandenburg\u201c stammt aus dem Kriegsarchiv Stockholm. Sie wurde in der Zeit des Drei\u00dfigj\u00e4hrigen Krieges (1618-1648) von Olaf Hansson Swartt, einem schwedischen Kriegskartografen, angefertigt und ist die erste, die das Havelland genauer abbildet. \u00c4ltere Karten, z.B. die gestochene\u2026","rel":"","context":"\u00c4hnlicher Beitrag","block_context":{"text":"\u00c4hnlicher Beitrag","link":""},"img":{"alt_text":"Das Lindholz Karte Paulinenaue fr\u00fcher","src":"https:\/\/i0.wp.com\/paulinenaue.info\/wp-content\/uploads\/2015\/10\/1774_schmettau.jpg?resize=350%2C200&ssl=1","width":350,"height":200},"classes":[]},{"id":71,"url":"https:\/\/paulinenaue.info\/index.php\/geschichten-2\/","url_meta":{"origin":32,"position":4},"title":"Geschichte(n)","author":"Elisa","date":"22. M\u00e4rz 2016","format":false,"excerpt":"","rel":"","context":"\u00c4hnlicher Beitrag","block_context":{"text":"\u00c4hnlicher Beitrag","link":""},"img":{"alt_text":"","src":"https:\/\/i0.wp.com\/paulinenaue.info\/wp-content\/uploads\/2025\/03\/1899-Gasthof-Zu-den-drei-Landkreisen-400x228.jpeg?resize=350%2C200&ssl=1","width":350,"height":200},"classes":[]},{"id":453,"url":"https:\/\/paulinenaue.info\/index.php\/sportvereine\/","url_meta":{"origin":32,"position":5},"title":"Sportvereine","author":"Elisa","date":"22. M\u00e4rz 2016","format":false,"excerpt":"","rel":"","context":"\u00c4hnlicher Beitrag","block_context":{"text":"\u00c4hnlicher Beitrag","link":""},"img":{"alt_text":"","src":"","width":0,"height":0},"classes":[]}],"ticketed":false,"_links":{"self":[{"href":"https:\/\/paulinenaue.info\/index.php\/wp-json\/wp\/v2\/pages\/32","targetHints":{"allow":["GET"]}}],"collection":[{"href":"https:\/\/paulinenaue.info\/index.php\/wp-json\/wp\/v2\/pages"}],"about":[{"href":"https:\/\/paulinenaue.info\/index.php\/wp-json\/wp\/v2\/types\/page"}],"author":[{"embeddable":true,"href":"https:\/\/paulinenaue.info\/index.php\/wp-json\/wp\/v2\/users\/2"}],"replies":[{"embeddable":true,"href":"https:\/\/paulinenaue.info\/index.php\/wp-json\/wp\/v2\/comments?post=32"}],"version-history":[{"count":17,"href":"https:\/\/paulinenaue.info\/index.php\/wp-json\/wp\/v2\/pages\/32\/revisions"}],"predecessor-version":[{"id":417544,"href":"https:\/\/paulinenaue.info\/index.php\/wp-json\/wp\/v2\/pages\/32\/revisions\/417544"}],"wp:attachment":[{"href":"https:\/\/paulinenaue.info\/index.php\/wp-json\/wp\/v2\/media?parent=32"}],"curies":[{"name":"wp","href":"https:\/\/api.w.org\/{rel}","templated":true}]}}