{"id":372,"date":"2016-03-22T19:19:15","date_gmt":"2016-03-22T18:19:15","guid":{"rendered":"https:\/\/sudile.com\/paue\/?page_id=372"},"modified":"2025-04-16T16:26:44","modified_gmt":"2025-04-16T14:26:44","slug":"feuerwehr","status":"publish","type":"page","link":"https:\/\/paulinenaue.info\/index.php\/feuerwehr\/","title":{"rendered":"Feuerwehr"},"content":{"rendered":"<div class=\"fusion-fullwidth fullwidth-box fusion-builder-row-1 fusion-flex-container nonhundred-percent-fullwidth non-hundred-percent-height-scrolling\" style=\"--awb-border-radius-top-left:0px;--awb-border-radius-top-right:0px;--awb-border-radius-bottom-right:0px;--awb-border-radius-bottom-left:0px;\" ><div class=\"fusion-builder-row fusion-row fusion-flex-align-items-flex-start\" style=\"max-width:1248px;margin-left: calc(-4% \/ 2 );margin-right: calc(-4% \/ 2 );\"><div class=\"fusion-layout-column fusion_builder_column fusion-builder-column-0 fusion_builder_column_3_5 3_5 fusion-flex-column\" style=\"--awb-bg-blend:overlay;--awb-bg-size:cover;--awb-width-large:60%;--awb-margin-top-large:0px;--awb-spacing-right-large:3.84%;--awb-margin-bottom-large:0px;--awb-spacing-left-large:3.2%;--awb-width-medium:60%;--awb-spacing-right-medium:3.84%;--awb-spacing-left-medium:3.2%;--awb-width-small:100%;--awb-spacing-right-small:1.92%;--awb-spacing-left-small:1.92%;\"><div class=\"fusion-column-wrapper fusion-flex-justify-content-flex-start fusion-content-layout-column\"><div class=\"fusion-text fusion-text-1\"><div id=\"pl-372\" class=\"panel-layout\">\n<div id=\"pg-372-0\" class=\"panel-grid panel-no-style\" data-style=\"{\">\n<div id=\"pgc-372-0-0\" class=\"panel-grid-cell\" data-weight=\"0.5\">\n<div id=\"panel-372-0-0-0\" class=\"so-panel widget widget_sow-editor panel-first-child panel-last-child\" data-index=\"0\" data-style=\"{\">\n<div class=\"so-widget-sow-editor so-widget-sow-editor-base\">\n<div class=\"siteorigin-widget-tinymce textwidget\">\n<h3>Freiwillige Feuerwehr Paulinenaue<\/h3>\n<p>Schon im Jahr 1929 fanden sich f\u00fcnf Jahre nach Gr\u00fcndung der Gemeinde Paulinenaue verantwortungsbewusste M\u00e4nner zusammen, um die B\u00fcrger des Dorfes vor Sch\u00e4den durch Feuer zu sch\u00fctzen. Das war die Geburtsstunde der &#8222;Freiwilligen Feuerwehr zu Paulinenaue&#8220;.<\/p>\n<p>Heute z\u00e4hlt die FF Paulinenaue 24 aktive Einsatzkr\u00e4fte, die durchschnittlich etwa 10-15 Eins\u00e4tze im Jahr abarbeiten. Dazu kommen 9 Mitglieder in der Alters- und Ehrenabteilung sowie 19 Mitglieder in der Kinder- und Jugendfeuerwehr.<\/p>\n<p>Im Jahr 1990 gr\u00fcndeten die Mitglieder der FF zudem einen F\u00f6rderverein, um in politisch unruhigen Zeiten einen rechtsf\u00e4higen Rahmen zu schaffen und in kleinem Ma\u00dfstab selbst wirtschaften zu k\u00f6nnen. Der Verein &#8222;Freiwillige Feuerwehr Paulinenaue e.V.&#8220; bildet dabei bis heute mit seinen insgesamt 43 Mitgliedern das organisatorische R\u00fcckgrat bei Festen und Veranstaltungen der Feuerwehr.<\/p>\n<p>Sie haben Interesse an einer aktiven Mitgliedschaft in der Feuerwehr oder im F\u00f6rderverein? Kommen Sie vorbei! Ausbildungsdienste finden regelm\u00e4\u00dfig immer am zweiten Dienstag im Monat statt. Am jeweils darauffolgenden Sonntag treffen wir uns zum Arbeitsdienst. Beide Veranstaltungen bieten hervorragende Gelegenheiten, uns bei den allt\u00e4glichen Aufgaben \u00fcber die Schulter zu schauen oder aber auch mal selbst &#8222;hineinzuschnuppern&#8220;. Wir freuen uns \u00fcber Ihren Besuch!<\/p>\n<p><strong>Kontakt: <\/strong>ff-paulinenaue@web.de<\/p>\n<\/div>\n<\/div>\n<\/div>\n<\/div>\n<\/div>\n<\/div>\n<\/div><\/div><\/div><div class=\"fusion-layout-column fusion_builder_column fusion-builder-column-1 fusion_builder_column_2_5 2_5 fusion-flex-column fusion-flex-align-self-center\" style=\"--awb-bg-size:cover;--awb-width-large:40%;--awb-margin-top-large:0px;--awb-spacing-right-large:4.8%;--awb-margin-bottom-large:20px;--awb-spacing-left-large:4.8%;--awb-width-medium:40%;--awb-order-medium:0;--awb-spacing-right-medium:4.8%;--awb-spacing-left-medium:4.8%;--awb-width-small:100%;--awb-order-small:0;--awb-spacing-right-small:1.92%;--awb-spacing-left-small:1.92%;\"><div class=\"fusion-column-wrapper fusion-column-has-shadow fusion-flex-justify-content-center fusion-content-layout-column\"><div class=\"fusion-video fusion-youtube\" style=\"--awb-max-width:600px;--awb-max-height:360px;--awb-align-self:center;--awb-width:100%;\"><div class=\"video-shortcode\"><div class=\"fluid-width-video-wrapper\" style=\"padding-top:60%;\" ><iframe class=\"fusion-hidden\" data-privacy-type=\"youtube\" src=\"\" title=\"YouTube video player 1\" data-privacy-src=\"https:\/\/www.youtube.com\/embed\/QoHFLYaqtw8?wmode=transparent&autoplay=0\" width=\"600\" height=\"360\" allowfullscreen allow=\"autoplay; fullscreen\"><\/iframe><div class=\"fusion-privacy-placeholder\" style=\"width:600px; height:360px;\" data-privacy-type=\"youtube\"><div class=\"fusion-privacy-placeholder-content\"><div class=\"fusion-privacy-label\">Aus datenschutzrechtlichen Gr\u00fcnden ben\u00f6tigt YouTube Ihre Einwilligung um geladen zu werden.<\/div><a href=\"\" data-privacy-type=\"youtube\" class=\"fusion-button button-default fusion-button-default-size button fusion-privacy-consent\">Akzeptieren<\/a><\/div><\/div><\/div><\/div><\/div><\/div><\/div><\/div><\/div>\n","protected":false},"excerpt":{"rendered":"","protected":false},"author":2,"featured_media":0,"parent":0,"menu_order":0,"comment_status":"closed","ping_status":"closed","template":"","meta":{"_acf_changed":false,"_price":"","_stock":"","_tribe_ticket_header":"","_tribe_default_ticket_provider":"","_tribe_ticket_capacity":"0","_ticket_start_date":"","_ticket_end_date":"","_tribe_ticket_show_description":"","_tribe_ticket_show_not_going":false,"_tribe_ticket_use_global_stock":"","_tribe_ticket_global_stock_level":"","_global_stock_mode":"","_global_stock_cap":"","_tribe_rsvp_for_event":"","_tribe_ticket_going_count":"","_tribe_ticket_not_going_count":"","_tribe_tickets_list":"[]","_tribe_ticket_has_attendee_info_fields":false,"footnotes":"","_tec_slr_enabled":"","_tec_slr_layout":""},"class_list":["post-372","page","type-page","status-publish","hentry"],"acf":[],"yoast_head":"<!-- This site is optimized with the Yoast SEO plugin v27.6 - https:\/\/yoast.com\/product\/yoast-seo-wordpress\/ -->\n<title>Feuerwehr - Paulinenaue<\/title>\n<meta name=\"robots\" content=\"index, follow, max-snippet:-1, max-image-preview:large, max-video-preview:-1\" \/>\n<link rel=\"canonical\" href=\"https:\/\/paulinenaue.info\/index.php\/feuerwehr\/\" \/>\n<meta property=\"og:locale\" content=\"de_DE\" \/>\n<meta property=\"og:type\" content=\"article\" \/>\n<meta property=\"og:title\" content=\"Feuerwehr - Paulinenaue\" \/>\n<meta property=\"og:url\" content=\"https:\/\/paulinenaue.info\/index.php\/feuerwehr\/\" \/>\n<meta property=\"og:site_name\" content=\"Paulinenaue\" \/>\n<meta property=\"article:modified_time\" content=\"2025-04-16T14:26:44+00:00\" \/>\n<meta name=\"twitter:card\" content=\"summary_large_image\" \/>\n<meta name=\"twitter:label1\" content=\"Gesch\u00e4tzte Lesezeit\" \/>\n\t<meta name=\"twitter:data1\" content=\"2\u00a0Minuten\" \/>\n<script type=\"application\/ld+json\" class=\"yoast-schema-graph\">{\"@context\":\"https:\\\/\\\/schema.org\",\"@graph\":[{\"@type\":\"WebPage\",\"@id\":\"https:\\\/\\\/paulinenaue.info\\\/index.php\\\/feuerwehr\\\/\",\"url\":\"https:\\\/\\\/paulinenaue.info\\\/index.php\\\/feuerwehr\\\/\",\"name\":\"Feuerwehr - Paulinenaue\",\"isPartOf\":{\"@id\":\"https:\\\/\\\/paulinenaue.info\\\/#website\"},\"datePublished\":\"2016-03-22T18:19:15+00:00\",\"dateModified\":\"2025-04-16T14:26:44+00:00\",\"breadcrumb\":{\"@id\":\"https:\\\/\\\/paulinenaue.info\\\/index.php\\\/feuerwehr\\\/#breadcrumb\"},\"inLanguage\":\"de\",\"potentialAction\":[{\"@type\":\"ReadAction\",\"target\":[\"https:\\\/\\\/paulinenaue.info\\\/index.php\\\/feuerwehr\\\/\"]}]},{\"@type\":\"BreadcrumbList\",\"@id\":\"https:\\\/\\\/paulinenaue.info\\\/index.php\\\/feuerwehr\\\/#breadcrumb\",\"itemListElement\":[{\"@type\":\"ListItem\",\"position\":1,\"name\":\"Home\",\"item\":\"https:\\\/\\\/paulinenaue.info\\\/\"},{\"@type\":\"ListItem\",\"position\":2,\"name\":\"Feuerwehr\"}]},{\"@type\":\"WebSite\",\"@id\":\"https:\\\/\\\/paulinenaue.info\\\/#website\",\"url\":\"https:\\\/\\\/paulinenaue.info\\\/\",\"name\":\"Paulinenaue\",\"description\":\"Ein Dorf im Havelland\",\"potentialAction\":[{\"@type\":\"SearchAction\",\"target\":{\"@type\":\"EntryPoint\",\"urlTemplate\":\"https:\\\/\\\/paulinenaue.info\\\/?s={search_term_string}\"},\"query-input\":{\"@type\":\"PropertyValueSpecification\",\"valueRequired\":true,\"valueName\":\"search_term_string\"}}],\"inLanguage\":\"de\"}]}<\/script>\n<!-- \/ Yoast SEO plugin. -->","yoast_head_json":{"title":"Feuerwehr - Paulinenaue","robots":{"index":"index","follow":"follow","max-snippet":"max-snippet:-1","max-image-preview":"max-image-preview:large","max-video-preview":"max-video-preview:-1"},"canonical":"https:\/\/paulinenaue.info\/index.php\/feuerwehr\/","og_locale":"de_DE","og_type":"article","og_title":"Feuerwehr - Paulinenaue","og_url":"https:\/\/paulinenaue.info\/index.php\/feuerwehr\/","og_site_name":"Paulinenaue","article_modified_time":"2025-04-16T14:26:44+00:00","twitter_card":"summary_large_image","twitter_misc":{"Gesch\u00e4tzte Lesezeit":"2\u00a0Minuten"},"schema":{"@context":"https:\/\/schema.org","@graph":[{"@type":"WebPage","@id":"https:\/\/paulinenaue.info\/index.php\/feuerwehr\/","url":"https:\/\/paulinenaue.info\/index.php\/feuerwehr\/","name":"Feuerwehr - Paulinenaue","isPartOf":{"@id":"https:\/\/paulinenaue.info\/#website"},"datePublished":"2016-03-22T18:19:15+00:00","dateModified":"2025-04-16T14:26:44+00:00","breadcrumb":{"@id":"https:\/\/paulinenaue.info\/index.php\/feuerwehr\/#breadcrumb"},"inLanguage":"de","potentialAction":[{"@type":"ReadAction","target":["https:\/\/paulinenaue.info\/index.php\/feuerwehr\/"]}]},{"@type":"BreadcrumbList","@id":"https:\/\/paulinenaue.info\/index.php\/feuerwehr\/#breadcrumb","itemListElement":[{"@type":"ListItem","position":1,"name":"Home","item":"https:\/\/paulinenaue.info\/"},{"@type":"ListItem","position":2,"name":"Feuerwehr"}]},{"@type":"WebSite","@id":"https:\/\/paulinenaue.info\/#website","url":"https:\/\/paulinenaue.info\/","name":"Paulinenaue","description":"Ein Dorf im Havelland","potentialAction":[{"@type":"SearchAction","target":{"@type":"EntryPoint","urlTemplate":"https:\/\/paulinenaue.info\/?s={search_term_string}"},"query-input":{"@type":"PropertyValueSpecification","valueRequired":true,"valueName":"search_term_string"}}],"inLanguage":"de"}]}},"jetpack_sharing_enabled":true,"jetpack_shortlink":"https:\/\/wp.me\/PcYhWA-60","jetpack-related-posts":[{"id":5628,"url":"https:\/\/paulinenaue.info\/","url_meta":{"origin":372,"position":0},"title":"Paulinenaue im Havelland","author":"Elisa","date":"8. April 2021","format":false,"excerpt":"","rel":"","context":"\u00c4hnlicher Beitrag","block_context":{"text":"\u00c4hnlicher Beitrag","link":""},"img":{"alt_text":"","src":"https:\/\/i0.wp.com\/paulinenaue.info\/wp-content\/uploads\/2024\/05\/C2CC9C77-D9E8-4303-9399-8FF00878493B_1_201_a-scaled.jpeg?resize=350%2C200&ssl=1","width":350,"height":200,"srcset":"https:\/\/i0.wp.com\/paulinenaue.info\/wp-content\/uploads\/2024\/05\/C2CC9C77-D9E8-4303-9399-8FF00878493B_1_201_a-scaled.jpeg?resize=350%2C200&ssl=1 1x, https:\/\/i0.wp.com\/paulinenaue.info\/wp-content\/uploads\/2024\/05\/C2CC9C77-D9E8-4303-9399-8FF00878493B_1_201_a-scaled.jpeg?resize=525%2C300&ssl=1 1.5x, https:\/\/i0.wp.com\/paulinenaue.info\/wp-content\/uploads\/2024\/05\/C2CC9C77-D9E8-4303-9399-8FF00878493B_1_201_a-scaled.jpeg?resize=700%2C400&ssl=1 2x, https:\/\/i0.wp.com\/paulinenaue.info\/wp-content\/uploads\/2024\/05\/C2CC9C77-D9E8-4303-9399-8FF00878493B_1_201_a-scaled.jpeg?resize=1050%2C600&ssl=1 3x, https:\/\/i0.wp.com\/paulinenaue.info\/wp-content\/uploads\/2024\/05\/C2CC9C77-D9E8-4303-9399-8FF00878493B_1_201_a-scaled.jpeg?resize=1400%2C800&ssl=1 4x"},"classes":[]},{"id":374,"url":"https:\/\/paulinenaue.info\/index.php\/kita-verein\/","url_meta":{"origin":372,"position":1},"title":"KITA-Verein","author":"Elisa","date":"22. M\u00e4rz 2016","format":false,"excerpt":"","rel":"","context":"\u00c4hnlicher Beitrag","block_context":{"text":"\u00c4hnlicher Beitrag","link":""},"img":{"alt_text":"","src":"","width":0,"height":0},"classes":[]},{"id":324201,"url":"https:\/\/paulinenaue.info\/index.php\/tourismus\/geocaching\/","url_meta":{"origin":372,"position":2},"title":"Geocaching in Paulinenaue","author":"Konstantin von der Waydbrink","date":"28. Juli 2022","format":false,"excerpt":"","rel":"","context":"\u00c4hnlicher Beitrag","block_context":{"text":"\u00c4hnlicher Beitrag","link":""},"img":{"alt_text":"","src":"https:\/\/i0.wp.com\/paulinenaue.info\/wp-content\/uploads\/2026\/03\/Paulinenaue-Geocaching-Ausschnitt.jpg?resize=350%2C200&ssl=1","width":350,"height":200,"srcset":"https:\/\/i0.wp.com\/paulinenaue.info\/wp-content\/uploads\/2026\/03\/Paulinenaue-Geocaching-Ausschnitt.jpg?resize=350%2C200&ssl=1 1x, https:\/\/i0.wp.com\/paulinenaue.info\/wp-content\/uploads\/2026\/03\/Paulinenaue-Geocaching-Ausschnitt.jpg?resize=525%2C300&ssl=1 1.5x, https:\/\/i0.wp.com\/paulinenaue.info\/wp-content\/uploads\/2026\/03\/Paulinenaue-Geocaching-Ausschnitt.jpg?resize=700%2C400&ssl=1 2x"},"classes":[]},{"id":26,"url":"https:\/\/paulinenaue.info\/index.php\/tourismus\/","url_meta":{"origin":372,"position":3},"title":"Paulinenaue entdecken","author":"Elisa","date":"29. Oktober 2015","format":false,"excerpt":"","rel":"","context":"\u00c4hnlicher Beitrag","block_context":{"text":"\u00c4hnlicher Beitrag","link":""},"img":{"alt_text":"","src":"https:\/\/i0.wp.com\/paulinenaue.info\/wp-content\/uploads\/2025\/03\/A64D5D60-47E7-45E8-BFE3-0678F0147972_1_201_a-1200x378.jpeg?resize=350%2C200&ssl=1","width":350,"height":200,"srcset":"https:\/\/i0.wp.com\/paulinenaue.info\/wp-content\/uploads\/2025\/03\/A64D5D60-47E7-45E8-BFE3-0678F0147972_1_201_a-1200x378.jpeg?resize=350%2C200&ssl=1 1x, https:\/\/i0.wp.com\/paulinenaue.info\/wp-content\/uploads\/2025\/03\/A64D5D60-47E7-45E8-BFE3-0678F0147972_1_201_a-1200x378.jpeg?resize=525%2C300&ssl=1 1.5x, https:\/\/i0.wp.com\/paulinenaue.info\/wp-content\/uploads\/2025\/03\/A64D5D60-47E7-45E8-BFE3-0678F0147972_1_201_a-1200x378.jpeg?resize=700%2C400&ssl=1 2x, https:\/\/i0.wp.com\/paulinenaue.info\/wp-content\/uploads\/2025\/03\/A64D5D60-47E7-45E8-BFE3-0678F0147972_1_201_a-1200x378.jpeg?resize=1050%2C600&ssl=1 3x"},"classes":[]},{"id":6530,"url":"https:\/\/paulinenaue.info\/index.php\/neuigkeiten-aus-paulinenaue-2003-2014\/","url_meta":{"origin":372,"position":4},"title":"Neuigkeiten aus Paulinenaue (2003\u20132014)","author":"Joachim Scholz","date":"29. Dezember 2021","format":false,"excerpt":"","rel":"","context":"\u00c4hnlicher Beitrag","block_context":{"text":"\u00c4hnlicher Beitrag","link":""},"img":{"alt_text":"","src":"","width":0,"height":0},"classes":[]}],"ticketed":false,"_links":{"self":[{"href":"https:\/\/paulinenaue.info\/index.php\/wp-json\/wp\/v2\/pages\/372","targetHints":{"allow":["GET"]}}],"collection":[{"href":"https:\/\/paulinenaue.info\/index.php\/wp-json\/wp\/v2\/pages"}],"about":[{"href":"https:\/\/paulinenaue.info\/index.php\/wp-json\/wp\/v2\/types\/page"}],"author":[{"embeddable":true,"href":"https:\/\/paulinenaue.info\/index.php\/wp-json\/wp\/v2\/users\/2"}],"replies":[{"embeddable":true,"href":"https:\/\/paulinenaue.info\/index.php\/wp-json\/wp\/v2\/comments?post=372"}],"version-history":[{"count":9,"href":"https:\/\/paulinenaue.info\/index.php\/wp-json\/wp\/v2\/pages\/372\/revisions"}],"predecessor-version":[{"id":417762,"href":"https:\/\/paulinenaue.info\/index.php\/wp-json\/wp\/v2\/pages\/372\/revisions\/417762"}],"wp:attachment":[{"href":"https:\/\/paulinenaue.info\/index.php\/wp-json\/wp\/v2\/media?parent=372"}],"curies":[{"name":"wp","href":"https:\/\/api.w.org\/{rel}","templated":true}]}}