{"id":417623,"date":"2003-08-10T23:26:44","date_gmt":"2003-08-10T21:26:44","guid":{"rendered":"https:\/\/paulinenaue.info\/?page_id=417623"},"modified":"2025-03-23T23:27:16","modified_gmt":"2025-03-23T22:27:16","slug":"gleissicherung-fuer-die-ice-stecke","status":"publish","type":"page","link":"https:\/\/paulinenaue.info\/index.php\/gleissicherung-fuer-die-ice-stecke\/","title":{"rendered":"Gleissicherung f\u00fcr die ICE-Stecke"},"content":{"rendered":"<div id=\"attachment_417624\" style=\"width: 810px\" class=\"wp-caption alignnone\"><a href=\"https:\/\/paulinenaue.info\/wp-content\/uploads\/2025\/03\/839892C6-B869-40F6-9243-DE7C271A9990_1_105_c.jpeg\"><img decoding=\"async\" aria-describedby=\"caption-attachment-417624\" data-attachment-id=\"417624\" data-permalink=\"https:\/\/paulinenaue.info\/index.php\/gleissicherung-fuer-die-ice-stecke\/839892c6-b869-40f6-9243-de7c271a9990_1_105_c\/\" data-orig-file=\"https:\/\/paulinenaue.info\/wp-content\/uploads\/2025\/03\/839892C6-B869-40F6-9243-DE7C271A9990_1_105_c-e1743241875996.jpeg\" data-orig-size=\"1092,570\" data-comments-opened=\"1\" data-image-meta=\"{&quot;aperture&quot;:&quot;0&quot;,&quot;credit&quot;:&quot;&quot;,&quot;camera&quot;:&quot;&quot;,&quot;caption&quot;:&quot;&quot;,&quot;created_timestamp&quot;:&quot;1219536989&quot;,&quot;copyright&quot;:&quot;&quot;,&quot;focal_length&quot;:&quot;0&quot;,&quot;iso&quot;:&quot;0&quot;,&quot;shutter_speed&quot;:&quot;0&quot;,&quot;title&quot;:&quot;&quot;,&quot;orientation&quot;:&quot;1&quot;}\" data-image-title=\"839892C6-B869-40F6-9243-DE7C271A9990_1_105_c\" data-image-description=\"\" data-image-caption=\"&lt;p&gt;Im August 2003 wird der Bahnsteig des Paulinenauer Bahnhofs f\u00fcr schnelle Vorbeifahrten gesichert. Foto: J. Scholz, 2003.&lt;\/p&gt;\n\" data-large-file=\"https:\/\/paulinenaue.info\/wp-content\/uploads\/2025\/03\/839892C6-B869-40F6-9243-DE7C271A9990_1_105_c-e1743241875996-1024x535.jpeg\" class=\"lazyload wp-image-417624 size-fusion-800\" src=\"data:image\/svg+xml,%3Csvg%20xmlns%3D%27http%3A%2F%2Fwww.w3.org%2F2000%2Fsvg%27%20width%3D%27800%27%20height%3D%27527%27%20viewBox%3D%270%200%20800%20527%27%3E%3Crect%20width%3D%27800%27%20height%3D%27527%27%20fill-opacity%3D%220%22%2F%3E%3C%2Fsvg%3E\" data-orig-src=\"https:\/\/paulinenaue.info\/wp-content\/uploads\/2025\/03\/839892C6-B869-40F6-9243-DE7C271A9990_1_105_c-800x527.jpeg\" alt=\"\" width=\"800\" height=\"527\" \/><\/a><p id=\"caption-attachment-417624\" class=\"wp-caption-text\"><em>Im August 2003 wird der Bahnsteig des Paulinenauer Bahnhofs f\u00fcr schnelle Vorbeifahrten gesichert. Foto: J. Scholz, 2003.<\/em><\/p><\/div>\n<p>10.08.2003. Am Bahnsteig des Paulinenauer Bahnhofes wird dieser Tage eine breite Plattform verlegt. Ein Sicherheitszaun entsteht hier zum Schutz der Wartenden vor den bald wesentlich schneller durchfahrenden Z\u00fcgen. Der Zaun wird Durchg\u00e4nge zum Betreten der Regionalbahnen erhalten. Die hochmoderne Anlage ist bundesweit ein Novum.<\/p>\n<div id=\"attachment_417627\" style=\"width: 410px\" class=\"wp-caption alignnone\"><a href=\"https:\/\/paulinenaue.info\/wp-content\/uploads\/2025\/03\/2003-02-02-Bahnhof-Bahnsteig-01.jpeg\"><img decoding=\"async\" aria-describedby=\"caption-attachment-417627\" data-attachment-id=\"417627\" data-permalink=\"https:\/\/paulinenaue.info\/index.php\/gleissicherung-fuer-die-ice-stecke\/bahnhof-paulinenaue-gleissicherung-fuer-die-ice-stecke\/\" data-orig-file=\"https:\/\/paulinenaue.info\/wp-content\/uploads\/2025\/03\/2003-02-02-Bahnhof-Bahnsteig-01.jpeg\" data-orig-size=\"1000,667\" data-comments-opened=\"1\" data-image-meta=\"{&quot;aperture&quot;:&quot;0&quot;,&quot;credit&quot;:&quot;&quot;,&quot;camera&quot;:&quot;&quot;,&quot;caption&quot;:&quot;&quot;,&quot;created_timestamp&quot;:&quot;1060510810&quot;,&quot;copyright&quot;:&quot;&quot;,&quot;focal_length&quot;:&quot;0&quot;,&quot;iso&quot;:&quot;0&quot;,&quot;shutter_speed&quot;:&quot;0&quot;,&quot;title&quot;:&quot;Bahnhof Paulinenaue, Gleissicherung f\\u00fcr die ICE-Stecke&quot;,&quot;orientation&quot;:&quot;1&quot;}\" data-image-title=\"Bahnhof Paulinenaue, Gleissicherung f\u00fcr die ICE-Stecke\" data-image-description=\"\" data-image-caption=\"&lt;p&gt;Auf dem Bahnhof Paulinenaue wurde eine Plattform verlegt. Foto: J. Scholz, 2003.&lt;\/p&gt;\n\" data-large-file=\"https:\/\/paulinenaue.info\/wp-content\/uploads\/2025\/03\/2003-02-02-Bahnhof-Bahnsteig-01.jpeg\" class=\"lazyload wp-image-417627 size-fusion-400\" src=\"https:\/\/paulinenaue.info\/wp-content\/uploads\/2025\/03\/2003-02-02-Bahnhof-Bahnsteig-01-400x267.jpeg\" data-orig-src=\"https:\/\/paulinenaue.info\/wp-content\/uploads\/2025\/03\/2003-02-02-Bahnhof-Bahnsteig-01-400x267.jpeg\" alt=\"\" width=\"400\" height=\"267\" srcset=\"data:image\/svg+xml,%3Csvg%20xmlns%3D%27http%3A%2F%2Fwww.w3.org%2F2000%2Fsvg%27%20width%3D%27400%27%20height%3D%27267%27%20viewBox%3D%270%200%20400%20267%27%3E%3Crect%20width%3D%27400%27%20height%3D%27267%27%20fill-opacity%3D%220%22%2F%3E%3C%2Fsvg%3E\" data-srcset=\"https:\/\/paulinenaue.info\/wp-content\/uploads\/2025\/03\/2003-02-02-Bahnhof-Bahnsteig-01-200x133.jpeg 200w, https:\/\/paulinenaue.info\/wp-content\/uploads\/2025\/03\/2003-02-02-Bahnhof-Bahnsteig-01-300x200.jpeg 300w, https:\/\/paulinenaue.info\/wp-content\/uploads\/2025\/03\/2003-02-02-Bahnhof-Bahnsteig-01-400x267.jpeg 400w, https:\/\/paulinenaue.info\/wp-content\/uploads\/2025\/03\/2003-02-02-Bahnhof-Bahnsteig-01-600x400.jpeg 600w, https:\/\/paulinenaue.info\/wp-content\/uploads\/2025\/03\/2003-02-02-Bahnhof-Bahnsteig-01-768x512.jpeg 768w, https:\/\/paulinenaue.info\/wp-content\/uploads\/2025\/03\/2003-02-02-Bahnhof-Bahnsteig-01-800x534.jpeg 800w, https:\/\/paulinenaue.info\/wp-content\/uploads\/2025\/03\/2003-02-02-Bahnhof-Bahnsteig-01.jpeg 1000w\" data-sizes=\"auto\" data-orig-sizes=\"(max-width: 400px) 100vw, 400px\" \/><\/a><p id=\"caption-attachment-417627\" class=\"wp-caption-text\"><em>Die neue Plattform ersetzt den vorherigen Bahnsteig. Foto: J. Scholz, 2003.<\/em><\/p><\/div>\n","protected":false},"excerpt":{"rendered":"<p>10.08.2003. Am Bahnsteig des Paulinenauer Bahnhofes wird dieser Tage eine [&hellip;]<\/p>\n","protected":false},"author":1,"featured_media":417624,"parent":0,"menu_order":0,"comment_status":"closed","ping_status":"closed","template":"","meta":{"_acf_changed":false,"_price":"","_stock":"","_tribe_ticket_header":"","_tribe_default_ticket_provider":"","_tribe_ticket_capacity":"0","_ticket_start_date":"","_ticket_end_date":"","_tribe_ticket_show_description":"","_tribe_ticket_show_not_going":false,"_tribe_ticket_use_global_stock":"","_tribe_ticket_global_stock_level":"","_global_stock_mode":"","_global_stock_cap":"","_tribe_rsvp_for_event":"","_tribe_ticket_going_count":"","_tribe_ticket_not_going_count":"","_tribe_tickets_list":"[]","_tribe_ticket_has_attendee_info_fields":false,"footnotes":"","_tec_slr_enabled":"","_tec_slr_layout":""},"class_list":["post-417623","page","type-page","status-publish","has-post-thumbnail","hentry"],"acf":[],"yoast_head":"<!-- This site is optimized with the Yoast SEO plugin v27.5 - https:\/\/yoast.com\/product\/yoast-seo-wordpress\/ -->\n<title>Gleissicherung f\u00fcr die ICE-Stecke - Paulinenaue<\/title>\n<meta name=\"robots\" content=\"index, follow, max-snippet:-1, max-image-preview:large, max-video-preview:-1\" \/>\n<link rel=\"canonical\" href=\"https:\/\/paulinenaue.info\/index.php\/gleissicherung-fuer-die-ice-stecke\/\" \/>\n<meta property=\"og:locale\" content=\"de_DE\" \/>\n<meta property=\"og:type\" content=\"article\" \/>\n<meta property=\"og:title\" content=\"Gleissicherung f\u00fcr die ICE-Stecke - Paulinenaue\" \/>\n<meta property=\"og:description\" content=\"10.08.2003. Am Bahnsteig des Paulinenauer Bahnhofes wird dieser Tage eine [&hellip;]\" \/>\n<meta property=\"og:url\" content=\"https:\/\/paulinenaue.info\/index.php\/gleissicherung-fuer-die-ice-stecke\/\" \/>\n<meta property=\"og:site_name\" content=\"Paulinenaue\" \/>\n<meta property=\"article:modified_time\" content=\"2025-03-23T22:27:16+00:00\" \/>\n<meta property=\"og:image\" content=\"https:\/\/paulinenaue.info\/wp-content\/uploads\/2025\/03\/839892C6-B869-40F6-9243-DE7C271A9990_1_105_c.jpeg\" \/>\n\t<meta property=\"og:image:width\" content=\"1092\" \/>\n\t<meta property=\"og:image:height\" content=\"720\" \/>\n\t<meta property=\"og:image:type\" content=\"image\/jpeg\" \/>\n<meta name=\"twitter:card\" content=\"summary_large_image\" \/>\n<meta name=\"twitter:label1\" content=\"Gesch\u00e4tzte Lesezeit\" \/>\n\t<meta name=\"twitter:data1\" content=\"2\u00a0Minuten\" \/>\n<script type=\"application\/ld+json\" class=\"yoast-schema-graph\">{\"@context\":\"https:\\\/\\\/schema.org\",\"@graph\":[{\"@type\":\"WebPage\",\"@id\":\"https:\\\/\\\/paulinenaue.info\\\/index.php\\\/gleissicherung-fuer-die-ice-stecke\\\/\",\"url\":\"https:\\\/\\\/paulinenaue.info\\\/index.php\\\/gleissicherung-fuer-die-ice-stecke\\\/\",\"name\":\"Gleissicherung f\u00fcr die ICE-Stecke - Paulinenaue\",\"isPartOf\":{\"@id\":\"https:\\\/\\\/paulinenaue.info\\\/#website\"},\"primaryImageOfPage\":{\"@id\":\"https:\\\/\\\/paulinenaue.info\\\/index.php\\\/gleissicherung-fuer-die-ice-stecke\\\/#primaryimage\"},\"image\":{\"@id\":\"https:\\\/\\\/paulinenaue.info\\\/index.php\\\/gleissicherung-fuer-die-ice-stecke\\\/#primaryimage\"},\"thumbnailUrl\":\"https:\\\/\\\/paulinenaue.info\\\/wp-content\\\/uploads\\\/2025\\\/03\\\/839892C6-B869-40F6-9243-DE7C271A9990_1_105_c-e1743241875996.jpeg\",\"datePublished\":\"2003-08-10T21:26:44+00:00\",\"dateModified\":\"2025-03-23T22:27:16+00:00\",\"breadcrumb\":{\"@id\":\"https:\\\/\\\/paulinenaue.info\\\/index.php\\\/gleissicherung-fuer-die-ice-stecke\\\/#breadcrumb\"},\"inLanguage\":\"de\",\"potentialAction\":[{\"@type\":\"ReadAction\",\"target\":[\"https:\\\/\\\/paulinenaue.info\\\/index.php\\\/gleissicherung-fuer-die-ice-stecke\\\/\"]}]},{\"@type\":\"ImageObject\",\"inLanguage\":\"de\",\"@id\":\"https:\\\/\\\/paulinenaue.info\\\/index.php\\\/gleissicherung-fuer-die-ice-stecke\\\/#primaryimage\",\"url\":\"https:\\\/\\\/paulinenaue.info\\\/wp-content\\\/uploads\\\/2025\\\/03\\\/839892C6-B869-40F6-9243-DE7C271A9990_1_105_c-e1743241875996.jpeg\",\"contentUrl\":\"https:\\\/\\\/paulinenaue.info\\\/wp-content\\\/uploads\\\/2025\\\/03\\\/839892C6-B869-40F6-9243-DE7C271A9990_1_105_c-e1743241875996.jpeg\",\"width\":1092,\"height\":570,\"caption\":\"Im August 2003 wird der Bahnsteig des Paulinenauer Bahnhofs f\u00fcr schnelle Vorbeifahrten gesichert. Foto: J. Scholz, 2003.\"},{\"@type\":\"BreadcrumbList\",\"@id\":\"https:\\\/\\\/paulinenaue.info\\\/index.php\\\/gleissicherung-fuer-die-ice-stecke\\\/#breadcrumb\",\"itemListElement\":[{\"@type\":\"ListItem\",\"position\":1,\"name\":\"Home\",\"item\":\"https:\\\/\\\/paulinenaue.info\\\/\"},{\"@type\":\"ListItem\",\"position\":2,\"name\":\"Gleissicherung f\u00fcr die ICE-Stecke\"}]},{\"@type\":\"WebSite\",\"@id\":\"https:\\\/\\\/paulinenaue.info\\\/#website\",\"url\":\"https:\\\/\\\/paulinenaue.info\\\/\",\"name\":\"Paulinenaue\",\"description\":\"Ein Dorf im Havelland\",\"potentialAction\":[{\"@type\":\"SearchAction\",\"target\":{\"@type\":\"EntryPoint\",\"urlTemplate\":\"https:\\\/\\\/paulinenaue.info\\\/?s={search_term_string}\"},\"query-input\":{\"@type\":\"PropertyValueSpecification\",\"valueRequired\":true,\"valueName\":\"search_term_string\"}}],\"inLanguage\":\"de\"}]}<\/script>\n<!-- \/ Yoast SEO plugin. -->","yoast_head_json":{"title":"Gleissicherung f\u00fcr die ICE-Stecke - Paulinenaue","robots":{"index":"index","follow":"follow","max-snippet":"max-snippet:-1","max-image-preview":"max-image-preview:large","max-video-preview":"max-video-preview:-1"},"canonical":"https:\/\/paulinenaue.info\/index.php\/gleissicherung-fuer-die-ice-stecke\/","og_locale":"de_DE","og_type":"article","og_title":"Gleissicherung f\u00fcr die ICE-Stecke - Paulinenaue","og_description":"10.08.2003. Am Bahnsteig des Paulinenauer Bahnhofes wird dieser Tage eine [&hellip;]","og_url":"https:\/\/paulinenaue.info\/index.php\/gleissicherung-fuer-die-ice-stecke\/","og_site_name":"Paulinenaue","article_modified_time":"2025-03-23T22:27:16+00:00","og_image":[{"width":1092,"height":720,"url":"https:\/\/paulinenaue.info\/wp-content\/uploads\/2025\/03\/839892C6-B869-40F6-9243-DE7C271A9990_1_105_c.jpeg","type":"image\/jpeg"}],"twitter_card":"summary_large_image","twitter_misc":{"Gesch\u00e4tzte Lesezeit":"2\u00a0Minuten"},"schema":{"@context":"https:\/\/schema.org","@graph":[{"@type":"WebPage","@id":"https:\/\/paulinenaue.info\/index.php\/gleissicherung-fuer-die-ice-stecke\/","url":"https:\/\/paulinenaue.info\/index.php\/gleissicherung-fuer-die-ice-stecke\/","name":"Gleissicherung f\u00fcr die ICE-Stecke - Paulinenaue","isPartOf":{"@id":"https:\/\/paulinenaue.info\/#website"},"primaryImageOfPage":{"@id":"https:\/\/paulinenaue.info\/index.php\/gleissicherung-fuer-die-ice-stecke\/#primaryimage"},"image":{"@id":"https:\/\/paulinenaue.info\/index.php\/gleissicherung-fuer-die-ice-stecke\/#primaryimage"},"thumbnailUrl":"https:\/\/paulinenaue.info\/wp-content\/uploads\/2025\/03\/839892C6-B869-40F6-9243-DE7C271A9990_1_105_c-e1743241875996.jpeg","datePublished":"2003-08-10T21:26:44+00:00","dateModified":"2025-03-23T22:27:16+00:00","breadcrumb":{"@id":"https:\/\/paulinenaue.info\/index.php\/gleissicherung-fuer-die-ice-stecke\/#breadcrumb"},"inLanguage":"de","potentialAction":[{"@type":"ReadAction","target":["https:\/\/paulinenaue.info\/index.php\/gleissicherung-fuer-die-ice-stecke\/"]}]},{"@type":"ImageObject","inLanguage":"de","@id":"https:\/\/paulinenaue.info\/index.php\/gleissicherung-fuer-die-ice-stecke\/#primaryimage","url":"https:\/\/paulinenaue.info\/wp-content\/uploads\/2025\/03\/839892C6-B869-40F6-9243-DE7C271A9990_1_105_c-e1743241875996.jpeg","contentUrl":"https:\/\/paulinenaue.info\/wp-content\/uploads\/2025\/03\/839892C6-B869-40F6-9243-DE7C271A9990_1_105_c-e1743241875996.jpeg","width":1092,"height":570,"caption":"Im August 2003 wird der Bahnsteig des Paulinenauer Bahnhofs f\u00fcr schnelle Vorbeifahrten gesichert. Foto: J. Scholz, 2003."},{"@type":"BreadcrumbList","@id":"https:\/\/paulinenaue.info\/index.php\/gleissicherung-fuer-die-ice-stecke\/#breadcrumb","itemListElement":[{"@type":"ListItem","position":1,"name":"Home","item":"https:\/\/paulinenaue.info\/"},{"@type":"ListItem","position":2,"name":"Gleissicherung f\u00fcr die ICE-Stecke"}]},{"@type":"WebSite","@id":"https:\/\/paulinenaue.info\/#website","url":"https:\/\/paulinenaue.info\/","name":"Paulinenaue","description":"Ein Dorf im Havelland","potentialAction":[{"@type":"SearchAction","target":{"@type":"EntryPoint","urlTemplate":"https:\/\/paulinenaue.info\/?s={search_term_string}"},"query-input":{"@type":"PropertyValueSpecification","valueRequired":true,"valueName":"search_term_string"}}],"inLanguage":"de"}]}},"jetpack_sharing_enabled":true,"jetpack_shortlink":"https:\/\/wp.me\/PcYhWA-1KDR","jetpack-related-posts":[{"id":417664,"url":"https:\/\/paulinenaue.info\/index.php\/das-paulinenauer-bahnhofsgebaeude\/plan-zur-vergroesserung-des-empfangsgebaeudes-1883\/","url_meta":{"origin":417623,"position":0},"title":"Plan zur Vergr\u00f6\u00dferung des Empfangsgeb\u00e4udes 1883","author":"Joachim Scholz","date":"18. Juli 2007","format":false,"excerpt":"","rel":"","context":"\u00c4hnlicher Beitrag","block_context":{"text":"\u00c4hnlicher Beitrag","link":""},"img":{"alt_text":"","src":"https:\/\/i0.wp.com\/paulinenaue.info\/wp-content\/uploads\/2025\/03\/839892C6-B869-40F6-9243-DE7C271A9990_1_105_c-e1743241875996-800x418.jpeg?resize=350%2C200&ssl=1","width":350,"height":200,"srcset":"https:\/\/i0.wp.com\/paulinenaue.info\/wp-content\/uploads\/2025\/03\/839892C6-B869-40F6-9243-DE7C271A9990_1_105_c-e1743241875996-800x418.jpeg?resize=350%2C200&ssl=1 1x, https:\/\/i0.wp.com\/paulinenaue.info\/wp-content\/uploads\/2025\/03\/839892C6-B869-40F6-9243-DE7C271A9990_1_105_c-e1743241875996-800x418.jpeg?resize=525%2C300&ssl=1 1.5x, https:\/\/i0.wp.com\/paulinenaue.info\/wp-content\/uploads\/2025\/03\/839892C6-B869-40F6-9243-DE7C271A9990_1_105_c-e1743241875996-800x418.jpeg?resize=700%2C400&ssl=1 2x"},"classes":[]},{"id":2167,"url":"https:\/\/paulinenaue.info\/index.php\/schnelle-vorbeifahrten\/","url_meta":{"origin":417623,"position":1},"title":"Schnelle Vorbeifahrten","author":"Joachim Scholz","date":"21. Juni 2018","format":false,"excerpt":"\u201eSchnelle Vorbeifahrten\u201c \u2013\u00a0so warnen markante Schilder am Paulinenauer Bahnsteig die dort Wartenden. Schon vor zwei Jahren brachte das Atelier Haus Stern unter diesem Motto K\u00fcnstler und Paulinenauer zusammen. Von den Installationen im und um das alte rote Bahnerhaus herum konnte man schon deshalb begeistert sein, weil es nie zuvor so\u2026","rel":"","context":"\u00c4hnlicher Beitrag","block_context":{"text":"\u00c4hnlicher Beitrag","link":""},"img":{"alt_text":"","src":"https:\/\/i0.wp.com\/paulinenaue.info\/wp-content\/uploads\/2018\/06\/2018_vorbeifahrten.jpg?resize=350%2C200","width":350,"height":200,"srcset":"https:\/\/i0.wp.com\/paulinenaue.info\/wp-content\/uploads\/2018\/06\/2018_vorbeifahrten.jpg?resize=350%2C200 1x, https:\/\/i0.wp.com\/paulinenaue.info\/wp-content\/uploads\/2018\/06\/2018_vorbeifahrten.jpg?resize=525%2C300 1.5x"},"classes":[]},{"id":6530,"url":"https:\/\/paulinenaue.info\/index.php\/neuigkeiten-aus-paulinenaue-2003-2014\/","url_meta":{"origin":417623,"position":2},"title":"Neuigkeiten aus Paulinenaue (2003\u20132014)","author":"Joachim Scholz","date":"29. Dezember 2021","format":false,"excerpt":"","rel":"","context":"\u00c4hnlicher Beitrag","block_context":{"text":"\u00c4hnlicher Beitrag","link":""},"img":{"alt_text":"","src":"","width":0,"height":0},"classes":[]},{"id":32,"url":"https:\/\/paulinenaue.info\/index.php\/geschichten\/","url_meta":{"origin":417623,"position":3},"title":"Historischer \u00dcberblick","author":"Elisa","date":"29. Oktober 2015","format":false,"excerpt":"\u00c4ltere Geschichte In den eiszeitlich gepr\u00e4gten Moorwiesen des Havell\u00e4ndischen Luches liegt auf einer Talsandinsel Paulinenaue. Das jetzige Dorfgebiet, das bereits in der r\u00f6mischen Kaiserzeit besiedelt gewesen ist, findet 1390 eine erste urkundliche Erw\u00e4hnung, als Hasso von Bredow die Heideberge, das Gebiet zwischen Lindholz und L\u00fctsche, an das Domkapitel zu Brandenburg\u2026","rel":"","context":"\u00c4hnlicher Beitrag","block_context":{"text":"\u00c4hnlicher Beitrag","link":""},"img":{"alt_text":"","src":"","width":0,"height":0},"classes":[]},{"id":417235,"url":"https:\/\/paulinenaue.info\/index.php\/das-paulinenauer-bahnhofsgebaeude\/","url_meta":{"origin":417623,"position":4},"title":"Das Paulinenauer Bahnhofsgeb\u00e4ude","author":"Joachim Scholz","date":"22. M\u00e4rz 2025","format":false,"excerpt":"","rel":"","context":"\u00c4hnlicher Beitrag","block_context":{"text":"\u00c4hnlicher Beitrag","link":""},"img":{"alt_text":"","src":"https:\/\/i0.wp.com\/paulinenaue.info\/wp-content\/uploads\/2025\/03\/2012-09-09-Tag-des-offenen-Denkmals-Bahnhof-01.jpeg?resize=350%2C200&ssl=1","width":350,"height":200,"srcset":"https:\/\/i0.wp.com\/paulinenaue.info\/wp-content\/uploads\/2025\/03\/2012-09-09-Tag-des-offenen-Denkmals-Bahnhof-01.jpeg?resize=350%2C200&ssl=1 1x, https:\/\/i0.wp.com\/paulinenaue.info\/wp-content\/uploads\/2025\/03\/2012-09-09-Tag-des-offenen-Denkmals-Bahnhof-01.jpeg?resize=525%2C300&ssl=1 1.5x, https:\/\/i0.wp.com\/paulinenaue.info\/wp-content\/uploads\/2025\/03\/2012-09-09-Tag-des-offenen-Denkmals-Bahnhof-01.jpeg?resize=700%2C400&ssl=1 2x"},"classes":[]},{"id":415066,"url":"https:\/\/paulinenaue.info\/index.php\/aus-der-ortsgeschichte-von-paulinenaue\/","url_meta":{"origin":417623,"position":5},"title":"Aus der Ortsgeschichte von Paulinenaue","author":"Joachim Scholz","date":"18. M\u00e4rz 2023","format":false,"excerpt":"Aus der Ortsgeschichte von Paulinenaue von Georg Drasch\u00e9 (1966) Georg Drasch\u00e9 (1929\u20132014) Mit der Gr\u00fcndung unseres Institutes verschob sich der Schwerpunkt der Gr\u00fcnland- und Moorforschung in der DDR nach Pau\u00adlinenaue, und so schlie\u00dft sich nach fast einem Vierteljahrtausend der Kreis: War vor 250 Jahren das Amt K\u00f6nigshorst Schrittmacher, Lehr- und\u2026","rel":"","context":"\u00c4hnlicher Beitrag","block_context":{"text":"\u00c4hnlicher Beitrag","link":""},"img":{"alt_text":"","src":"https:\/\/i0.wp.com\/paulinenaue.info\/wp-content\/uploads\/2023\/03\/Drasche.jpg?resize=350%2C200&ssl=1","width":350,"height":200},"classes":[]}],"ticketed":false,"_links":{"self":[{"href":"https:\/\/paulinenaue.info\/index.php\/wp-json\/wp\/v2\/pages\/417623","targetHints":{"allow":["GET"]}}],"collection":[{"href":"https:\/\/paulinenaue.info\/index.php\/wp-json\/wp\/v2\/pages"}],"about":[{"href":"https:\/\/paulinenaue.info\/index.php\/wp-json\/wp\/v2\/types\/page"}],"author":[{"embeddable":true,"href":"https:\/\/paulinenaue.info\/index.php\/wp-json\/wp\/v2\/users\/1"}],"replies":[{"embeddable":true,"href":"https:\/\/paulinenaue.info\/index.php\/wp-json\/wp\/v2\/comments?post=417623"}],"version-history":[{"count":6,"href":"https:\/\/paulinenaue.info\/index.php\/wp-json\/wp\/v2\/pages\/417623\/revisions"}],"predecessor-version":[{"id":417631,"href":"https:\/\/paulinenaue.info\/index.php\/wp-json\/wp\/v2\/pages\/417623\/revisions\/417631"}],"wp:featuredmedia":[{"embeddable":true,"href":"https:\/\/paulinenaue.info\/index.php\/wp-json\/wp\/v2\/media\/417624"}],"wp:attachment":[{"href":"https:\/\/paulinenaue.info\/index.php\/wp-json\/wp\/v2\/media?parent=417623"}],"curies":[{"name":"wp","href":"https:\/\/api.w.org\/{rel}","templated":true}]}}