{"id":418952,"date":"2026-03-06T23:58:37","date_gmt":"2026-03-06T22:58:37","guid":{"rendered":"https:\/\/paulinenaue.info\/?page_id=418952"},"modified":"2026-03-12T22:31:31","modified_gmt":"2026-03-12T21:31:31","slug":"storchennest","status":"publish","type":"page","link":"https:\/\/paulinenaue.info\/index.php\/storchennest\/","title":{"rendered":"Storchennest"},"content":{"rendered":"<h4><strong>Das Storchennest in Paulinenaue<\/strong><\/h4>\n<p><em>Text: Eckhard Vierjahn<\/em><\/p>\n<p>F\u00fcr die Paulinenauer ist es ganz selbstverst\u00e4ndlich, dass in jedem Jahr im Fr\u00fchjahr das Storchenpaar in Paulinenaue ankommt und im August das Dorf mit seinen Jungst\u00f6rchen wieder verl\u00e4sst. Was f\u00fcr uns Normalit\u00e4t ist, findet bei so manchen Besuchern besondere Beachtung. Ich erinnere mich beim Blick auf das Storchennest immer wieder an Besuch aus Witten an der Ruhr. F\u00fcr unseren Besuch war es ein besonderes Ereignis, bei uns im Dorf und auch bei Ausfl\u00fcgen in die n\u00e4here Umgebung St\u00f6rche beobachten zu k\u00f6nnen.<\/p>\n<div id=\"attachment_419120\" style=\"width: 810px\" class=\"wp-caption alignnone\"><a href=\"https:\/\/paulinenaue.info\/wp-content\/uploads\/2026\/03\/2018-Paulinenauer-Stoerche-01.jpg\"><img decoding=\"async\" aria-describedby=\"caption-attachment-419120\" data-attachment-id=\"419120\" data-permalink=\"https:\/\/paulinenaue.info\/index.php\/storchennest\/2018-paulinenauer-stoerche-01\/\" data-orig-file=\"https:\/\/paulinenaue.info\/wp-content\/uploads\/2026\/03\/2018-Paulinenauer-Stoerche-01.jpg\" data-orig-size=\"1000,750\" data-comments-opened=\"1\" data-image-meta=\"{&quot;aperture&quot;:&quot;0&quot;,&quot;credit&quot;:&quot;&quot;,&quot;camera&quot;:&quot;&quot;,&quot;caption&quot;:&quot;&quot;,&quot;created_timestamp&quot;:&quot;0&quot;,&quot;copyright&quot;:&quot;&quot;,&quot;focal_length&quot;:&quot;0&quot;,&quot;iso&quot;:&quot;0&quot;,&quot;shutter_speed&quot;:&quot;0&quot;,&quot;title&quot;:&quot;&quot;,&quot;orientation&quot;:&quot;0&quot;}\" data-image-title=\"2018, Paulinenauer Sto\u0308rche, 01\" data-image-description=\"\" data-image-caption=\"\" data-large-file=\"https:\/\/paulinenaue.info\/wp-content\/uploads\/2026\/03\/2018-Paulinenauer-Stoerche-01.jpg\" class=\"lazyload wp-image-419120 size-fusion-800\" src=\"https:\/\/paulinenaue.info\/wp-content\/uploads\/2026\/03\/2018-Paulinenauer-Stoerche-01-800x600.jpg\" data-orig-src=\"https:\/\/paulinenaue.info\/wp-content\/uploads\/2026\/03\/2018-Paulinenauer-Stoerche-01-800x600.jpg\" alt=\"\" width=\"800\" height=\"600\" srcset=\"data:image\/svg+xml,%3Csvg%20xmlns%3D%27http%3A%2F%2Fwww.w3.org%2F2000%2Fsvg%27%20width%3D%27800%27%20height%3D%27600%27%20viewBox%3D%270%200%20800%20600%27%3E%3Crect%20width%3D%27800%27%20height%3D%27600%27%20fill-opacity%3D%220%22%2F%3E%3C%2Fsvg%3E\" data-srcset=\"https:\/\/paulinenaue.info\/wp-content\/uploads\/2026\/03\/2018-Paulinenauer-Stoerche-01-200x150.jpg 200w, https:\/\/paulinenaue.info\/wp-content\/uploads\/2026\/03\/2018-Paulinenauer-Stoerche-01-300x225.jpg 300w, https:\/\/paulinenaue.info\/wp-content\/uploads\/2026\/03\/2018-Paulinenauer-Stoerche-01-400x300.jpg 400w, https:\/\/paulinenaue.info\/wp-content\/uploads\/2026\/03\/2018-Paulinenauer-Stoerche-01-600x450.jpg 600w, https:\/\/paulinenaue.info\/wp-content\/uploads\/2026\/03\/2018-Paulinenauer-Stoerche-01-768x576.jpg 768w, https:\/\/paulinenaue.info\/wp-content\/uploads\/2026\/03\/2018-Paulinenauer-Stoerche-01-800x600.jpg 800w, https:\/\/paulinenaue.info\/wp-content\/uploads\/2026\/03\/2018-Paulinenauer-Stoerche-01.jpg 1000w\" data-sizes=\"auto\" data-orig-sizes=\"(max-width: 800px) 100vw, 800px\" \/><\/a><p id=\"caption-attachment-419120\" class=\"wp-caption-text\"><em>Die Paulinenauer Storche auf einem Spaziergang unweit ihres Nestes in der Jahnstra\u00dfe. Foto 2018.<\/em><\/p><\/div>\n<p>Seit wann nisten St\u00f6rche in Paulinenaue? Dazu gibt es keine genauen Aufzeichnungen. Die \u00e4ltesten Erinnerungen reichen bis Mitte des letzten Jahrhunderts zur\u00fcck. Auf Nachfrage bei der Storchenbeauftragten des NABU \u2013 Frau Claudia J\u00f6rg \u2013 wurden uns Daten ab dem Jahr 2000 zur Verf\u00fcgung gestellt.<\/p>\n<p>Bis 2006 befand sich das Storchennest auf dem Geb\u00e4ude der ehemaligen Goldschmidtschen Schwei\u00dferei in der Ruppiner Stra\u00dfe (gegen\u00fcber der ehemaligen Fleischerei Schr\u00f6der, Hausnummer 2). Im Jahr 2005 wurde in der Jahnstra\u00dfe (gegen\u00fcber Hausnummer 5) das Nest auf einem Betonmast aufgebaut. Es ist seit 2007, nach Abriss der Schwei\u00dferei, bewohnt.<\/p>\n<p>Im Ort sind es Ralf Kopplin und Ingo Ludwig, die Informationen zu den St\u00f6rchen an Frau J\u00f6rg \u00fcbermitteln. Die Daten von Frau J\u00f6rg werden hier auch ver\u00f6ffentlicht und sollen j\u00e4hrlich erg\u00e4nzt werden.<\/p>\n<div id=\"attachment_419121\" style=\"width: 810px\" class=\"wp-caption alignnone\"><a href=\"https:\/\/paulinenaue.info\/wp-content\/uploads\/2026\/03\/2024-Paulinenauer-Storch-01.jpg\"><img decoding=\"async\" aria-describedby=\"caption-attachment-419121\" data-attachment-id=\"419121\" data-permalink=\"https:\/\/paulinenaue.info\/index.php\/storchennest\/2024-paulinenauer-storch-01\/\" data-orig-file=\"https:\/\/paulinenaue.info\/wp-content\/uploads\/2026\/03\/2024-Paulinenauer-Storch-01.jpg\" data-orig-size=\"1000,662\" data-comments-opened=\"1\" data-image-meta=\"{&quot;aperture&quot;:&quot;0&quot;,&quot;credit&quot;:&quot;&quot;,&quot;camera&quot;:&quot;&quot;,&quot;caption&quot;:&quot;&quot;,&quot;created_timestamp&quot;:&quot;0&quot;,&quot;copyright&quot;:&quot;&quot;,&quot;focal_length&quot;:&quot;0&quot;,&quot;iso&quot;:&quot;0&quot;,&quot;shutter_speed&quot;:&quot;0&quot;,&quot;title&quot;:&quot;&quot;,&quot;orientation&quot;:&quot;0&quot;}\" data-image-title=\"2024, Paulinenauer Storch, 01\" data-image-description=\"\" data-image-caption=\"\" data-large-file=\"https:\/\/paulinenaue.info\/wp-content\/uploads\/2026\/03\/2024-Paulinenauer-Storch-01.jpg\" class=\"lazyload wp-image-419121 size-fusion-800\" src=\"https:\/\/paulinenaue.info\/wp-content\/uploads\/2026\/03\/2024-Paulinenauer-Storch-01-800x530.jpg\" data-orig-src=\"https:\/\/paulinenaue.info\/wp-content\/uploads\/2026\/03\/2024-Paulinenauer-Storch-01-800x530.jpg\" alt=\"\" width=\"800\" height=\"530\" srcset=\"data:image\/svg+xml,%3Csvg%20xmlns%3D%27http%3A%2F%2Fwww.w3.org%2F2000%2Fsvg%27%20width%3D%27800%27%20height%3D%27530%27%20viewBox%3D%270%200%20800%20530%27%3E%3Crect%20width%3D%27800%27%20height%3D%27530%27%20fill-opacity%3D%220%22%2F%3E%3C%2Fsvg%3E\" data-srcset=\"https:\/\/paulinenaue.info\/wp-content\/uploads\/2026\/03\/2024-Paulinenauer-Storch-01-200x132.jpg 200w, https:\/\/paulinenaue.info\/wp-content\/uploads\/2026\/03\/2024-Paulinenauer-Storch-01-300x199.jpg 300w, https:\/\/paulinenaue.info\/wp-content\/uploads\/2026\/03\/2024-Paulinenauer-Storch-01-400x265.jpg 400w, https:\/\/paulinenaue.info\/wp-content\/uploads\/2026\/03\/2024-Paulinenauer-Storch-01-600x397.jpg 600w, https:\/\/paulinenaue.info\/wp-content\/uploads\/2026\/03\/2024-Paulinenauer-Storch-01-768x508.jpg 768w, https:\/\/paulinenaue.info\/wp-content\/uploads\/2026\/03\/2024-Paulinenauer-Storch-01-800x530.jpg 800w, https:\/\/paulinenaue.info\/wp-content\/uploads\/2026\/03\/2024-Paulinenauer-Storch-01.jpg 1000w\" data-sizes=\"auto\" data-orig-sizes=\"(max-width: 800px) 100vw, 800px\" \/><\/a><p id=\"caption-attachment-419121\" class=\"wp-caption-text\"><em>Das Storchennest in der Jahnstra\u00dfe mit Elternteil und mehreren Jungv\u00f6geln. Foto 2024.<\/em><\/p><\/div>\n<p>Der <a href=\"https:\/\/paulinenaue.info\/index.php\/kulturverein\/\">Paulinenauer Kulturverein e.V.<\/a> wird noch in diesem Jahr eine Tafel mit den Daten zum Paulinenauer Storchennest und Informationen zum Wei\u00dfstorch in der Jahnstra\u00dfe aufstellen. Ein herzlicher Dank an Familie Koplin, die daf\u00fcr einen Platz auf ihrem Grundst\u00fcck zur Verf\u00fcgung stellt.<\/p>\n<p>M\u00f6ge das Storchennest auch in den kommenden Jahren besetzt werden und die Umgebung ausreichend Nahrung f\u00fcr eine erfolgreiche Aufzucht von jungen St\u00f6rchen bieten.<\/p>\n<p>&nbsp;<\/p>\n","protected":false},"excerpt":{"rendered":"<p>Das Storchennest in Paulinenaue Text: Eckhard Vierjahn F\u00fcr die Paulinenauer [&hellip;]<\/p>\n","protected":false},"author":1,"featured_media":418955,"parent":0,"menu_order":0,"comment_status":"closed","ping_status":"closed","template":"","meta":{"_acf_changed":false,"_price":"","_stock":"","_tribe_ticket_header":"","_tribe_default_ticket_provider":"","_tribe_ticket_capacity":"0","_ticket_start_date":"","_ticket_end_date":"","_tribe_ticket_show_description":"","_tribe_ticket_show_not_going":false,"_tribe_ticket_use_global_stock":"","_tribe_ticket_global_stock_level":"","_global_stock_mode":"","_global_stock_cap":"","_tribe_rsvp_for_event":"","_tribe_ticket_going_count":"","_tribe_ticket_not_going_count":"","_tribe_tickets_list":"[]","_tribe_ticket_has_attendee_info_fields":false,"jetpack_post_was_ever_published":false,"footnotes":"","_tec_slr_enabled":"","_tec_slr_layout":""},"class_list":["post-418952","page","type-page","status-publish","has-post-thumbnail","hentry"],"acf":[],"yoast_head":"<!-- This site is optimized with the Yoast SEO plugin v27.4 - https:\/\/yoast.com\/product\/yoast-seo-wordpress\/ -->\n<title>Storchennest - Paulinenaue<\/title>\n<meta name=\"robots\" content=\"index, follow, max-snippet:-1, max-image-preview:large, max-video-preview:-1\" \/>\n<link rel=\"canonical\" href=\"https:\/\/paulinenaue.info\/index.php\/storchennest\/\" \/>\n<meta property=\"og:locale\" content=\"de_DE\" \/>\n<meta property=\"og:type\" content=\"article\" \/>\n<meta property=\"og:title\" content=\"Storchennest - Paulinenaue\" \/>\n<meta property=\"og:description\" content=\"Das Storchennest in Paulinenaue Text: Eckhard Vierjahn F\u00fcr die Paulinenauer [&hellip;]\" \/>\n<meta property=\"og:url\" content=\"https:\/\/paulinenaue.info\/index.php\/storchennest\/\" \/>\n<meta property=\"og:site_name\" content=\"Paulinenaue\" \/>\n<meta property=\"article:modified_time\" content=\"2026-03-12T21:31:31+00:00\" \/>\n<meta property=\"og:image\" content=\"https:\/\/paulinenaue.info\/wp-content\/uploads\/2026\/03\/2010-04-24-Stoch-02.jpeg\" \/>\n\t<meta property=\"og:image:width\" content=\"1000\" \/>\n\t<meta property=\"og:image:height\" content=\"750\" \/>\n\t<meta property=\"og:image:type\" content=\"image\/jpeg\" \/>\n<meta name=\"twitter:card\" content=\"summary_large_image\" \/>\n<meta name=\"twitter:label1\" content=\"Gesch\u00e4tzte Lesezeit\" \/>\n\t<meta name=\"twitter:data1\" content=\"3\u00a0Minuten\" \/>\n<script type=\"application\/ld+json\" class=\"yoast-schema-graph\">{\"@context\":\"https:\\\/\\\/schema.org\",\"@graph\":[{\"@type\":\"WebPage\",\"@id\":\"https:\\\/\\\/paulinenaue.info\\\/index.php\\\/storchennest\\\/\",\"url\":\"https:\\\/\\\/paulinenaue.info\\\/index.php\\\/storchennest\\\/\",\"name\":\"Storchennest - Paulinenaue\",\"isPartOf\":{\"@id\":\"https:\\\/\\\/paulinenaue.info\\\/#website\"},\"primaryImageOfPage\":{\"@id\":\"https:\\\/\\\/paulinenaue.info\\\/index.php\\\/storchennest\\\/#primaryimage\"},\"image\":{\"@id\":\"https:\\\/\\\/paulinenaue.info\\\/index.php\\\/storchennest\\\/#primaryimage\"},\"thumbnailUrl\":\"https:\\\/\\\/paulinenaue.info\\\/wp-content\\\/uploads\\\/2026\\\/03\\\/2010-04-24-Stoch-02.jpeg\",\"datePublished\":\"2026-03-06T22:58:37+00:00\",\"dateModified\":\"2026-03-12T21:31:31+00:00\",\"breadcrumb\":{\"@id\":\"https:\\\/\\\/paulinenaue.info\\\/index.php\\\/storchennest\\\/#breadcrumb\"},\"inLanguage\":\"de\",\"potentialAction\":[{\"@type\":\"ReadAction\",\"target\":[\"https:\\\/\\\/paulinenaue.info\\\/index.php\\\/storchennest\\\/\"]}]},{\"@type\":\"ImageObject\",\"inLanguage\":\"de\",\"@id\":\"https:\\\/\\\/paulinenaue.info\\\/index.php\\\/storchennest\\\/#primaryimage\",\"url\":\"https:\\\/\\\/paulinenaue.info\\\/wp-content\\\/uploads\\\/2026\\\/03\\\/2010-04-24-Stoch-02.jpeg\",\"contentUrl\":\"https:\\\/\\\/paulinenaue.info\\\/wp-content\\\/uploads\\\/2026\\\/03\\\/2010-04-24-Stoch-02.jpeg\",\"width\":1000,\"height\":750},{\"@type\":\"BreadcrumbList\",\"@id\":\"https:\\\/\\\/paulinenaue.info\\\/index.php\\\/storchennest\\\/#breadcrumb\",\"itemListElement\":[{\"@type\":\"ListItem\",\"position\":1,\"name\":\"Home\",\"item\":\"https:\\\/\\\/paulinenaue.info\\\/\"},{\"@type\":\"ListItem\",\"position\":2,\"name\":\"Storchennest\"}]},{\"@type\":\"WebSite\",\"@id\":\"https:\\\/\\\/paulinenaue.info\\\/#website\",\"url\":\"https:\\\/\\\/paulinenaue.info\\\/\",\"name\":\"Paulinenaue\",\"description\":\"Ein Dorf im Havelland\",\"potentialAction\":[{\"@type\":\"SearchAction\",\"target\":{\"@type\":\"EntryPoint\",\"urlTemplate\":\"https:\\\/\\\/paulinenaue.info\\\/?s={search_term_string}\"},\"query-input\":{\"@type\":\"PropertyValueSpecification\",\"valueRequired\":true,\"valueName\":\"search_term_string\"}}],\"inLanguage\":\"de\"}]}<\/script>\n<!-- \/ Yoast SEO plugin. -->","yoast_head_json":{"title":"Storchennest - Paulinenaue","robots":{"index":"index","follow":"follow","max-snippet":"max-snippet:-1","max-image-preview":"max-image-preview:large","max-video-preview":"max-video-preview:-1"},"canonical":"https:\/\/paulinenaue.info\/index.php\/storchennest\/","og_locale":"de_DE","og_type":"article","og_title":"Storchennest - Paulinenaue","og_description":"Das Storchennest in Paulinenaue Text: Eckhard Vierjahn F\u00fcr die Paulinenauer [&hellip;]","og_url":"https:\/\/paulinenaue.info\/index.php\/storchennest\/","og_site_name":"Paulinenaue","article_modified_time":"2026-03-12T21:31:31+00:00","og_image":[{"width":1000,"height":750,"url":"https:\/\/paulinenaue.info\/wp-content\/uploads\/2026\/03\/2010-04-24-Stoch-02.jpeg","type":"image\/jpeg"}],"twitter_card":"summary_large_image","twitter_misc":{"Gesch\u00e4tzte Lesezeit":"3\u00a0Minuten"},"schema":{"@context":"https:\/\/schema.org","@graph":[{"@type":"WebPage","@id":"https:\/\/paulinenaue.info\/index.php\/storchennest\/","url":"https:\/\/paulinenaue.info\/index.php\/storchennest\/","name":"Storchennest - Paulinenaue","isPartOf":{"@id":"https:\/\/paulinenaue.info\/#website"},"primaryImageOfPage":{"@id":"https:\/\/paulinenaue.info\/index.php\/storchennest\/#primaryimage"},"image":{"@id":"https:\/\/paulinenaue.info\/index.php\/storchennest\/#primaryimage"},"thumbnailUrl":"https:\/\/paulinenaue.info\/wp-content\/uploads\/2026\/03\/2010-04-24-Stoch-02.jpeg","datePublished":"2026-03-06T22:58:37+00:00","dateModified":"2026-03-12T21:31:31+00:00","breadcrumb":{"@id":"https:\/\/paulinenaue.info\/index.php\/storchennest\/#breadcrumb"},"inLanguage":"de","potentialAction":[{"@type":"ReadAction","target":["https:\/\/paulinenaue.info\/index.php\/storchennest\/"]}]},{"@type":"ImageObject","inLanguage":"de","@id":"https:\/\/paulinenaue.info\/index.php\/storchennest\/#primaryimage","url":"https:\/\/paulinenaue.info\/wp-content\/uploads\/2026\/03\/2010-04-24-Stoch-02.jpeg","contentUrl":"https:\/\/paulinenaue.info\/wp-content\/uploads\/2026\/03\/2010-04-24-Stoch-02.jpeg","width":1000,"height":750},{"@type":"BreadcrumbList","@id":"https:\/\/paulinenaue.info\/index.php\/storchennest\/#breadcrumb","itemListElement":[{"@type":"ListItem","position":1,"name":"Home","item":"https:\/\/paulinenaue.info\/"},{"@type":"ListItem","position":2,"name":"Storchennest"}]},{"@type":"WebSite","@id":"https:\/\/paulinenaue.info\/#website","url":"https:\/\/paulinenaue.info\/","name":"Paulinenaue","description":"Ein Dorf im Havelland","potentialAction":[{"@type":"SearchAction","target":{"@type":"EntryPoint","urlTemplate":"https:\/\/paulinenaue.info\/?s={search_term_string}"},"query-input":{"@type":"PropertyValueSpecification","valueRequired":true,"valueName":"search_term_string"}}],"inLanguage":"de"}]}},"jetpack_sharing_enabled":true,"jetpack_shortlink":"https:\/\/wp.me\/PcYhWA-1KZi","jetpack-related-posts":[{"id":419125,"url":"https:\/\/paulinenaue.info\/index.php\/einschaltbild-maerz-2026\/","url_meta":{"origin":418952,"position":0},"title":"Einschaltbild M\u00e4rz 2026","author":"Joachim Scholz","date":"12. M\u00e4rz 2026","format":false,"excerpt":"","rel":"","context":"\u00c4hnlicher Beitrag","block_context":{"text":"\u00c4hnlicher Beitrag","link":""},"img":{"alt_text":"","src":"https:\/\/i0.wp.com\/paulinenaue.info\/wp-content\/uploads\/2026\/03\/2010-04-24-Stoch-02.jpeg?resize=350%2C200&ssl=1","width":350,"height":200,"srcset":"https:\/\/i0.wp.com\/paulinenaue.info\/wp-content\/uploads\/2026\/03\/2010-04-24-Stoch-02.jpeg?resize=350%2C200&ssl=1 1x, https:\/\/i0.wp.com\/paulinenaue.info\/wp-content\/uploads\/2026\/03\/2010-04-24-Stoch-02.jpeg?resize=525%2C300&ssl=1 1.5x, https:\/\/i0.wp.com\/paulinenaue.info\/wp-content\/uploads\/2026\/03\/2010-04-24-Stoch-02.jpeg?resize=700%2C400&ssl=1 2x"},"classes":[]},{"id":6530,"url":"https:\/\/paulinenaue.info\/index.php\/neuigkeiten-aus-paulinenaue-2003-2014\/","url_meta":{"origin":418952,"position":1},"title":"Neuigkeiten aus Paulinenaue (2003\u20132014)","author":"Joachim Scholz","date":"29. Dezember 2021","format":false,"excerpt":"","rel":"","context":"\u00c4hnlicher Beitrag","block_context":{"text":"\u00c4hnlicher Beitrag","link":""},"img":{"alt_text":"","src":"","width":0,"height":0},"classes":[]},{"id":29,"url":"https:\/\/paulinenaue.info\/index.php\/neues\/","url_meta":{"origin":418952,"position":2},"title":"Neuigkeiten","author":"Elisa","date":"29. Oktober 2015","format":false,"excerpt":"","rel":"","context":"\u00c4hnlicher Beitrag","block_context":{"text":"\u00c4hnlicher Beitrag","link":""},"img":{"alt_text":"","src":"","width":0,"height":0},"classes":[]},{"id":417921,"url":"https:\/\/paulinenaue.info\/index.php\/einschaltbild-mai-2025-storch-auf-der-shilow-ranch\/","url_meta":{"origin":418952,"position":3},"title":"Einschaltbild Mai 2025","author":"Joachim Scholz","date":"25. Mai 2025","format":false,"excerpt":"Storch auf der ,Shilow-Ranch\u2018","rel":"","context":"\u00c4hnlicher Beitrag","block_context":{"text":"\u00c4hnlicher Beitrag","link":""},"img":{"alt_text":"","src":"https:\/\/i0.wp.com\/paulinenaue.info\/wp-content\/uploads\/2025\/05\/2025-05-01-Storch-auf-Ranch-01.jpeg?resize=350%2C200&ssl=1","width":350,"height":200,"srcset":"https:\/\/i0.wp.com\/paulinenaue.info\/wp-content\/uploads\/2025\/05\/2025-05-01-Storch-auf-Ranch-01.jpeg?resize=350%2C200&ssl=1 1x, https:\/\/i0.wp.com\/paulinenaue.info\/wp-content\/uploads\/2025\/05\/2025-05-01-Storch-auf-Ranch-01.jpeg?resize=525%2C300&ssl=1 1.5x, https:\/\/i0.wp.com\/paulinenaue.info\/wp-content\/uploads\/2025\/05\/2025-05-01-Storch-auf-Ranch-01.jpeg?resize=700%2C400&ssl=1 2x"},"classes":[]},{"id":324201,"url":"https:\/\/paulinenaue.info\/index.php\/tourismus\/geocaching\/","url_meta":{"origin":418952,"position":4},"title":"Geocaching in Paulinenaue","author":"Konstantin von der Waydbrink","date":"28. Juli 2022","format":false,"excerpt":"","rel":"","context":"\u00c4hnlicher Beitrag","block_context":{"text":"\u00c4hnlicher Beitrag","link":""},"img":{"alt_text":"","src":"https:\/\/i0.wp.com\/paulinenaue.info\/wp-content\/uploads\/2026\/03\/Paulinenaue-Geocaching-Ausschnitt.jpg?resize=350%2C200&ssl=1","width":350,"height":200,"srcset":"https:\/\/i0.wp.com\/paulinenaue.info\/wp-content\/uploads\/2026\/03\/Paulinenaue-Geocaching-Ausschnitt.jpg?resize=350%2C200&ssl=1 1x, https:\/\/i0.wp.com\/paulinenaue.info\/wp-content\/uploads\/2026\/03\/Paulinenaue-Geocaching-Ausschnitt.jpg?resize=525%2C300&ssl=1 1.5x, https:\/\/i0.wp.com\/paulinenaue.info\/wp-content\/uploads\/2026\/03\/Paulinenaue-Geocaching-Ausschnitt.jpg?resize=700%2C400&ssl=1 2x"},"classes":[]},{"id":26,"url":"https:\/\/paulinenaue.info\/index.php\/tourismus\/","url_meta":{"origin":418952,"position":5},"title":"Paulinenaue entdecken","author":"Elisa","date":"29. Oktober 2015","format":false,"excerpt":"","rel":"","context":"\u00c4hnlicher Beitrag","block_context":{"text":"\u00c4hnlicher Beitrag","link":""},"img":{"alt_text":"","src":"https:\/\/i0.wp.com\/paulinenaue.info\/wp-content\/uploads\/2025\/03\/A64D5D60-47E7-45E8-BFE3-0678F0147972_1_201_a-1200x378.jpeg?resize=350%2C200&ssl=1","width":350,"height":200,"srcset":"https:\/\/i0.wp.com\/paulinenaue.info\/wp-content\/uploads\/2025\/03\/A64D5D60-47E7-45E8-BFE3-0678F0147972_1_201_a-1200x378.jpeg?resize=350%2C200&ssl=1 1x, https:\/\/i0.wp.com\/paulinenaue.info\/wp-content\/uploads\/2025\/03\/A64D5D60-47E7-45E8-BFE3-0678F0147972_1_201_a-1200x378.jpeg?resize=525%2C300&ssl=1 1.5x, https:\/\/i0.wp.com\/paulinenaue.info\/wp-content\/uploads\/2025\/03\/A64D5D60-47E7-45E8-BFE3-0678F0147972_1_201_a-1200x378.jpeg?resize=700%2C400&ssl=1 2x, https:\/\/i0.wp.com\/paulinenaue.info\/wp-content\/uploads\/2025\/03\/A64D5D60-47E7-45E8-BFE3-0678F0147972_1_201_a-1200x378.jpeg?resize=1050%2C600&ssl=1 3x"},"classes":[]}],"ticketed":false,"_links":{"self":[{"href":"https:\/\/paulinenaue.info\/index.php\/wp-json\/wp\/v2\/pages\/418952","targetHints":{"allow":["GET"]}}],"collection":[{"href":"https:\/\/paulinenaue.info\/index.php\/wp-json\/wp\/v2\/pages"}],"about":[{"href":"https:\/\/paulinenaue.info\/index.php\/wp-json\/wp\/v2\/types\/page"}],"author":[{"embeddable":true,"href":"https:\/\/paulinenaue.info\/index.php\/wp-json\/wp\/v2\/users\/1"}],"replies":[{"embeddable":true,"href":"https:\/\/paulinenaue.info\/index.php\/wp-json\/wp\/v2\/comments?post=418952"}],"version-history":[{"count":7,"href":"https:\/\/paulinenaue.info\/index.php\/wp-json\/wp\/v2\/pages\/418952\/revisions"}],"predecessor-version":[{"id":419123,"href":"https:\/\/paulinenaue.info\/index.php\/wp-json\/wp\/v2\/pages\/418952\/revisions\/419123"}],"wp:featuredmedia":[{"embeddable":true,"href":"https:\/\/paulinenaue.info\/index.php\/wp-json\/wp\/v2\/media\/418955"}],"wp:attachment":[{"href":"https:\/\/paulinenaue.info\/index.php\/wp-json\/wp\/v2\/media?parent=418952"}],"curies":[{"name":"wp","href":"https:\/\/api.w.org\/{rel}","templated":true}]}}