{"id":419107,"date":"2026-03-12T21:59:42","date_gmt":"2026-03-12T20:59:42","guid":{"rendered":"https:\/\/paulinenaue.info\/?page_id=419107"},"modified":"2026-03-13T10:05:20","modified_gmt":"2026-03-13T09:05:20","slug":"verzeichnung-des-archivs-der-paulinenauer-feuerwehr","status":"publish","type":"page","link":"https:\/\/paulinenaue.info\/index.php\/verzeichnung-des-archivs-der-paulinenauer-feuerwehr\/","title":{"rendered":"Verzeichnung des Paulinenauer Feuerwehrarchivs"},"content":{"rendered":"<p>Vor dem Abriss des Paulinenauer Feuerwehrdepots \u00fcbergab die Freiwillige Feuerwehr am 19. Januar 2025 Teile ihres dort aufgefundenen Archives an den <a href=\"https:\/\/paulinenaue.info\/index.php\/kulturverein\/\">Kulturverein<\/a> zur Verzeichnung. Das Material besteht aus Aktenordnern, Einlegemappen, Schnellheftern und Heften im Din A 4 und Din A 5-Format, aus einer umfangreichen Urkunden- und Fotosammlung sowie Filmaufnahmen und vielem losen Material.<\/p>\n<p>Besonders der Paulinenauer Wehrleiter Gerd Gnewikow (1954\u20132010) hatte die schriftliche Vereinsverwaltung und die Dokumentation sehr ernst genommen. Die meisten Akten sind aus der Zeit seiner Leitungst\u00e4tigkeit in den 1980er und 1990er Jahren \u00fcberliefert.<\/p>\n<div id=\"attachment_417496\" style=\"width: 610px\" class=\"wp-caption alignnone\"><a href=\"https:\/\/paulinenaue.info\/wp-content\/uploads\/2025\/03\/55C82C9F-F925-4C5D-9BFC-B4A29D65BC44_1_201_a-scaled.jpeg\"><img decoding=\"async\" aria-describedby=\"caption-attachment-417496\" data-attachment-id=\"417496\" data-permalink=\"https:\/\/paulinenaue.info\/index.php\/kulturverein\/55c82c9f-f925-4c5d-9bfc-b4a29d65bc44_1_201_a\/\" data-orig-file=\"https:\/\/paulinenaue.info\/wp-content\/uploads\/2025\/03\/55C82C9F-F925-4C5D-9BFC-B4A29D65BC44_1_201_a-scaled.jpeg\" data-orig-size=\"2560,1819\" data-comments-opened=\"1\" data-image-meta=\"{&quot;aperture&quot;:&quot;2.8&quot;,&quot;credit&quot;:&quot;&quot;,&quot;camera&quot;:&quot;DSC-RX10M3&quot;,&quot;caption&quot;:&quot;&quot;,&quot;created_timestamp&quot;:&quot;1741707880&quot;,&quot;copyright&quot;:&quot;&quot;,&quot;focal_length&quot;:&quot;11.51&quot;,&quot;iso&quot;:&quot;200&quot;,&quot;shutter_speed&quot;:&quot;0.025&quot;,&quot;title&quot;:&quot;&quot;,&quot;orientation&quot;:&quot;1&quot;}\" data-image-title=\"55C82C9F-F925-4C5D-9BFC-B4A29D65BC44_1_201_a\" data-image-description=\"\" data-image-caption=\"\" data-large-file=\"https:\/\/paulinenaue.info\/wp-content\/uploads\/2025\/03\/55C82C9F-F925-4C5D-9BFC-B4A29D65BC44_1_201_a-1024x728.jpeg\" class=\"lazyload wp-image-417496 size-fusion-600\" src=\"https:\/\/paulinenaue.info\/wp-content\/uploads\/2025\/03\/55C82C9F-F925-4C5D-9BFC-B4A29D65BC44_1_201_a-600x426.jpeg\" data-orig-src=\"https:\/\/paulinenaue.info\/wp-content\/uploads\/2025\/03\/55C82C9F-F925-4C5D-9BFC-B4A29D65BC44_1_201_a-600x426.jpeg\" alt=\"\" width=\"600\" height=\"426\" srcset=\"data:image\/svg+xml,%3Csvg%20xmlns%3D%27http%3A%2F%2Fwww.w3.org%2F2000%2Fsvg%27%20width%3D%27600%27%20height%3D%27426%27%20viewBox%3D%270%200%20600%20426%27%3E%3Crect%20width%3D%27600%27%20height%3D%27426%27%20fill-opacity%3D%220%22%2F%3E%3C%2Fsvg%3E\" data-srcset=\"https:\/\/paulinenaue.info\/wp-content\/uploads\/2025\/03\/55C82C9F-F925-4C5D-9BFC-B4A29D65BC44_1_201_a-200x142.jpeg 200w, https:\/\/paulinenaue.info\/wp-content\/uploads\/2025\/03\/55C82C9F-F925-4C5D-9BFC-B4A29D65BC44_1_201_a-300x213.jpeg 300w, https:\/\/paulinenaue.info\/wp-content\/uploads\/2025\/03\/55C82C9F-F925-4C5D-9BFC-B4A29D65BC44_1_201_a-400x284.jpeg 400w, https:\/\/paulinenaue.info\/wp-content\/uploads\/2025\/03\/55C82C9F-F925-4C5D-9BFC-B4A29D65BC44_1_201_a-600x426.jpeg 600w, https:\/\/paulinenaue.info\/wp-content\/uploads\/2025\/03\/55C82C9F-F925-4C5D-9BFC-B4A29D65BC44_1_201_a-768x546.jpeg 768w, https:\/\/paulinenaue.info\/wp-content\/uploads\/2025\/03\/55C82C9F-F925-4C5D-9BFC-B4A29D65BC44_1_201_a-800x568.jpeg 800w, https:\/\/paulinenaue.info\/wp-content\/uploads\/2025\/03\/55C82C9F-F925-4C5D-9BFC-B4A29D65BC44_1_201_a-1024x728.jpeg 1024w, https:\/\/paulinenaue.info\/wp-content\/uploads\/2025\/03\/55C82C9F-F925-4C5D-9BFC-B4A29D65BC44_1_201_a-1200x853.jpeg 1200w, https:\/\/paulinenaue.info\/wp-content\/uploads\/2025\/03\/55C82C9F-F925-4C5D-9BFC-B4A29D65BC44_1_201_a-1536x1091.jpeg 1536w\" data-sizes=\"auto\" data-orig-sizes=\"(max-width: 600px) 100vw, 600px\" \/><\/a><p id=\"caption-attachment-417496\" class=\"wp-caption-text\"><em>Unter den Papieren des Feuerwehrarchivs befindet sich auch dieser Plan f\u00fcr die Erweiterung des Feuerwehrdepots von 1983.<\/em><\/p><\/div>\n<p>Im <a href=\"https:\/\/paulinenaue.info\/index.php\/kulturverein\/paulinenaue-archiv\/\">Kulturvereinsarchiv<\/a> werden diese Materialien ges\u00e4ubert, gesichtet und in Aktenkartons und Stehsammlern unter Beibehaltung der von Gerd Gnewikow eingerichteten Ordnung neu sortiert. Ein von Bodo N\u00fcse (1940\u20132021) angefertigtes Fotoalbum sowie das Filmmaterial wurde digitalisiert. Sp\u00e4ter geht das Material zur\u00fcck an die Feuerwehr, die im neuen Ger\u00e4tehaus daf\u00fcr sicher einen geeigneten Platz finden wird.<\/p>\n<p>&nbsp;<\/p>\n<div class=\"so-widget-sow-editor so-widget-sow-editor-base\">\n<div class=\"mceTemp\"><\/div>\n<\/div>\n<div class=\"mceTemp\"><\/div>\n<div class=\"so-widget-sow-editor so-widget-sow-editor-base\">\n<div class=\"mceTemp\">\n<p>&nbsp;<\/p>\n<\/div>\n<\/div>\n","protected":false},"excerpt":{"rendered":"<p>Vor dem Abriss des Paulinenauer Feuerwehrdepots \u00fcbergab die Freiwillige Feuerwehr [&hellip;]<\/p>\n","protected":false},"author":1,"featured_media":0,"parent":0,"menu_order":0,"comment_status":"closed","ping_status":"closed","template":"","meta":{"_acf_changed":false,"_price":"","_stock":"","_tribe_ticket_header":"","_tribe_default_ticket_provider":"","_tribe_ticket_capacity":"0","_ticket_start_date":"","_ticket_end_date":"","_tribe_ticket_show_description":"","_tribe_ticket_show_not_going":false,"_tribe_ticket_use_global_stock":"","_tribe_ticket_global_stock_level":"","_global_stock_mode":"","_global_stock_cap":"","_tribe_rsvp_for_event":"","_tribe_ticket_going_count":"","_tribe_ticket_not_going_count":"","_tribe_tickets_list":"[]","_tribe_ticket_has_attendee_info_fields":false,"footnotes":"","_tec_slr_enabled":"","_tec_slr_layout":""},"class_list":["post-419107","page","type-page","status-publish","hentry"],"acf":[],"yoast_head":"<!-- This site is optimized with the Yoast SEO plugin v27.5 - https:\/\/yoast.com\/product\/yoast-seo-wordpress\/ -->\n<title>Verzeichnung des Paulinenauer Feuerwehrarchivs - Paulinenaue<\/title>\n<meta name=\"robots\" content=\"index, follow, max-snippet:-1, max-image-preview:large, max-video-preview:-1\" \/>\n<link rel=\"canonical\" href=\"https:\/\/paulinenaue.info\/index.php\/verzeichnung-des-archivs-der-paulinenauer-feuerwehr\/\" \/>\n<meta property=\"og:locale\" content=\"de_DE\" \/>\n<meta property=\"og:type\" content=\"article\" \/>\n<meta property=\"og:title\" content=\"Verzeichnung des Paulinenauer Feuerwehrarchivs - Paulinenaue\" \/>\n<meta property=\"og:description\" content=\"Vor dem Abriss des Paulinenauer Feuerwehrdepots \u00fcbergab die Freiwillige Feuerwehr [&hellip;]\" \/>\n<meta property=\"og:url\" content=\"https:\/\/paulinenaue.info\/index.php\/verzeichnung-des-archivs-der-paulinenauer-feuerwehr\/\" \/>\n<meta property=\"og:site_name\" content=\"Paulinenaue\" \/>\n<meta property=\"article:modified_time\" content=\"2026-03-13T09:05:20+00:00\" \/>\n<meta property=\"og:image\" content=\"https:\/\/paulinenaue.info\/wp-content\/uploads\/2025\/03\/55C82C9F-F925-4C5D-9BFC-B4A29D65BC44_1_201_a-scaled.jpeg\" \/>\n\t<meta property=\"og:image:width\" content=\"2560\" \/>\n\t<meta property=\"og:image:height\" content=\"1819\" \/>\n\t<meta property=\"og:image:type\" content=\"image\/jpeg\" \/>\n<meta name=\"twitter:card\" content=\"summary_large_image\" \/>\n<meta name=\"twitter:label1\" content=\"Gesch\u00e4tzte Lesezeit\" \/>\n\t<meta name=\"twitter:data1\" content=\"2\u00a0Minuten\" \/>\n<script type=\"application\/ld+json\" class=\"yoast-schema-graph\">{\"@context\":\"https:\\\/\\\/schema.org\",\"@graph\":[{\"@type\":\"WebPage\",\"@id\":\"https:\\\/\\\/paulinenaue.info\\\/index.php\\\/verzeichnung-des-archivs-der-paulinenauer-feuerwehr\\\/\",\"url\":\"https:\\\/\\\/paulinenaue.info\\\/index.php\\\/verzeichnung-des-archivs-der-paulinenauer-feuerwehr\\\/\",\"name\":\"Verzeichnung des Paulinenauer Feuerwehrarchivs - Paulinenaue\",\"isPartOf\":{\"@id\":\"https:\\\/\\\/paulinenaue.info\\\/#website\"},\"primaryImageOfPage\":{\"@id\":\"https:\\\/\\\/paulinenaue.info\\\/index.php\\\/verzeichnung-des-archivs-der-paulinenauer-feuerwehr\\\/#primaryimage\"},\"image\":{\"@id\":\"https:\\\/\\\/paulinenaue.info\\\/index.php\\\/verzeichnung-des-archivs-der-paulinenauer-feuerwehr\\\/#primaryimage\"},\"thumbnailUrl\":\"https:\\\/\\\/paulinenaue.info\\\/wp-content\\\/uploads\\\/2025\\\/03\\\/55C82C9F-F925-4C5D-9BFC-B4A29D65BC44_1_201_a-600x426.jpeg\",\"datePublished\":\"2026-03-12T20:59:42+00:00\",\"dateModified\":\"2026-03-13T09:05:20+00:00\",\"breadcrumb\":{\"@id\":\"https:\\\/\\\/paulinenaue.info\\\/index.php\\\/verzeichnung-des-archivs-der-paulinenauer-feuerwehr\\\/#breadcrumb\"},\"inLanguage\":\"de\",\"potentialAction\":[{\"@type\":\"ReadAction\",\"target\":[\"https:\\\/\\\/paulinenaue.info\\\/index.php\\\/verzeichnung-des-archivs-der-paulinenauer-feuerwehr\\\/\"]}]},{\"@type\":\"ImageObject\",\"inLanguage\":\"de\",\"@id\":\"https:\\\/\\\/paulinenaue.info\\\/index.php\\\/verzeichnung-des-archivs-der-paulinenauer-feuerwehr\\\/#primaryimage\",\"url\":\"https:\\\/\\\/paulinenaue.info\\\/wp-content\\\/uploads\\\/2025\\\/03\\\/55C82C9F-F925-4C5D-9BFC-B4A29D65BC44_1_201_a-scaled.jpeg\",\"contentUrl\":\"https:\\\/\\\/paulinenaue.info\\\/wp-content\\\/uploads\\\/2025\\\/03\\\/55C82C9F-F925-4C5D-9BFC-B4A29D65BC44_1_201_a-scaled.jpeg\",\"width\":2560,\"height\":1819},{\"@type\":\"BreadcrumbList\",\"@id\":\"https:\\\/\\\/paulinenaue.info\\\/index.php\\\/verzeichnung-des-archivs-der-paulinenauer-feuerwehr\\\/#breadcrumb\",\"itemListElement\":[{\"@type\":\"ListItem\",\"position\":1,\"name\":\"Home\",\"item\":\"https:\\\/\\\/paulinenaue.info\\\/\"},{\"@type\":\"ListItem\",\"position\":2,\"name\":\"Verzeichnung des Paulinenauer Feuerwehrarchivs\"}]},{\"@type\":\"WebSite\",\"@id\":\"https:\\\/\\\/paulinenaue.info\\\/#website\",\"url\":\"https:\\\/\\\/paulinenaue.info\\\/\",\"name\":\"Paulinenaue\",\"description\":\"Ein Dorf im Havelland\",\"potentialAction\":[{\"@type\":\"SearchAction\",\"target\":{\"@type\":\"EntryPoint\",\"urlTemplate\":\"https:\\\/\\\/paulinenaue.info\\\/?s={search_term_string}\"},\"query-input\":{\"@type\":\"PropertyValueSpecification\",\"valueRequired\":true,\"valueName\":\"search_term_string\"}}],\"inLanguage\":\"de\"}]}<\/script>\n<!-- \/ Yoast SEO plugin. -->","yoast_head_json":{"title":"Verzeichnung des Paulinenauer Feuerwehrarchivs - Paulinenaue","robots":{"index":"index","follow":"follow","max-snippet":"max-snippet:-1","max-image-preview":"max-image-preview:large","max-video-preview":"max-video-preview:-1"},"canonical":"https:\/\/paulinenaue.info\/index.php\/verzeichnung-des-archivs-der-paulinenauer-feuerwehr\/","og_locale":"de_DE","og_type":"article","og_title":"Verzeichnung des Paulinenauer Feuerwehrarchivs - Paulinenaue","og_description":"Vor dem Abriss des Paulinenauer Feuerwehrdepots \u00fcbergab die Freiwillige Feuerwehr [&hellip;]","og_url":"https:\/\/paulinenaue.info\/index.php\/verzeichnung-des-archivs-der-paulinenauer-feuerwehr\/","og_site_name":"Paulinenaue","article_modified_time":"2026-03-13T09:05:20+00:00","og_image":[{"width":2560,"height":1819,"url":"https:\/\/paulinenaue.info\/wp-content\/uploads\/2025\/03\/55C82C9F-F925-4C5D-9BFC-B4A29D65BC44_1_201_a-scaled.jpeg","type":"image\/jpeg"}],"twitter_card":"summary_large_image","twitter_misc":{"Gesch\u00e4tzte Lesezeit":"2\u00a0Minuten"},"schema":{"@context":"https:\/\/schema.org","@graph":[{"@type":"WebPage","@id":"https:\/\/paulinenaue.info\/index.php\/verzeichnung-des-archivs-der-paulinenauer-feuerwehr\/","url":"https:\/\/paulinenaue.info\/index.php\/verzeichnung-des-archivs-der-paulinenauer-feuerwehr\/","name":"Verzeichnung des Paulinenauer Feuerwehrarchivs - Paulinenaue","isPartOf":{"@id":"https:\/\/paulinenaue.info\/#website"},"primaryImageOfPage":{"@id":"https:\/\/paulinenaue.info\/index.php\/verzeichnung-des-archivs-der-paulinenauer-feuerwehr\/#primaryimage"},"image":{"@id":"https:\/\/paulinenaue.info\/index.php\/verzeichnung-des-archivs-der-paulinenauer-feuerwehr\/#primaryimage"},"thumbnailUrl":"https:\/\/paulinenaue.info\/wp-content\/uploads\/2025\/03\/55C82C9F-F925-4C5D-9BFC-B4A29D65BC44_1_201_a-600x426.jpeg","datePublished":"2026-03-12T20:59:42+00:00","dateModified":"2026-03-13T09:05:20+00:00","breadcrumb":{"@id":"https:\/\/paulinenaue.info\/index.php\/verzeichnung-des-archivs-der-paulinenauer-feuerwehr\/#breadcrumb"},"inLanguage":"de","potentialAction":[{"@type":"ReadAction","target":["https:\/\/paulinenaue.info\/index.php\/verzeichnung-des-archivs-der-paulinenauer-feuerwehr\/"]}]},{"@type":"ImageObject","inLanguage":"de","@id":"https:\/\/paulinenaue.info\/index.php\/verzeichnung-des-archivs-der-paulinenauer-feuerwehr\/#primaryimage","url":"https:\/\/paulinenaue.info\/wp-content\/uploads\/2025\/03\/55C82C9F-F925-4C5D-9BFC-B4A29D65BC44_1_201_a-scaled.jpeg","contentUrl":"https:\/\/paulinenaue.info\/wp-content\/uploads\/2025\/03\/55C82C9F-F925-4C5D-9BFC-B4A29D65BC44_1_201_a-scaled.jpeg","width":2560,"height":1819},{"@type":"BreadcrumbList","@id":"https:\/\/paulinenaue.info\/index.php\/verzeichnung-des-archivs-der-paulinenauer-feuerwehr\/#breadcrumb","itemListElement":[{"@type":"ListItem","position":1,"name":"Home","item":"https:\/\/paulinenaue.info\/"},{"@type":"ListItem","position":2,"name":"Verzeichnung des Paulinenauer Feuerwehrarchivs"}]},{"@type":"WebSite","@id":"https:\/\/paulinenaue.info\/#website","url":"https:\/\/paulinenaue.info\/","name":"Paulinenaue","description":"Ein Dorf im Havelland","potentialAction":[{"@type":"SearchAction","target":{"@type":"EntryPoint","urlTemplate":"https:\/\/paulinenaue.info\/?s={search_term_string}"},"query-input":{"@type":"PropertyValueSpecification","valueRequired":true,"valueName":"search_term_string"}}],"inLanguage":"de"}]}},"jetpack_sharing_enabled":true,"jetpack_shortlink":"https:\/\/wp.me\/PcYhWA-1L1N","jetpack-related-posts":[{"id":6405,"url":"https:\/\/paulinenaue.info\/index.php\/kulturverein\/paulinenaue-archiv\/","url_meta":{"origin":419107,"position":0},"title":"Archiv zur Ortsgeschichte","author":"Joachim Scholz","date":"26. Dezember 2021","format":false,"excerpt":"","rel":"","context":"\u00c4hnlicher Beitrag","block_context":{"text":"\u00c4hnlicher Beitrag","link":""},"img":{"alt_text":"","src":"https:\/\/i0.wp.com\/paulinenaue.info\/wp-content\/uploads\/2021\/12\/2021-12-26-Sicherung-Archivgut-800x414.jpg?resize=350%2C200&ssl=1","width":350,"height":200,"srcset":"https:\/\/i0.wp.com\/paulinenaue.info\/wp-content\/uploads\/2021\/12\/2021-12-26-Sicherung-Archivgut-800x414.jpg?resize=350%2C200&ssl=1 1x, https:\/\/i0.wp.com\/paulinenaue.info\/wp-content\/uploads\/2021\/12\/2021-12-26-Sicherung-Archivgut-800x414.jpg?resize=525%2C300&ssl=1 1.5x, https:\/\/i0.wp.com\/paulinenaue.info\/wp-content\/uploads\/2021\/12\/2021-12-26-Sicherung-Archivgut-800x414.jpg?resize=700%2C400&ssl=1 2x"},"classes":[]},{"id":372,"url":"https:\/\/paulinenaue.info\/index.php\/feuerwehr\/","url_meta":{"origin":419107,"position":1},"title":"Feuerwehr","author":"Elisa","date":"22. M\u00e4rz 2016","format":false,"excerpt":"","rel":"","context":"\u00c4hnlicher Beitrag","block_context":{"text":"\u00c4hnlicher Beitrag","link":""},"img":{"alt_text":"","src":"","width":0,"height":0},"classes":[]},{"id":6530,"url":"https:\/\/paulinenaue.info\/index.php\/neuigkeiten-aus-paulinenaue-2003-2014\/","url_meta":{"origin":419107,"position":2},"title":"Neuigkeiten aus Paulinenaue (2003\u20132014)","author":"Joachim Scholz","date":"29. Dezember 2021","format":false,"excerpt":"","rel":"","context":"\u00c4hnlicher Beitrag","block_context":{"text":"\u00c4hnlicher Beitrag","link":""},"img":{"alt_text":"","src":"","width":0,"height":0},"classes":[]},{"id":4920,"url":"https:\/\/paulinenaue.info\/index.php\/videoprojekt\/","url_meta":{"origin":419107,"position":3},"title":"Videoprojekt","author":"Sarah","date":"15. Juli 2019","format":false,"excerpt":"In dieser Rubrik wollen wir allen neuen und \"alten\" Paulinenauern sowie allen Interessierten unser Dorf aus einer neuen Perspektive zeigen. Bereits im Jahr 2018 haben wir begonnen, erste Filme in einem kleinen Projektteam des Kulturvereins zu drehen und haben dabei tolle Momente mit der Kamera einfangen k\u00f6nnen. Sie zeigen Orte\u2026","rel":"","context":"\u00c4hnlicher Beitrag","block_context":{"text":"\u00c4hnlicher Beitrag","link":""},"img":{"alt_text":"","src":"","width":0,"height":0},"classes":[]},{"id":1604,"url":"https:\/\/paulinenaue.info\/index.php\/volkssolidaritaet\/","url_meta":{"origin":419107,"position":4},"title":"Volkssolidarit\u00e4t","author":"Sarah","date":"8. Oktober 2017","format":false,"excerpt":"","rel":"","context":"\u00c4hnlicher Beitrag","block_context":{"text":"\u00c4hnlicher Beitrag","link":""},"img":{"alt_text":"","src":"https:\/\/i0.wp.com\/paulinenaue.info\/wp-content\/uploads\/2017\/10\/2000px-Signet_Volkssolidaritaet.svg_.png?resize=350%2C200&ssl=1","width":350,"height":200,"srcset":"https:\/\/i0.wp.com\/paulinenaue.info\/wp-content\/uploads\/2017\/10\/2000px-Signet_Volkssolidaritaet.svg_.png?resize=350%2C200&ssl=1 1x, https:\/\/i0.wp.com\/paulinenaue.info\/wp-content\/uploads\/2017\/10\/2000px-Signet_Volkssolidaritaet.svg_.png?resize=525%2C300&ssl=1 1.5x, https:\/\/i0.wp.com\/paulinenaue.info\/wp-content\/uploads\/2017\/10\/2000px-Signet_Volkssolidaritaet.svg_.png?resize=700%2C400&ssl=1 2x, https:\/\/i0.wp.com\/paulinenaue.info\/wp-content\/uploads\/2017\/10\/2000px-Signet_Volkssolidaritaet.svg_.png?resize=1050%2C600&ssl=1 3x, https:\/\/i0.wp.com\/paulinenaue.info\/wp-content\/uploads\/2017\/10\/2000px-Signet_Volkssolidaritaet.svg_.png?resize=1400%2C800&ssl=1 4x"},"classes":[]},{"id":324201,"url":"https:\/\/paulinenaue.info\/index.php\/tourismus\/geocaching\/","url_meta":{"origin":419107,"position":5},"title":"Geocaching in Paulinenaue","author":"Konstantin von der Waydbrink","date":"28. Juli 2022","format":false,"excerpt":"","rel":"","context":"\u00c4hnlicher Beitrag","block_context":{"text":"\u00c4hnlicher Beitrag","link":""},"img":{"alt_text":"","src":"https:\/\/i0.wp.com\/paulinenaue.info\/wp-content\/uploads\/2026\/03\/Paulinenaue-Geocaching-Ausschnitt.jpg?resize=350%2C200&ssl=1","width":350,"height":200,"srcset":"https:\/\/i0.wp.com\/paulinenaue.info\/wp-content\/uploads\/2026\/03\/Paulinenaue-Geocaching-Ausschnitt.jpg?resize=350%2C200&ssl=1 1x, https:\/\/i0.wp.com\/paulinenaue.info\/wp-content\/uploads\/2026\/03\/Paulinenaue-Geocaching-Ausschnitt.jpg?resize=525%2C300&ssl=1 1.5x, https:\/\/i0.wp.com\/paulinenaue.info\/wp-content\/uploads\/2026\/03\/Paulinenaue-Geocaching-Ausschnitt.jpg?resize=700%2C400&ssl=1 2x"},"classes":[]}],"ticketed":false,"_links":{"self":[{"href":"https:\/\/paulinenaue.info\/index.php\/wp-json\/wp\/v2\/pages\/419107","targetHints":{"allow":["GET"]}}],"collection":[{"href":"https:\/\/paulinenaue.info\/index.php\/wp-json\/wp\/v2\/pages"}],"about":[{"href":"https:\/\/paulinenaue.info\/index.php\/wp-json\/wp\/v2\/types\/page"}],"author":[{"embeddable":true,"href":"https:\/\/paulinenaue.info\/index.php\/wp-json\/wp\/v2\/users\/1"}],"replies":[{"embeddable":true,"href":"https:\/\/paulinenaue.info\/index.php\/wp-json\/wp\/v2\/comments?post=419107"}],"version-history":[{"count":9,"href":"https:\/\/paulinenaue.info\/index.php\/wp-json\/wp\/v2\/pages\/419107\/revisions"}],"predecessor-version":[{"id":419142,"href":"https:\/\/paulinenaue.info\/index.php\/wp-json\/wp\/v2\/pages\/419107\/revisions\/419142"}],"wp:attachment":[{"href":"https:\/\/paulinenaue.info\/index.php\/wp-json\/wp\/v2\/media?parent=419107"}],"curies":[{"name":"wp","href":"https:\/\/api.w.org\/{rel}","templated":true}]}}