{"id":456,"date":"2016-03-22T20:37:15","date_gmt":"2016-03-22T19:37:15","guid":{"rendered":"https:\/\/sudile.com\/paue\/?page_id=456"},"modified":"2026-03-15T01:29:41","modified_gmt":"2026-03-15T00:29:41","slug":"kulturverein","status":"publish","type":"page","link":"https:\/\/paulinenaue.info\/index.php\/kulturverein\/","title":{"rendered":"Paulinenauer Kulturverein"},"content":{"rendered":"<p><span style=\"font-size: 16px;\">Der Paulinenauer Kulturverein e.V. wurde 2006 gegr\u00fcndet. Zu seinen Aktivit\u00e4ten geh\u00f6ren die F\u00f6rderung des kulturellen Lebens, die Besch\u00e4ftigung mit der Ortsgeschichte sowie der Denkmalschutz im Dorf. Besonders bem\u00fcht ist der Verein um den Erhalt des klassizistischen Bahnhofsgeb\u00e4udes, des wichtigsten Geb\u00e4udes von Paulinenaue. Bei den <\/span><a style=\"font-size: 16px;\" href=\"https:\/\/paulinenaue.info\/index.php\/wahlergebnisse-europa-und-kommunal\/\">Kommunalwahlen im Juni 2024<\/a><span style=\"font-size: 16px;\"> errang der Kulturverein einen zweiten Sitz in der Paulinenauer Gemeindevertretung.<\/span><\/p>\n<div id=\"pl-456\" class=\"panel-layout\">\n<div id=\"pg-456-0\" class=\"panel-grid panel-no-style\">\n<div id=\"pgc-456-0-0\" class=\"panel-grid-cell\" data-weight=\"0.5\">\n<div id=\"panel-456-0-0-0\" class=\"so-panel widget widget_sow-editor panel-first-child panel-last-child\" data-index=\"0\" data-style=\"{\">\n<div class=\"so-widget-sow-editor so-widget-sow-editor-base\"><\/div>\n<div class=\"so-widget-sow-editor so-widget-sow-editor-base\">\n<div class=\"mceTemp\">\n<div id=\"attachment_419113\" style=\"width: 610px\" class=\"wp-caption alignnone\"><a href=\"https:\/\/paulinenaue.info\/wp-content\/uploads\/2026\/03\/22026-01-25-Jahresversammlung-Kulturverein.jpeg\"><img decoding=\"async\" aria-describedby=\"caption-attachment-419113\" data-attachment-id=\"419113\" data-permalink=\"https:\/\/paulinenaue.info\/index.php\/kulturverein\/22026-01-25-jahresversammlung-kulturverein\/\" data-orig-file=\"https:\/\/paulinenaue.info\/wp-content\/uploads\/2026\/03\/22026-01-25-Jahresversammlung-Kulturverein.jpeg\" data-orig-size=\"1000,667\" data-comments-opened=\"1\" data-image-meta=\"{&quot;aperture&quot;:&quot;2.5&quot;,&quot;credit&quot;:&quot;&quot;,&quot;camera&quot;:&quot;DSC-RX10M3&quot;,&quot;caption&quot;:&quot;&quot;,&quot;created_timestamp&quot;:&quot;1769374724&quot;,&quot;copyright&quot;:&quot;&quot;,&quot;focal_length&quot;:&quot;8.82&quot;,&quot;iso&quot;:&quot;800&quot;,&quot;shutter_speed&quot;:&quot;0.076923076923077&quot;,&quot;title&quot;:&quot;&quot;,&quot;orientation&quot;:&quot;1&quot;}\" data-image-title=\"22026-01-25, Jahresversammlung Kulturverein\" data-image-description=\"\" data-image-caption=\"&lt;p&gt;Jahresversammlung des Kulturvereins im Jubil\u00e4umsjahr 2026. Foto: J. Scholz.&lt;\/p&gt;\n\" data-large-file=\"https:\/\/paulinenaue.info\/wp-content\/uploads\/2026\/03\/22026-01-25-Jahresversammlung-Kulturverein.jpeg\" class=\"lazyload wp-image-419113 size-fusion-600\" src=\"https:\/\/paulinenaue.info\/wp-content\/uploads\/2026\/03\/22026-01-25-Jahresversammlung-Kulturverein-600x400.jpeg\" data-orig-src=\"https:\/\/paulinenaue.info\/wp-content\/uploads\/2026\/03\/22026-01-25-Jahresversammlung-Kulturverein-600x400.jpeg\" alt=\"\" width=\"600\" height=\"400\" srcset=\"data:image\/svg+xml,%3Csvg%20xmlns%3D%27http%3A%2F%2Fwww.w3.org%2F2000%2Fsvg%27%20width%3D%27600%27%20height%3D%27400%27%20viewBox%3D%270%200%20600%20400%27%3E%3Crect%20width%3D%27600%27%20height%3D%27400%27%20fill-opacity%3D%220%22%2F%3E%3C%2Fsvg%3E\" data-srcset=\"https:\/\/paulinenaue.info\/wp-content\/uploads\/2026\/03\/22026-01-25-Jahresversammlung-Kulturverein-200x133.jpeg 200w, https:\/\/paulinenaue.info\/wp-content\/uploads\/2026\/03\/22026-01-25-Jahresversammlung-Kulturverein-300x200.jpeg 300w, https:\/\/paulinenaue.info\/wp-content\/uploads\/2026\/03\/22026-01-25-Jahresversammlung-Kulturverein-400x267.jpeg 400w, https:\/\/paulinenaue.info\/wp-content\/uploads\/2026\/03\/22026-01-25-Jahresversammlung-Kulturverein-600x400.jpeg 600w, https:\/\/paulinenaue.info\/wp-content\/uploads\/2026\/03\/22026-01-25-Jahresversammlung-Kulturverein-768x512.jpeg 768w, https:\/\/paulinenaue.info\/wp-content\/uploads\/2026\/03\/22026-01-25-Jahresversammlung-Kulturverein-800x534.jpeg 800w, https:\/\/paulinenaue.info\/wp-content\/uploads\/2026\/03\/22026-01-25-Jahresversammlung-Kulturverein.jpeg 1000w\" data-sizes=\"auto\" data-orig-sizes=\"(max-width: 600px) 100vw, 600px\" \/><\/a><p id=\"caption-attachment-419113\" class=\"wp-caption-text\"><em>Jahresversammlung des Kulturvereins im Jubil\u00e4umsjahr 2026. Foto: J. Scholz.<\/em><\/p><\/div>\n<div class=\"siteorigin-widget-tinymce textwidget\">\n<p>Liegt auch Ihnen Paulinenaue am Herzen? Interessieren Sie sich f\u00fcr die <a href=\"https:\/\/paulinenaue.info\/index.php\/chroniken-von-paulinenaue\/\">Geschichte des Dorfes<\/a>, f\u00fcr die Mitarbeit an der Internetseite von Paulinenaue oder daf\u00fcr, dass das kulturelle Leben im Jahresverlauf durch Feiern, Konzerte oder durch Ihr eigenes Hobby bereichert wird? Auch wenn Sie die Arbeit des Kulturvereins einfach durch Ihre Mitgliedschaft symbolisch unterst\u00fctzen m\u00f6chten, sind Sie bei uns herzlich willkommen.<\/p>\n<p>Joachim Scholz<br \/>\nVereinsvorsitzender<\/p>\n<p>05.01.2026<\/p>\n<\/div>\n<\/div>\n<\/div>\n<\/div>\n<\/div>\n<\/div>\n<h4>Neues \u2013 Notizen aus der Vereinsarbeit<\/h4>\n<p>&nbsp;<\/p>\n<p><a href=\"http:\/\/paulinenaue.info\/wp-content\/uploads\/2017\/11\/Beitrittserklarung-und-Satzung-2017.pdf\">Beitrittserkl\u00e4rung und Satzung<\/a><\/p>\n<h4>Mehr<\/h4>\n<p><a href=\"https:\/\/paulinenaue.info\/index.php\/kulturverein\/paulinenaue-archiv\/\">Ortsgeschichtliches Archiv<\/a><br \/>\n<a href=\"https:\/\/paulinenaue.info\/index.php\/videoprojekt\/\">Videoprojekt Paulinenaue entdecken<\/a><\/p>\n<h4>Kontakt<\/h4>\n<p><a href=\"mailto:kulturverein@paulinenaue.info\">kulturverein@paulinenaue.info<\/a><\/p>\n<p>[\/fusion_text][\/fusion_builder_column][\/fusion_builder_row][\/fusion_builder_container]<\/p>\n<\/div>\n","protected":false},"excerpt":{"rendered":"<p>Der Paulinenauer Kulturverein e.V. wurde 2006 gegr\u00fcndet. Zu seinen Aktivit\u00e4ten [&hellip;]<\/p>\n","protected":false},"author":2,"featured_media":0,"parent":0,"menu_order":0,"comment_status":"closed","ping_status":"closed","template":"","meta":{"_acf_changed":false,"_price":"","_stock":"","_tribe_ticket_header":"","_tribe_default_ticket_provider":"","_tribe_ticket_capacity":"0","_ticket_start_date":"","_ticket_end_date":"","_tribe_ticket_show_description":"","_tribe_ticket_show_not_going":false,"_tribe_ticket_use_global_stock":"","_tribe_ticket_global_stock_level":"","_global_stock_mode":"","_global_stock_cap":"","_tribe_rsvp_for_event":"","_tribe_ticket_going_count":"","_tribe_ticket_not_going_count":"","_tribe_tickets_list":"[]","_tribe_ticket_has_attendee_info_fields":false,"footnotes":"","_tec_slr_enabled":"","_tec_slr_layout":""},"class_list":["post-456","page","type-page","status-publish","hentry"],"acf":[],"yoast_head":"<!-- This site is optimized with the Yoast SEO plugin v27.6 - https:\/\/yoast.com\/product\/yoast-seo-wordpress\/ -->\n<title>Paulinenauer Kulturverein - Paulinenaue<\/title>\n<meta name=\"robots\" content=\"index, follow, max-snippet:-1, max-image-preview:large, max-video-preview:-1\" \/>\n<link rel=\"canonical\" href=\"https:\/\/paulinenaue.info\/index.php\/kulturverein\/\" \/>\n<meta property=\"og:locale\" content=\"de_DE\" \/>\n<meta property=\"og:type\" content=\"article\" \/>\n<meta property=\"og:title\" content=\"Paulinenauer Kulturverein - Paulinenaue\" \/>\n<meta property=\"og:description\" content=\"Der Paulinenauer Kulturverein e.V. wurde 2006 gegr\u00fcndet. Zu seinen Aktivit\u00e4ten [&hellip;]\" \/>\n<meta property=\"og:url\" content=\"https:\/\/paulinenaue.info\/index.php\/kulturverein\/\" \/>\n<meta property=\"og:site_name\" content=\"Paulinenaue\" \/>\n<meta property=\"article:modified_time\" content=\"2026-03-15T00:29:41+00:00\" \/>\n<meta property=\"og:image\" content=\"https:\/\/paulinenaue.info\/wp-content\/uploads\/2026\/03\/22026-01-25-Jahresversammlung-Kulturverein.jpeg\" \/>\n\t<meta property=\"og:image:width\" content=\"1000\" \/>\n\t<meta property=\"og:image:height\" content=\"667\" \/>\n\t<meta property=\"og:image:type\" content=\"image\/jpeg\" \/>\n<meta name=\"twitter:card\" content=\"summary_large_image\" \/>\n<meta name=\"twitter:label1\" content=\"Gesch\u00e4tzte Lesezeit\" \/>\n\t<meta name=\"twitter:data1\" content=\"2\u00a0Minuten\" \/>\n<script type=\"application\/ld+json\" class=\"yoast-schema-graph\">{\"@context\":\"https:\\\/\\\/schema.org\",\"@graph\":[{\"@type\":\"WebPage\",\"@id\":\"https:\\\/\\\/paulinenaue.info\\\/index.php\\\/kulturverein\\\/\",\"url\":\"https:\\\/\\\/paulinenaue.info\\\/index.php\\\/kulturverein\\\/\",\"name\":\"Paulinenauer Kulturverein - Paulinenaue\",\"isPartOf\":{\"@id\":\"https:\\\/\\\/paulinenaue.info\\\/#website\"},\"primaryImageOfPage\":{\"@id\":\"https:\\\/\\\/paulinenaue.info\\\/index.php\\\/kulturverein\\\/#primaryimage\"},\"image\":{\"@id\":\"https:\\\/\\\/paulinenaue.info\\\/index.php\\\/kulturverein\\\/#primaryimage\"},\"thumbnailUrl\":\"https:\\\/\\\/paulinenaue.info\\\/wp-content\\\/uploads\\\/2026\\\/03\\\/22026-01-25-Jahresversammlung-Kulturverein-600x400.jpeg\",\"datePublished\":\"2016-03-22T19:37:15+00:00\",\"dateModified\":\"2026-03-15T00:29:41+00:00\",\"breadcrumb\":{\"@id\":\"https:\\\/\\\/paulinenaue.info\\\/index.php\\\/kulturverein\\\/#breadcrumb\"},\"inLanguage\":\"de\",\"potentialAction\":[{\"@type\":\"ReadAction\",\"target\":[\"https:\\\/\\\/paulinenaue.info\\\/index.php\\\/kulturverein\\\/\"]}]},{\"@type\":\"ImageObject\",\"inLanguage\":\"de\",\"@id\":\"https:\\\/\\\/paulinenaue.info\\\/index.php\\\/kulturverein\\\/#primaryimage\",\"url\":\"https:\\\/\\\/paulinenaue.info\\\/wp-content\\\/uploads\\\/2026\\\/03\\\/22026-01-25-Jahresversammlung-Kulturverein.jpeg\",\"contentUrl\":\"https:\\\/\\\/paulinenaue.info\\\/wp-content\\\/uploads\\\/2026\\\/03\\\/22026-01-25-Jahresversammlung-Kulturverein.jpeg\",\"width\":1000,\"height\":667,\"caption\":\"Jahresversammlung des Kulturvereins im Jubil\u00e4umsjahr 2026. Foto: J. Scholz.\"},{\"@type\":\"BreadcrumbList\",\"@id\":\"https:\\\/\\\/paulinenaue.info\\\/index.php\\\/kulturverein\\\/#breadcrumb\",\"itemListElement\":[{\"@type\":\"ListItem\",\"position\":1,\"name\":\"Home\",\"item\":\"https:\\\/\\\/paulinenaue.info\\\/\"},{\"@type\":\"ListItem\",\"position\":2,\"name\":\"Paulinenauer Kulturverein\"}]},{\"@type\":\"WebSite\",\"@id\":\"https:\\\/\\\/paulinenaue.info\\\/#website\",\"url\":\"https:\\\/\\\/paulinenaue.info\\\/\",\"name\":\"Paulinenaue\",\"description\":\"Ein Dorf im Havelland\",\"potentialAction\":[{\"@type\":\"SearchAction\",\"target\":{\"@type\":\"EntryPoint\",\"urlTemplate\":\"https:\\\/\\\/paulinenaue.info\\\/?s={search_term_string}\"},\"query-input\":{\"@type\":\"PropertyValueSpecification\",\"valueRequired\":true,\"valueName\":\"search_term_string\"}}],\"inLanguage\":\"de\"}]}<\/script>\n<!-- \/ Yoast SEO plugin. -->","yoast_head_json":{"title":"Paulinenauer Kulturverein - Paulinenaue","robots":{"index":"index","follow":"follow","max-snippet":"max-snippet:-1","max-image-preview":"max-image-preview:large","max-video-preview":"max-video-preview:-1"},"canonical":"https:\/\/paulinenaue.info\/index.php\/kulturverein\/","og_locale":"de_DE","og_type":"article","og_title":"Paulinenauer Kulturverein - Paulinenaue","og_description":"Der Paulinenauer Kulturverein e.V. wurde 2006 gegr\u00fcndet. Zu seinen Aktivit\u00e4ten [&hellip;]","og_url":"https:\/\/paulinenaue.info\/index.php\/kulturverein\/","og_site_name":"Paulinenaue","article_modified_time":"2026-03-15T00:29:41+00:00","og_image":[{"width":1000,"height":667,"url":"https:\/\/paulinenaue.info\/wp-content\/uploads\/2026\/03\/22026-01-25-Jahresversammlung-Kulturverein.jpeg","type":"image\/jpeg"}],"twitter_card":"summary_large_image","twitter_misc":{"Gesch\u00e4tzte Lesezeit":"2\u00a0Minuten"},"schema":{"@context":"https:\/\/schema.org","@graph":[{"@type":"WebPage","@id":"https:\/\/paulinenaue.info\/index.php\/kulturverein\/","url":"https:\/\/paulinenaue.info\/index.php\/kulturverein\/","name":"Paulinenauer Kulturverein - Paulinenaue","isPartOf":{"@id":"https:\/\/paulinenaue.info\/#website"},"primaryImageOfPage":{"@id":"https:\/\/paulinenaue.info\/index.php\/kulturverein\/#primaryimage"},"image":{"@id":"https:\/\/paulinenaue.info\/index.php\/kulturverein\/#primaryimage"},"thumbnailUrl":"https:\/\/paulinenaue.info\/wp-content\/uploads\/2026\/03\/22026-01-25-Jahresversammlung-Kulturverein-600x400.jpeg","datePublished":"2016-03-22T19:37:15+00:00","dateModified":"2026-03-15T00:29:41+00:00","breadcrumb":{"@id":"https:\/\/paulinenaue.info\/index.php\/kulturverein\/#breadcrumb"},"inLanguage":"de","potentialAction":[{"@type":"ReadAction","target":["https:\/\/paulinenaue.info\/index.php\/kulturverein\/"]}]},{"@type":"ImageObject","inLanguage":"de","@id":"https:\/\/paulinenaue.info\/index.php\/kulturverein\/#primaryimage","url":"https:\/\/paulinenaue.info\/wp-content\/uploads\/2026\/03\/22026-01-25-Jahresversammlung-Kulturverein.jpeg","contentUrl":"https:\/\/paulinenaue.info\/wp-content\/uploads\/2026\/03\/22026-01-25-Jahresversammlung-Kulturverein.jpeg","width":1000,"height":667,"caption":"Jahresversammlung des Kulturvereins im Jubil\u00e4umsjahr 2026. Foto: J. Scholz."},{"@type":"BreadcrumbList","@id":"https:\/\/paulinenaue.info\/index.php\/kulturverein\/#breadcrumb","itemListElement":[{"@type":"ListItem","position":1,"name":"Home","item":"https:\/\/paulinenaue.info\/"},{"@type":"ListItem","position":2,"name":"Paulinenauer Kulturverein"}]},{"@type":"WebSite","@id":"https:\/\/paulinenaue.info\/#website","url":"https:\/\/paulinenaue.info\/","name":"Paulinenaue","description":"Ein Dorf im Havelland","potentialAction":[{"@type":"SearchAction","target":{"@type":"EntryPoint","urlTemplate":"https:\/\/paulinenaue.info\/?s={search_term_string}"},"query-input":{"@type":"PropertyValueSpecification","valueRequired":true,"valueName":"search_term_string"}}],"inLanguage":"de"}]}},"jetpack_sharing_enabled":true,"jetpack_shortlink":"https:\/\/wp.me\/PcYhWA-7m","jetpack-related-posts":[{"id":416085,"url":"https:\/\/paulinenaue.info\/index.php\/kulturverein-zur-kommunalwahl-2024\/","url_meta":{"origin":456,"position":0},"title":"Kulturverein zur Kommunalwahl 2024","author":"Joachim Scholz","date":"15. M\u00e4rz 2024","format":false,"excerpt":"Die Kandidaten des Kulturvereins stellen sich vor Der Paulinenauer Kulturverein pflegt mit Veranstaltungen wie dem Weihnachtsmarkt, dem Tag des offenen Denkmals oder dem Kunstfestival \u201eSchnelle Vorbeifahrten\u201c das gemeinschaftliche Leben in Paulinenaue. Unser Verein bewahrt die Geschichte unseres Ortes und h\u00e4lt sie auf der Internetseite www.paulinenaue.info lebendig. Besonders am Herzen liegt\u2026","rel":"","context":"\u00c4hnlicher Beitrag","block_context":{"text":"\u00c4hnlicher Beitrag","link":""},"img":{"alt_text":"","src":"https:\/\/i0.wp.com\/paulinenaue.info\/wp-content\/uploads\/2024\/03\/Kandidaten-Kulturverein-2024.jpeg?resize=350%2C200&ssl=1","width":350,"height":200,"srcset":"https:\/\/i0.wp.com\/paulinenaue.info\/wp-content\/uploads\/2024\/03\/Kandidaten-Kulturverein-2024.jpeg?resize=350%2C200&ssl=1 1x, https:\/\/i0.wp.com\/paulinenaue.info\/wp-content\/uploads\/2024\/03\/Kandidaten-Kulturverein-2024.jpeg?resize=525%2C300&ssl=1 1.5x, https:\/\/i0.wp.com\/paulinenaue.info\/wp-content\/uploads\/2024\/03\/Kandidaten-Kulturverein-2024.jpeg?resize=700%2C400&ssl=1 2x"},"classes":[]},{"id":6405,"url":"https:\/\/paulinenaue.info\/index.php\/kulturverein\/paulinenaue-archiv\/","url_meta":{"origin":456,"position":1},"title":"Archiv zur Ortsgeschichte","author":"Joachim Scholz","date":"26. Dezember 2021","format":false,"excerpt":"","rel":"","context":"\u00c4hnlicher Beitrag","block_context":{"text":"\u00c4hnlicher Beitrag","link":""},"img":{"alt_text":"","src":"https:\/\/i0.wp.com\/paulinenaue.info\/wp-content\/uploads\/2021\/12\/2021-12-26-Sicherung-Archivgut-800x414.jpg?resize=350%2C200&ssl=1","width":350,"height":200,"srcset":"https:\/\/i0.wp.com\/paulinenaue.info\/wp-content\/uploads\/2021\/12\/2021-12-26-Sicherung-Archivgut-800x414.jpg?resize=350%2C200&ssl=1 1x, https:\/\/i0.wp.com\/paulinenaue.info\/wp-content\/uploads\/2021\/12\/2021-12-26-Sicherung-Archivgut-800x414.jpg?resize=525%2C300&ssl=1 1.5x, https:\/\/i0.wp.com\/paulinenaue.info\/wp-content\/uploads\/2021\/12\/2021-12-26-Sicherung-Archivgut-800x414.jpg?resize=700%2C400&ssl=1 2x"},"classes":[]},{"id":2205,"url":"https:\/\/paulinenaue.info\/index.php\/kalender-2019\/","url_meta":{"origin":456,"position":2},"title":"Kalender 2019 erschienen","author":"Sarah","date":"25. Juli 2018","format":false,"excerpt":"Im Jahr 2018 j\u00e4hrte sich der Baubeginn des Havell\u00e4ndischen Gro\u00dfen Hauptkanals zum 300. Mal, doch erst im Jahr darauf machte der Kanalbau gr\u00f6\u00dfere Fortschritte.\u00a0An dieses Jahr, in dem der K\u00f6nig selbst seine geliebten Soldaten zum Bau heranzog, erinnert unser Kalender. Die Bilder zeigen den Kanal in allen Jahreszeiten und so,\u2026","rel":"","context":"\u00c4hnlicher Beitrag","block_context":{"text":"\u00c4hnlicher Beitrag","link":""},"img":{"alt_text":"","src":"https:\/\/i0.wp.com\/paulinenaue.info\/wp-content\/uploads\/2018\/12\/Kalender_Paulinenaue_2019-1024x724.jpg?resize=350%2C200","width":350,"height":200,"srcset":"https:\/\/i0.wp.com\/paulinenaue.info\/wp-content\/uploads\/2018\/12\/Kalender_Paulinenaue_2019-1024x724.jpg?resize=350%2C200 1x, https:\/\/i0.wp.com\/paulinenaue.info\/wp-content\/uploads\/2018\/12\/Kalender_Paulinenaue_2019-1024x724.jpg?resize=525%2C300 1.5x, https:\/\/i0.wp.com\/paulinenaue.info\/wp-content\/uploads\/2018\/12\/Kalender_Paulinenaue_2019-1024x724.jpg?resize=700%2C400 2x"},"classes":[]},{"id":4920,"url":"https:\/\/paulinenaue.info\/index.php\/videoprojekt\/","url_meta":{"origin":456,"position":3},"title":"Videoprojekt","author":"Sarah","date":"15. Juli 2019","format":false,"excerpt":"In dieser Rubrik wollen wir allen neuen und \"alten\" Paulinenauern sowie allen Interessierten unser Dorf aus einer neuen Perspektive zeigen. Bereits im Jahr 2018 haben wir begonnen, erste Filme in einem kleinen Projektteam des Kulturvereins zu drehen und haben dabei tolle Momente mit der Kamera einfangen k\u00f6nnen. Sie zeigen Orte\u2026","rel":"","context":"\u00c4hnlicher Beitrag","block_context":{"text":"\u00c4hnlicher Beitrag","link":""},"img":{"alt_text":"","src":"","width":0,"height":0},"classes":[]},{"id":26,"url":"https:\/\/paulinenaue.info\/index.php\/tourismus\/","url_meta":{"origin":456,"position":4},"title":"Paulinenaue entdecken","author":"Elisa","date":"29. Oktober 2015","format":false,"excerpt":"","rel":"","context":"\u00c4hnlicher Beitrag","block_context":{"text":"\u00c4hnlicher Beitrag","link":""},"img":{"alt_text":"","src":"https:\/\/i0.wp.com\/paulinenaue.info\/wp-content\/uploads\/2025\/03\/A64D5D60-47E7-45E8-BFE3-0678F0147972_1_201_a-1200x378.jpeg?resize=350%2C200&ssl=1","width":350,"height":200,"srcset":"https:\/\/i0.wp.com\/paulinenaue.info\/wp-content\/uploads\/2025\/03\/A64D5D60-47E7-45E8-BFE3-0678F0147972_1_201_a-1200x378.jpeg?resize=350%2C200&ssl=1 1x, https:\/\/i0.wp.com\/paulinenaue.info\/wp-content\/uploads\/2025\/03\/A64D5D60-47E7-45E8-BFE3-0678F0147972_1_201_a-1200x378.jpeg?resize=525%2C300&ssl=1 1.5x, https:\/\/i0.wp.com\/paulinenaue.info\/wp-content\/uploads\/2025\/03\/A64D5D60-47E7-45E8-BFE3-0678F0147972_1_201_a-1200x378.jpeg?resize=700%2C400&ssl=1 2x, https:\/\/i0.wp.com\/paulinenaue.info\/wp-content\/uploads\/2025\/03\/A64D5D60-47E7-45E8-BFE3-0678F0147972_1_201_a-1200x378.jpeg?resize=1050%2C600&ssl=1 3x"},"classes":[]},{"id":6530,"url":"https:\/\/paulinenaue.info\/index.php\/neuigkeiten-aus-paulinenaue-2003-2014\/","url_meta":{"origin":456,"position":5},"title":"Neuigkeiten aus Paulinenaue (2003\u20132014)","author":"Joachim Scholz","date":"29. Dezember 2021","format":false,"excerpt":"","rel":"","context":"\u00c4hnlicher Beitrag","block_context":{"text":"\u00c4hnlicher Beitrag","link":""},"img":{"alt_text":"","src":"","width":0,"height":0},"classes":[]}],"ticketed":false,"_links":{"self":[{"href":"https:\/\/paulinenaue.info\/index.php\/wp-json\/wp\/v2\/pages\/456","targetHints":{"allow":["GET"]}}],"collection":[{"href":"https:\/\/paulinenaue.info\/index.php\/wp-json\/wp\/v2\/pages"}],"about":[{"href":"https:\/\/paulinenaue.info\/index.php\/wp-json\/wp\/v2\/types\/page"}],"author":[{"embeddable":true,"href":"https:\/\/paulinenaue.info\/index.php\/wp-json\/wp\/v2\/users\/2"}],"replies":[{"embeddable":true,"href":"https:\/\/paulinenaue.info\/index.php\/wp-json\/wp\/v2\/comments?post=456"}],"version-history":[{"count":89,"href":"https:\/\/paulinenaue.info\/index.php\/wp-json\/wp\/v2\/pages\/456\/revisions"}],"predecessor-version":[{"id":419143,"href":"https:\/\/paulinenaue.info\/index.php\/wp-json\/wp\/v2\/pages\/456\/revisions\/419143"}],"wp:attachment":[{"href":"https:\/\/paulinenaue.info\/index.php\/wp-json\/wp\/v2\/media?parent=456"}],"curies":[{"name":"wp","href":"https:\/\/api.w.org\/{rel}","templated":true}]}}