{"id":4920,"date":"2019-07-15T21:25:46","date_gmt":"2019-07-15T19:25:46","guid":{"rendered":"http:\/\/paulinenaue.info\/?page_id=4920"},"modified":"2022-06-08T21:35:45","modified_gmt":"2022-06-08T19:35:45","slug":"videoprojekt","status":"publish","type":"page","link":"https:\/\/paulinenaue.info\/index.php\/videoprojekt\/","title":{"rendered":"Videoprojekt"},"content":{"rendered":"<p>In dieser Rubrik wollen wir allen neuen und &#8222;alten&#8220; Paulinenauern sowie allen Interessierten unser Dorf aus einer neuen Perspektive zeigen.<\/p>\n<p>Bereits im Jahr 2018 haben wir begonnen, erste Filme in einem kleinen Projektteam des Kulturvereins zu drehen und haben dabei tolle Momente mit der Kamera einfangen k\u00f6nnen. Sie zeigen Orte und Menschen in und aus Paulinenaue, die das Leben hier pr\u00e4gen, wichtig sind oder auch einen Teil Ortsgeschichte dokumentieren.<\/p>\n<p>Wir freuen uns \u00fcber jede(n), der\/die gern Teil unseres Videoprojektes werden m\u00f6chte und uns durch seinen\/ihren pers\u00f6nlichen Bezug zu einem Ort in Paulinenaue unser Dorf wieder aus einem neuen Blickwinkel zeigt. Sei es der Bahnhof f\u00fcr die vielen Pendler, der Kanal als Ort der Entspannung oder auch die Teilnahme in einem unserer vielen Vereine&#8230; Meldet euch einfach &#8211; wir freuen uns! Schreibt eine kurze Mail an <strong><a href=\"mailto:kulturverein@paulinenaue.info\">kulturverein@paulinenaue.info<\/a><\/strong> oder sprecht uns einfach an.<\/p>\n<p>&nbsp;<\/p>\n<p>Gefl\u00fcgelhof M\u00fcller<\/p>\n<p><iframe class=\"fusion-hidden\" data-privacy-type=\"youtube\" src=\"\" data-privacy-src=\"https:\/\/www.youtube.com\/embed\/mRbhkekfG1k\" width=\"560\" height=\"315\" frameborder=\"0\" allowfullscreen=\"allowfullscreen\"><\/iframe><div class=\"fusion-privacy-placeholder\" style=\"width:560px; height:315px;\" data-privacy-type=\"youtube\"><div class=\"fusion-privacy-placeholder-content\"><div class=\"fusion-privacy-label\">Aus datenschutzrechtlichen Gr\u00fcnden ben\u00f6tigt YouTube Ihre Einwilligung um geladen zu werden.<\/div><a href=\"\" data-privacy-type=\"youtube\" class=\"fusion-button button-default fusion-button-default-size button fusion-privacy-consent\">Akzeptieren<\/a><\/div><\/div><\/p>\n<p>&nbsp;<\/p>\n<p>Freiwillige Feuerwehr Paulinenaue<\/p>\n<p><iframe class=\"fusion-hidden\" data-privacy-type=\"youtube\" src=\"\" data-privacy-src=\"https:\/\/www.youtube.com\/embed\/QoHFLYaqtw8\" width=\"560\" height=\"315\" frameborder=\"0\" allowfullscreen=\"allowfullscreen\"><\/iframe><div class=\"fusion-privacy-placeholder\" style=\"width:560px; height:315px;\" data-privacy-type=\"youtube\"><div class=\"fusion-privacy-placeholder-content\"><div class=\"fusion-privacy-label\">Aus datenschutzrechtlichen Gr\u00fcnden ben\u00f6tigt YouTube Ihre Einwilligung um geladen zu werden.<\/div><a href=\"\" data-privacy-type=\"youtube\" class=\"fusion-button button-default fusion-button-default-size button fusion-privacy-consent\">Akzeptieren<\/a><\/div><\/div><\/p>\n<p>&nbsp;<\/p>\n<p>Evangelische Kirchengemeinde<\/p>\n<p><iframe class=\"fusion-hidden\" data-privacy-type=\"youtube\" src=\"\" data-privacy-src=\"https:\/\/www.youtube.com\/embed\/kotxpaLgFLI\" width=\"560\" height=\"315\" frameborder=\"0\" allowfullscreen=\"allowfullscreen\"><\/iframe><div class=\"fusion-privacy-placeholder\" style=\"width:560px; height:315px;\" data-privacy-type=\"youtube\"><div class=\"fusion-privacy-placeholder-content\"><div class=\"fusion-privacy-label\">Aus datenschutzrechtlichen Gr\u00fcnden ben\u00f6tigt YouTube Ihre Einwilligung um geladen zu werden.<\/div><a href=\"\" data-privacy-type=\"youtube\" class=\"fusion-button button-default fusion-button-default-size button fusion-privacy-consent\">Akzeptieren<\/a><\/div><\/div><\/p>\n","protected":false},"excerpt":{"rendered":"<p>In dieser Rubrik wollen wir allen neuen und &#8222;alten&#8220; Paulinenauern [&hellip;]<\/p>\n","protected":false},"author":3,"featured_media":0,"parent":0,"menu_order":0,"comment_status":"closed","ping_status":"closed","template":"","meta":{"_acf_changed":false,"_price":"","_stock":"","_tribe_ticket_header":"","_tribe_default_ticket_provider":"","_tribe_ticket_capacity":"0","_ticket_start_date":"","_ticket_end_date":"","_tribe_ticket_show_description":"","_tribe_ticket_show_not_going":false,"_tribe_ticket_use_global_stock":"","_tribe_ticket_global_stock_level":"","_global_stock_mode":"","_global_stock_cap":"","_tribe_rsvp_for_event":"","_tribe_ticket_going_count":"","_tribe_ticket_not_going_count":"","_tribe_tickets_list":"[]","_tribe_ticket_has_attendee_info_fields":false,"footnotes":"","_tec_slr_enabled":"","_tec_slr_layout":""},"class_list":["post-4920","page","type-page","status-publish","hentry"],"acf":[],"yoast_head":"<!-- This site is optimized with the Yoast SEO plugin v27.6 - https:\/\/yoast.com\/product\/yoast-seo-wordpress\/ -->\n<title>Videoprojekt - Paulinenaue<\/title>\n<meta name=\"robots\" content=\"index, follow, max-snippet:-1, max-image-preview:large, max-video-preview:-1\" \/>\n<link rel=\"canonical\" href=\"https:\/\/paulinenaue.info\/index.php\/videoprojekt\/\" \/>\n<meta property=\"og:locale\" content=\"de_DE\" \/>\n<meta property=\"og:type\" content=\"article\" \/>\n<meta property=\"og:title\" content=\"Videoprojekt - Paulinenaue\" \/>\n<meta property=\"og:description\" content=\"In dieser Rubrik wollen wir allen neuen und &#8222;alten&#8220; Paulinenauern [&hellip;]\" \/>\n<meta property=\"og:url\" content=\"https:\/\/paulinenaue.info\/index.php\/videoprojekt\/\" \/>\n<meta property=\"og:site_name\" content=\"Paulinenaue\" \/>\n<meta property=\"article:modified_time\" content=\"2022-06-08T19:35:45+00:00\" \/>\n<meta name=\"twitter:card\" content=\"summary_large_image\" \/>\n<meta name=\"twitter:label1\" content=\"Gesch\u00e4tzte Lesezeit\" \/>\n\t<meta name=\"twitter:data1\" content=\"1\u00a0Minute\" \/>\n<script type=\"application\/ld+json\" class=\"yoast-schema-graph\">{\"@context\":\"https:\\\/\\\/schema.org\",\"@graph\":[{\"@type\":\"WebPage\",\"@id\":\"https:\\\/\\\/paulinenaue.info\\\/index.php\\\/videoprojekt\\\/\",\"url\":\"https:\\\/\\\/paulinenaue.info\\\/index.php\\\/videoprojekt\\\/\",\"name\":\"Videoprojekt - Paulinenaue\",\"isPartOf\":{\"@id\":\"https:\\\/\\\/paulinenaue.info\\\/#website\"},\"datePublished\":\"2019-07-15T19:25:46+00:00\",\"dateModified\":\"2022-06-08T19:35:45+00:00\",\"breadcrumb\":{\"@id\":\"https:\\\/\\\/paulinenaue.info\\\/index.php\\\/videoprojekt\\\/#breadcrumb\"},\"inLanguage\":\"de\",\"potentialAction\":[{\"@type\":\"ReadAction\",\"target\":[\"https:\\\/\\\/paulinenaue.info\\\/index.php\\\/videoprojekt\\\/\"]}]},{\"@type\":\"BreadcrumbList\",\"@id\":\"https:\\\/\\\/paulinenaue.info\\\/index.php\\\/videoprojekt\\\/#breadcrumb\",\"itemListElement\":[{\"@type\":\"ListItem\",\"position\":1,\"name\":\"Home\",\"item\":\"https:\\\/\\\/paulinenaue.info\\\/\"},{\"@type\":\"ListItem\",\"position\":2,\"name\":\"Videoprojekt\"}]},{\"@type\":\"WebSite\",\"@id\":\"https:\\\/\\\/paulinenaue.info\\\/#website\",\"url\":\"https:\\\/\\\/paulinenaue.info\\\/\",\"name\":\"Paulinenaue\",\"description\":\"Ein Dorf im Havelland\",\"potentialAction\":[{\"@type\":\"SearchAction\",\"target\":{\"@type\":\"EntryPoint\",\"urlTemplate\":\"https:\\\/\\\/paulinenaue.info\\\/?s={search_term_string}\"},\"query-input\":{\"@type\":\"PropertyValueSpecification\",\"valueRequired\":true,\"valueName\":\"search_term_string\"}}],\"inLanguage\":\"de\"}]}<\/script>\n<!-- \/ Yoast SEO plugin. -->","yoast_head_json":{"title":"Videoprojekt - Paulinenaue","robots":{"index":"index","follow":"follow","max-snippet":"max-snippet:-1","max-image-preview":"max-image-preview:large","max-video-preview":"max-video-preview:-1"},"canonical":"https:\/\/paulinenaue.info\/index.php\/videoprojekt\/","og_locale":"de_DE","og_type":"article","og_title":"Videoprojekt - Paulinenaue","og_description":"In dieser Rubrik wollen wir allen neuen und &#8222;alten&#8220; Paulinenauern [&hellip;]","og_url":"https:\/\/paulinenaue.info\/index.php\/videoprojekt\/","og_site_name":"Paulinenaue","article_modified_time":"2022-06-08T19:35:45+00:00","twitter_card":"summary_large_image","twitter_misc":{"Gesch\u00e4tzte Lesezeit":"1\u00a0Minute"},"schema":{"@context":"https:\/\/schema.org","@graph":[{"@type":"WebPage","@id":"https:\/\/paulinenaue.info\/index.php\/videoprojekt\/","url":"https:\/\/paulinenaue.info\/index.php\/videoprojekt\/","name":"Videoprojekt - Paulinenaue","isPartOf":{"@id":"https:\/\/paulinenaue.info\/#website"},"datePublished":"2019-07-15T19:25:46+00:00","dateModified":"2022-06-08T19:35:45+00:00","breadcrumb":{"@id":"https:\/\/paulinenaue.info\/index.php\/videoprojekt\/#breadcrumb"},"inLanguage":"de","potentialAction":[{"@type":"ReadAction","target":["https:\/\/paulinenaue.info\/index.php\/videoprojekt\/"]}]},{"@type":"BreadcrumbList","@id":"https:\/\/paulinenaue.info\/index.php\/videoprojekt\/#breadcrumb","itemListElement":[{"@type":"ListItem","position":1,"name":"Home","item":"https:\/\/paulinenaue.info\/"},{"@type":"ListItem","position":2,"name":"Videoprojekt"}]},{"@type":"WebSite","@id":"https:\/\/paulinenaue.info\/#website","url":"https:\/\/paulinenaue.info\/","name":"Paulinenaue","description":"Ein Dorf im Havelland","potentialAction":[{"@type":"SearchAction","target":{"@type":"EntryPoint","urlTemplate":"https:\/\/paulinenaue.info\/?s={search_term_string}"},"query-input":{"@type":"PropertyValueSpecification","valueRequired":true,"valueName":"search_term_string"}}],"inLanguage":"de"}]}},"jetpack_sharing_enabled":true,"jetpack_shortlink":"https:\/\/wp.me\/PcYhWA-1hm","jetpack-related-posts":[{"id":456,"url":"https:\/\/paulinenaue.info\/index.php\/kulturverein\/","url_meta":{"origin":4920,"position":0},"title":"Paulinenauer Kulturverein","author":"Elisa","date":"22. M\u00e4rz 2016","format":false,"excerpt":"Der Paulinenauer Kulturverein e.V. wurde 2006 gegr\u00fcndet. Zu seinen Aktivit\u00e4ten geh\u00f6ren die F\u00f6rderung des kulturellen Lebens, die Besch\u00e4ftigung mit der Ortsgeschichte sowie der Denkmalschutz im Dorf. Besonders bem\u00fcht ist der Verein um den Erhalt des klassizistischen Bahnhofsgeb\u00e4udes, des wichtigsten Geb\u00e4udes von Paulinenaue. Bei den Kommunalwahlen im Juni 2024 errang der\u2026","rel":"","context":"\u00c4hnlicher Beitrag","block_context":{"text":"\u00c4hnlicher Beitrag","link":""},"img":{"alt_text":"","src":"https:\/\/i0.wp.com\/paulinenaue.info\/wp-content\/uploads\/2026\/03\/22026-01-25-Jahresversammlung-Kulturverein-600x400.jpeg?resize=350%2C200&ssl=1","width":350,"height":200,"srcset":"https:\/\/i0.wp.com\/paulinenaue.info\/wp-content\/uploads\/2026\/03\/22026-01-25-Jahresversammlung-Kulturverein-600x400.jpeg?resize=350%2C200&ssl=1 1x, https:\/\/i0.wp.com\/paulinenaue.info\/wp-content\/uploads\/2026\/03\/22026-01-25-Jahresversammlung-Kulturverein-600x400.jpeg?resize=525%2C300&ssl=1 1.5x"},"classes":[]},{"id":6405,"url":"https:\/\/paulinenaue.info\/index.php\/kulturverein\/paulinenaue-archiv\/","url_meta":{"origin":4920,"position":1},"title":"Archiv zur Ortsgeschichte","author":"Joachim Scholz","date":"26. Dezember 2021","format":false,"excerpt":"","rel":"","context":"\u00c4hnlicher Beitrag","block_context":{"text":"\u00c4hnlicher Beitrag","link":""},"img":{"alt_text":"","src":"https:\/\/i0.wp.com\/paulinenaue.info\/wp-content\/uploads\/2021\/12\/2021-12-26-Sicherung-Archivgut-800x414.jpg?resize=350%2C200&ssl=1","width":350,"height":200,"srcset":"https:\/\/i0.wp.com\/paulinenaue.info\/wp-content\/uploads\/2021\/12\/2021-12-26-Sicherung-Archivgut-800x414.jpg?resize=350%2C200&ssl=1 1x, https:\/\/i0.wp.com\/paulinenaue.info\/wp-content\/uploads\/2021\/12\/2021-12-26-Sicherung-Archivgut-800x414.jpg?resize=525%2C300&ssl=1 1.5x, https:\/\/i0.wp.com\/paulinenaue.info\/wp-content\/uploads\/2021\/12\/2021-12-26-Sicherung-Archivgut-800x414.jpg?resize=700%2C400&ssl=1 2x"},"classes":[]},{"id":416085,"url":"https:\/\/paulinenaue.info\/index.php\/kulturverein-zur-kommunalwahl-2024\/","url_meta":{"origin":4920,"position":2},"title":"Kulturverein zur Kommunalwahl 2024","author":"Joachim Scholz","date":"15. M\u00e4rz 2024","format":false,"excerpt":"Die Kandidaten des Kulturvereins stellen sich vor Der Paulinenauer Kulturverein pflegt mit Veranstaltungen wie dem Weihnachtsmarkt, dem Tag des offenen Denkmals oder dem Kunstfestival \u201eSchnelle Vorbeifahrten\u201c das gemeinschaftliche Leben in Paulinenaue. Unser Verein bewahrt die Geschichte unseres Ortes und h\u00e4lt sie auf der Internetseite www.paulinenaue.info lebendig. Besonders am Herzen liegt\u2026","rel":"","context":"\u00c4hnlicher Beitrag","block_context":{"text":"\u00c4hnlicher Beitrag","link":""},"img":{"alt_text":"","src":"https:\/\/i0.wp.com\/paulinenaue.info\/wp-content\/uploads\/2024\/03\/Kandidaten-Kulturverein-2024.jpeg?resize=350%2C200&ssl=1","width":350,"height":200,"srcset":"https:\/\/i0.wp.com\/paulinenaue.info\/wp-content\/uploads\/2024\/03\/Kandidaten-Kulturverein-2024.jpeg?resize=350%2C200&ssl=1 1x, https:\/\/i0.wp.com\/paulinenaue.info\/wp-content\/uploads\/2024\/03\/Kandidaten-Kulturverein-2024.jpeg?resize=525%2C300&ssl=1 1.5x, https:\/\/i0.wp.com\/paulinenaue.info\/wp-content\/uploads\/2024\/03\/Kandidaten-Kulturverein-2024.jpeg?resize=700%2C400&ssl=1 2x"},"classes":[]},{"id":416382,"url":"https:\/\/paulinenaue.info\/index.php\/pauerfrauen\/","url_meta":{"origin":4920,"position":3},"title":"Pauerfrauen","author":"Joachim Scholz","date":"2. Juni 2024","format":false,"excerpt":"","rel":"","context":"\u00c4hnlicher Beitrag","block_context":{"text":"\u00c4hnlicher Beitrag","link":""},"img":{"alt_text":"","src":"https:\/\/i0.wp.com\/paulinenaue.info\/wp-content\/uploads\/2026\/02\/Banderole_Pauerfrauen_Homepage_20260212_201848_0000.png?resize=350%2C200&ssl=1","width":350,"height":200,"srcset":"https:\/\/i0.wp.com\/paulinenaue.info\/wp-content\/uploads\/2026\/02\/Banderole_Pauerfrauen_Homepage_20260212_201848_0000.png?resize=350%2C200&ssl=1 1x, https:\/\/i0.wp.com\/paulinenaue.info\/wp-content\/uploads\/2026\/02\/Banderole_Pauerfrauen_Homepage_20260212_201848_0000.png?resize=525%2C300&ssl=1 1.5x, https:\/\/i0.wp.com\/paulinenaue.info\/wp-content\/uploads\/2026\/02\/Banderole_Pauerfrauen_Homepage_20260212_201848_0000.png?resize=700%2C400&ssl=1 2x, https:\/\/i0.wp.com\/paulinenaue.info\/wp-content\/uploads\/2026\/02\/Banderole_Pauerfrauen_Homepage_20260212_201848_0000.png?resize=1050%2C600&ssl=1 3x, https:\/\/i0.wp.com\/paulinenaue.info\/wp-content\/uploads\/2026\/02\/Banderole_Pauerfrauen_Homepage_20260212_201848_0000.png?resize=1400%2C800&ssl=1 4x"},"classes":[]},{"id":6530,"url":"https:\/\/paulinenaue.info\/index.php\/neuigkeiten-aus-paulinenaue-2003-2014\/","url_meta":{"origin":4920,"position":4},"title":"Neuigkeiten aus Paulinenaue (2003\u20132014)","author":"Joachim Scholz","date":"29. Dezember 2021","format":false,"excerpt":"","rel":"","context":"\u00c4hnlicher Beitrag","block_context":{"text":"\u00c4hnlicher Beitrag","link":""},"img":{"alt_text":"","src":"","width":0,"height":0},"classes":[]},{"id":5286,"url":"https:\/\/paulinenaue.info\/index.php\/gefluegelhof-mueller\/","url_meta":{"origin":4920,"position":5},"title":"Gefl\u00fcgelhof M\u00fcller","author":"Sarah","date":"2. Juni 2020","format":false,"excerpt":"","rel":"","context":"\u00c4hnlicher Beitrag","block_context":{"text":"\u00c4hnlicher Beitrag","link":""},"img":{"alt_text":"","src":"","width":0,"height":0},"classes":[]}],"ticketed":false,"_links":{"self":[{"href":"https:\/\/paulinenaue.info\/index.php\/wp-json\/wp\/v2\/pages\/4920","targetHints":{"allow":["GET"]}}],"collection":[{"href":"https:\/\/paulinenaue.info\/index.php\/wp-json\/wp\/v2\/pages"}],"about":[{"href":"https:\/\/paulinenaue.info\/index.php\/wp-json\/wp\/v2\/types\/page"}],"author":[{"embeddable":true,"href":"https:\/\/paulinenaue.info\/index.php\/wp-json\/wp\/v2\/users\/3"}],"replies":[{"embeddable":true,"href":"https:\/\/paulinenaue.info\/index.php\/wp-json\/wp\/v2\/comments?post=4920"}],"version-history":[{"count":5,"href":"https:\/\/paulinenaue.info\/index.php\/wp-json\/wp\/v2\/pages\/4920\/revisions"}],"predecessor-version":[{"id":204915,"href":"https:\/\/paulinenaue.info\/index.php\/wp-json\/wp\/v2\/pages\/4920\/revisions\/204915"}],"wp:attachment":[{"href":"https:\/\/paulinenaue.info\/index.php\/wp-json\/wp\/v2\/media?parent=4920"}],"curies":[{"name":"wp","href":"https:\/\/api.w.org\/{rel}","templated":true}]}}