{"id":6733,"date":"2022-01-18T20:53:28","date_gmt":"2022-01-18T19:53:28","guid":{"rendered":"https:\/\/paulinenaue.info\/?page_id=6733"},"modified":"2026-02-22T01:41:22","modified_gmt":"2026-02-22T00:41:22","slug":"schwarzes-brett","status":"publish","type":"page","link":"https:\/\/paulinenaue.info\/index.php\/schwarzes-brett\/","title":{"rendered":"Schwarzes Brett"},"content":{"rendered":"<div class=\"fusion-fullwidth fullwidth-box fusion-builder-row-1 fusion-flex-container nonhundred-percent-fullwidth non-hundred-percent-height-scrolling\" style=\"--awb-border-radius-top-left:0px;--awb-border-radius-top-right:0px;--awb-border-radius-bottom-right:0px;--awb-border-radius-bottom-left:0px;\" ><div class=\"fusion-builder-row fusion-row fusion-flex-align-items-flex-start\" style=\"max-width:1248px;margin-left: calc(-4% \/ 2 );margin-right: calc(-4% \/ 2 );\"><div class=\"fusion-layout-column fusion_builder_column fusion-builder-column-0 fusion_builder_column_1_1 1_1 fusion-flex-column\" style=\"--awb-bg-blend:overlay;--awb-bg-size:cover;--awb-width-large:100%;--awb-margin-top-large:0px;--awb-spacing-right-large:1.92%;--awb-margin-bottom-large:0px;--awb-spacing-left-large:1.92%;--awb-width-medium:100%;--awb-spacing-right-medium:1.92%;--awb-spacing-left-medium:1.92%;--awb-width-small:100%;--awb-spacing-right-small:1.92%;--awb-spacing-left-small:1.92%;\"><div class=\"fusion-column-wrapper fusion-flex-justify-content-flex-start fusion-content-layout-column\"><div class=\"fusion-text fusion-text-1\"><h3><strong>Veranstaltungen in Paulinenaue 2026<\/strong><\/h3>\n<p><strong>Neu:<\/strong> Eine \u00dcbersicht \u00fcber die in Paulinenaue f\u00fcr das Jahr 2026 geplanten Veranstaltungen, zusammengetragen von Eckhard Vierjahn, Stand 22.02.2026 [<a href=\"https:\/\/paulinenaue.info\/wp-content\/uploads\/2026\/02\/Veranstaltungsplan_2026_26-02-10.pdf\">PDF-Download <\/a>]<\/p>\n<\/div><div class=\"fusion-text fusion-text-2\"><h3>Stellenanzeige der Kita Paulinchen<\/h3>\n<p>Die Kita \u201ePaulinchen\u201c e.V. in Paulinenaue sucht zum n\u00e4chstm\u00f6glichen Zeitpunkt eine\/n staatlich anerkannte\/n Erzieher\/in (unbefristet). Wir sind eine naturnahe Kita im l\u00e4ndlichen Raum mit Kindern im Alter von 0 Jahren bis zum Schuleintritt.<\/p>\n<p><strong><em>Wir bieten:<\/em><\/strong><\/p>\n<ul>\n<li>wirkungsvoll gestaltete R\u00e4ume (kein \u201eoffenes Konzept\u201c) und gro\u00dfz\u00fcgige Au\u00dfenanlage<\/li>\n<li>attraktive Verg\u00fctung angelehnt an <strong>TV\u00f6D<\/strong><\/li>\n<li><strong>30 Urlaubstage<\/strong> bei einer 5-Tage Woche, 24.12. + 31.12. bezahlte Freistellung<\/li>\n<li>Fortbildungsm\u00f6glichkeiten, Teamschulungen 2x j\u00e4hrlich<\/li>\n<li>verm\u00f6genswirksame Leistungen, betriebliche Altersversorgung<\/li>\n<li>wertsch\u00e4tzendes Arbeitsklima mit klaren Strukturen und offener Kommunikation<\/li>\n<li>Gesundheitsf\u00f6rderung (u.a. regelm\u00e4\u00dfige therapeutische Ma\u00dfnahmen)<\/li>\n<li>Raum f\u00fcr pers\u00f6nliche Entfaltung<\/li>\n<li>gute Bahnanbindung (z. B. Paulinenaue-Spandau ca. 30 min.)<\/li>\n<\/ul>\n<p><em><strong>Wir w\u00fcnschen uns:<\/strong><\/em><\/p>\n<ul>\n<li>Ausbildung als Erzieher\/in, staatlich anerkannt<\/li>\n<li>offene, engagierte Haltung, Interesse an Montessori-P\u00e4dagogik<\/li>\n<li>Humor und Leidenschaft<\/li>\n<\/ul>\n<p>Wir freuen uns auf den baldigen Eingang Ihrer vollst\u00e4ndigen Bewerbungsunterlagen schriftlich oder per E-Mail an:<\/p>\n<p>Kita \u201ePaulinchen\u201c e.V.<\/p>\n<p>Bahnhofstr. 9\/14641 Paulinenaue\/ Tel.: 033237\/88204<br \/>\nE-Mail: <a href=\"mailto:kita-paulinchen@gmx.de\">kita-paulinchen@gmx.de<\/a><\/p>\n<\/div><\/div><\/div><\/div><\/div>\n","protected":false},"excerpt":{"rendered":"","protected":false},"author":1,"featured_media":0,"parent":0,"menu_order":0,"comment_status":"closed","ping_status":"closed","template":"","meta":{"_acf_changed":false,"_price":"","_stock":"","_tribe_ticket_header":"","_tribe_default_ticket_provider":"","_tribe_ticket_capacity":"0","_ticket_start_date":"","_ticket_end_date":"","_tribe_ticket_show_description":"","_tribe_ticket_show_not_going":false,"_tribe_ticket_use_global_stock":"","_tribe_ticket_global_stock_level":"","_global_stock_mode":"","_global_stock_cap":"","_tribe_rsvp_for_event":"","_tribe_ticket_going_count":"","_tribe_ticket_not_going_count":"","_tribe_tickets_list":"[]","_tribe_ticket_has_attendee_info_fields":false,"jetpack_post_was_ever_published":false,"footnotes":"","_tec_slr_enabled":"","_tec_slr_layout":""},"class_list":["post-6733","page","type-page","status-publish","hentry"],"acf":[],"yoast_head":"<!-- This site is optimized with the Yoast SEO plugin v27.5 - https:\/\/yoast.com\/product\/yoast-seo-wordpress\/ -->\n<title>Schwarzes Brett - Paulinenaue<\/title>\n<meta name=\"robots\" content=\"index, follow, max-snippet:-1, max-image-preview:large, max-video-preview:-1\" \/>\n<link rel=\"canonical\" href=\"https:\/\/paulinenaue.info\/index.php\/schwarzes-brett\/\" \/>\n<meta property=\"og:locale\" content=\"de_DE\" \/>\n<meta property=\"og:type\" content=\"article\" \/>\n<meta property=\"og:title\" content=\"Schwarzes Brett - Paulinenaue\" \/>\n<meta property=\"og:url\" content=\"https:\/\/paulinenaue.info\/index.php\/schwarzes-brett\/\" \/>\n<meta property=\"og:site_name\" content=\"Paulinenaue\" \/>\n<meta property=\"article:modified_time\" content=\"2026-02-22T00:41:22+00:00\" \/>\n<meta name=\"twitter:card\" content=\"summary_large_image\" \/>\n<meta name=\"twitter:label1\" content=\"Gesch\u00e4tzte Lesezeit\" \/>\n\t<meta name=\"twitter:data1\" content=\"2\u00a0Minuten\" \/>\n<script type=\"application\/ld+json\" class=\"yoast-schema-graph\">{\"@context\":\"https:\\\/\\\/schema.org\",\"@graph\":[{\"@type\":\"WebPage\",\"@id\":\"https:\\\/\\\/paulinenaue.info\\\/index.php\\\/schwarzes-brett\\\/\",\"url\":\"https:\\\/\\\/paulinenaue.info\\\/index.php\\\/schwarzes-brett\\\/\",\"name\":\"Schwarzes Brett - Paulinenaue\",\"isPartOf\":{\"@id\":\"https:\\\/\\\/paulinenaue.info\\\/#website\"},\"datePublished\":\"2022-01-18T19:53:28+00:00\",\"dateModified\":\"2026-02-22T00:41:22+00:00\",\"breadcrumb\":{\"@id\":\"https:\\\/\\\/paulinenaue.info\\\/index.php\\\/schwarzes-brett\\\/#breadcrumb\"},\"inLanguage\":\"de\",\"potentialAction\":[{\"@type\":\"ReadAction\",\"target\":[\"https:\\\/\\\/paulinenaue.info\\\/index.php\\\/schwarzes-brett\\\/\"]}]},{\"@type\":\"BreadcrumbList\",\"@id\":\"https:\\\/\\\/paulinenaue.info\\\/index.php\\\/schwarzes-brett\\\/#breadcrumb\",\"itemListElement\":[{\"@type\":\"ListItem\",\"position\":1,\"name\":\"Home\",\"item\":\"https:\\\/\\\/paulinenaue.info\\\/\"},{\"@type\":\"ListItem\",\"position\":2,\"name\":\"Schwarzes Brett\"}]},{\"@type\":\"WebSite\",\"@id\":\"https:\\\/\\\/paulinenaue.info\\\/#website\",\"url\":\"https:\\\/\\\/paulinenaue.info\\\/\",\"name\":\"Paulinenaue\",\"description\":\"Ein Dorf im Havelland\",\"potentialAction\":[{\"@type\":\"SearchAction\",\"target\":{\"@type\":\"EntryPoint\",\"urlTemplate\":\"https:\\\/\\\/paulinenaue.info\\\/?s={search_term_string}\"},\"query-input\":{\"@type\":\"PropertyValueSpecification\",\"valueRequired\":true,\"valueName\":\"search_term_string\"}}],\"inLanguage\":\"de\"}]}<\/script>\n<!-- \/ Yoast SEO plugin. -->","yoast_head_json":{"title":"Schwarzes Brett - Paulinenaue","robots":{"index":"index","follow":"follow","max-snippet":"max-snippet:-1","max-image-preview":"max-image-preview:large","max-video-preview":"max-video-preview:-1"},"canonical":"https:\/\/paulinenaue.info\/index.php\/schwarzes-brett\/","og_locale":"de_DE","og_type":"article","og_title":"Schwarzes Brett - Paulinenaue","og_url":"https:\/\/paulinenaue.info\/index.php\/schwarzes-brett\/","og_site_name":"Paulinenaue","article_modified_time":"2026-02-22T00:41:22+00:00","twitter_card":"summary_large_image","twitter_misc":{"Gesch\u00e4tzte Lesezeit":"2\u00a0Minuten"},"schema":{"@context":"https:\/\/schema.org","@graph":[{"@type":"WebPage","@id":"https:\/\/paulinenaue.info\/index.php\/schwarzes-brett\/","url":"https:\/\/paulinenaue.info\/index.php\/schwarzes-brett\/","name":"Schwarzes Brett - Paulinenaue","isPartOf":{"@id":"https:\/\/paulinenaue.info\/#website"},"datePublished":"2022-01-18T19:53:28+00:00","dateModified":"2026-02-22T00:41:22+00:00","breadcrumb":{"@id":"https:\/\/paulinenaue.info\/index.php\/schwarzes-brett\/#breadcrumb"},"inLanguage":"de","potentialAction":[{"@type":"ReadAction","target":["https:\/\/paulinenaue.info\/index.php\/schwarzes-brett\/"]}]},{"@type":"BreadcrumbList","@id":"https:\/\/paulinenaue.info\/index.php\/schwarzes-brett\/#breadcrumb","itemListElement":[{"@type":"ListItem","position":1,"name":"Home","item":"https:\/\/paulinenaue.info\/"},{"@type":"ListItem","position":2,"name":"Schwarzes Brett"}]},{"@type":"WebSite","@id":"https:\/\/paulinenaue.info\/#website","url":"https:\/\/paulinenaue.info\/","name":"Paulinenaue","description":"Ein Dorf im Havelland","potentialAction":[{"@type":"SearchAction","target":{"@type":"EntryPoint","urlTemplate":"https:\/\/paulinenaue.info\/?s={search_term_string}"},"query-input":{"@type":"PropertyValueSpecification","valueRequired":true,"valueName":"search_term_string"}}],"inLanguage":"de"}]}},"jetpack_sharing_enabled":true,"jetpack_shortlink":"https:\/\/wp.me\/PcYhWA-1KB","jetpack-related-posts":[{"id":5628,"url":"https:\/\/paulinenaue.info\/","url_meta":{"origin":6733,"position":0},"title":"Paulinenaue im Havelland","author":"Elisa","date":"8. April 2021","format":false,"excerpt":"","rel":"","context":"\u00c4hnlicher Beitrag","block_context":{"text":"\u00c4hnlicher Beitrag","link":""},"img":{"alt_text":"","src":"https:\/\/i0.wp.com\/paulinenaue.info\/wp-content\/uploads\/2024\/05\/C2CC9C77-D9E8-4303-9399-8FF00878493B_1_201_a-scaled.jpeg?resize=350%2C200&ssl=1","width":350,"height":200,"srcset":"https:\/\/i0.wp.com\/paulinenaue.info\/wp-content\/uploads\/2024\/05\/C2CC9C77-D9E8-4303-9399-8FF00878493B_1_201_a-scaled.jpeg?resize=350%2C200&ssl=1 1x, https:\/\/i0.wp.com\/paulinenaue.info\/wp-content\/uploads\/2024\/05\/C2CC9C77-D9E8-4303-9399-8FF00878493B_1_201_a-scaled.jpeg?resize=525%2C300&ssl=1 1.5x, https:\/\/i0.wp.com\/paulinenaue.info\/wp-content\/uploads\/2024\/05\/C2CC9C77-D9E8-4303-9399-8FF00878493B_1_201_a-scaled.jpeg?resize=700%2C400&ssl=1 2x, https:\/\/i0.wp.com\/paulinenaue.info\/wp-content\/uploads\/2024\/05\/C2CC9C77-D9E8-4303-9399-8FF00878493B_1_201_a-scaled.jpeg?resize=1050%2C600&ssl=1 3x, https:\/\/i0.wp.com\/paulinenaue.info\/wp-content\/uploads\/2024\/05\/C2CC9C77-D9E8-4303-9399-8FF00878493B_1_201_a-scaled.jpeg?resize=1400%2C800&ssl=1 4x"},"classes":[]},{"id":374,"url":"https:\/\/paulinenaue.info\/index.php\/kita-verein\/","url_meta":{"origin":6733,"position":1},"title":"KITA-Verein","author":"Elisa","date":"22. M\u00e4rz 2016","format":false,"excerpt":"","rel":"","context":"\u00c4hnlicher Beitrag","block_context":{"text":"\u00c4hnlicher Beitrag","link":""},"img":{"alt_text":"","src":"","width":0,"height":0},"classes":[]},{"id":324201,"url":"https:\/\/paulinenaue.info\/index.php\/tourismus\/geocaching\/","url_meta":{"origin":6733,"position":2},"title":"Geocaching in Paulinenaue","author":"Konstantin von der Waydbrink","date":"28. Juli 2022","format":false,"excerpt":"","rel":"","context":"\u00c4hnlicher Beitrag","block_context":{"text":"\u00c4hnlicher Beitrag","link":""},"img":{"alt_text":"","src":"https:\/\/i0.wp.com\/paulinenaue.info\/wp-content\/uploads\/2026\/03\/Paulinenaue-Geocaching-Ausschnitt.jpg?resize=350%2C200&ssl=1","width":350,"height":200,"srcset":"https:\/\/i0.wp.com\/paulinenaue.info\/wp-content\/uploads\/2026\/03\/Paulinenaue-Geocaching-Ausschnitt.jpg?resize=350%2C200&ssl=1 1x, https:\/\/i0.wp.com\/paulinenaue.info\/wp-content\/uploads\/2026\/03\/Paulinenaue-Geocaching-Ausschnitt.jpg?resize=525%2C300&ssl=1 1.5x, https:\/\/i0.wp.com\/paulinenaue.info\/wp-content\/uploads\/2026\/03\/Paulinenaue-Geocaching-Ausschnitt.jpg?resize=700%2C400&ssl=1 2x"},"classes":[]},{"id":26,"url":"https:\/\/paulinenaue.info\/index.php\/tourismus\/","url_meta":{"origin":6733,"position":3},"title":"Paulinenaue entdecken","author":"Elisa","date":"29. Oktober 2015","format":false,"excerpt":"","rel":"","context":"\u00c4hnlicher Beitrag","block_context":{"text":"\u00c4hnlicher Beitrag","link":""},"img":{"alt_text":"","src":"https:\/\/i0.wp.com\/paulinenaue.info\/wp-content\/uploads\/2025\/03\/A64D5D60-47E7-45E8-BFE3-0678F0147972_1_201_a-1200x378.jpeg?resize=350%2C200&ssl=1","width":350,"height":200,"srcset":"https:\/\/i0.wp.com\/paulinenaue.info\/wp-content\/uploads\/2025\/03\/A64D5D60-47E7-45E8-BFE3-0678F0147972_1_201_a-1200x378.jpeg?resize=350%2C200&ssl=1 1x, https:\/\/i0.wp.com\/paulinenaue.info\/wp-content\/uploads\/2025\/03\/A64D5D60-47E7-45E8-BFE3-0678F0147972_1_201_a-1200x378.jpeg?resize=525%2C300&ssl=1 1.5x, https:\/\/i0.wp.com\/paulinenaue.info\/wp-content\/uploads\/2025\/03\/A64D5D60-47E7-45E8-BFE3-0678F0147972_1_201_a-1200x378.jpeg?resize=700%2C400&ssl=1 2x, https:\/\/i0.wp.com\/paulinenaue.info\/wp-content\/uploads\/2025\/03\/A64D5D60-47E7-45E8-BFE3-0678F0147972_1_201_a-1200x378.jpeg?resize=1050%2C600&ssl=1 3x"},"classes":[]},{"id":6530,"url":"https:\/\/paulinenaue.info\/index.php\/neuigkeiten-aus-paulinenaue-2003-2014\/","url_meta":{"origin":6733,"position":4},"title":"Neuigkeiten aus Paulinenaue (2003\u20132014)","author":"Joachim Scholz","date":"29. Dezember 2021","format":false,"excerpt":"","rel":"","context":"\u00c4hnlicher Beitrag","block_context":{"text":"\u00c4hnlicher Beitrag","link":""},"img":{"alt_text":"","src":"","width":0,"height":0},"classes":[]}],"ticketed":false,"_links":{"self":[{"href":"https:\/\/paulinenaue.info\/index.php\/wp-json\/wp\/v2\/pages\/6733","targetHints":{"allow":["GET"]}}],"collection":[{"href":"https:\/\/paulinenaue.info\/index.php\/wp-json\/wp\/v2\/pages"}],"about":[{"href":"https:\/\/paulinenaue.info\/index.php\/wp-json\/wp\/v2\/types\/page"}],"author":[{"embeddable":true,"href":"https:\/\/paulinenaue.info\/index.php\/wp-json\/wp\/v2\/users\/1"}],"replies":[{"embeddable":true,"href":"https:\/\/paulinenaue.info\/index.php\/wp-json\/wp\/v2\/comments?post=6733"}],"version-history":[{"count":27,"href":"https:\/\/paulinenaue.info\/index.php\/wp-json\/wp\/v2\/pages\/6733\/revisions"}],"predecessor-version":[{"id":418935,"href":"https:\/\/paulinenaue.info\/index.php\/wp-json\/wp\/v2\/pages\/6733\/revisions\/418935"}],"wp:attachment":[{"href":"https:\/\/paulinenaue.info\/index.php\/wp-json\/wp\/v2\/media?parent=6733"}],"curies":[{"name":"wp","href":"https:\/\/api.w.org\/{rel}","templated":true}]}}