{"id":71,"date":"2016-03-22T11:47:15","date_gmt":"2016-03-22T10:47:15","guid":{"rendered":"https:\/\/sudile.com\/paue\/?page_id=71"},"modified":"2025-03-25T00:09:29","modified_gmt":"2025-03-24T23:09:29","slug":"geschichten-2","status":"publish","type":"page","link":"https:\/\/paulinenaue.info\/index.php\/geschichten-2\/","title":{"rendered":"Geschichte(n)"},"content":{"rendered":"<div class=\"fusion-fullwidth fullwidth-box fusion-builder-row-1 fusion-flex-container nonhundred-percent-fullwidth non-hundred-percent-height-scrolling\" style=\"--awb-border-radius-top-left:0px;--awb-border-radius-top-right:0px;--awb-border-radius-bottom-right:0px;--awb-border-radius-bottom-left:0px;\" ><div class=\"fusion-builder-row fusion-row fusion-flex-align-items-flex-start\" style=\"max-width:1248px;margin-left: calc(-4% \/ 2 );margin-right: calc(-4% \/ 2 );\"><div class=\"fusion-layout-column fusion_builder_column fusion-builder-column-0 fusion_builder_column_2_3 2_3 fusion-flex-column\" style=\"--awb-bg-size:cover;--awb-width-large:66.666666666667%;--awb-margin-top-large:0px;--awb-spacing-right-large:2.88%;--awb-margin-bottom-large:20px;--awb-spacing-left-large:2.88%;--awb-width-medium:66.666666666667%;--awb-order-medium:0;--awb-spacing-right-medium:2.88%;--awb-spacing-left-medium:2.88%;--awb-width-small:100%;--awb-order-small:0;--awb-spacing-right-small:1.92%;--awb-spacing-left-small:1.92%;\"><div class=\"fusion-column-wrapper fusion-column-has-shadow fusion-flex-justify-content-flex-start fusion-content-layout-column\"><div class=\"fusion-text fusion-text-1\"><p class=\"p1\">W\u00e4hrend das heute eingemeindete Dorf Selbelang schon im 13. Jahrhundert erw\u00e4hnt wird, wuchs Paulinenaue erst im 19. Jahrhundert durch die Eisenbahn von einem Vorwerk im Luch zu einem stattlichen Dorf mit imposantem Bahnhofsgeb\u00e4ude und nach dem Zweiten Weltkrieg durch das Landwirtschaftsinstitut zum Wissenschaftsstandort heran. Nach 1990 begann eine lange Findungsphase. Neuerdings ist es ein beliebter Wohnort f\u00fcr Berlinpendler und begehrter Schulstandort in der Region.<\/p>\n<\/p>\n<div id=\"attachment_417551\" style=\"width: 410px\" class=\"wp-caption alignnone\"><a href=\"https:\/\/paulinenaue.info\/wp-content\/uploads\/2025\/03\/1899-Gasthof-Zu-den-drei-Landkreisen.jpeg\"><img decoding=\"async\" aria-describedby=\"caption-attachment-417551\" data-attachment-id=\"417551\" data-permalink=\"https:\/\/paulinenaue.info\/index.php\/geschichten-2\/gasthaus-zu-den-drei-landkreisen-1899\/\" data-orig-file=\"https:\/\/paulinenaue.info\/wp-content\/uploads\/2025\/03\/1899-Gasthof-Zu-den-drei-Landkreisen.jpeg\" data-orig-size=\"1000,571\" data-comments-opened=\"1\" data-image-meta=\"{&quot;aperture&quot;:&quot;0&quot;,&quot;credit&quot;:&quot;&quot;,&quot;camera&quot;:&quot;&quot;,&quot;caption&quot;:&quot;Fotografie aus dem Nachlass von Georg Drasche\\u0301. Am 26.09.2020 von Petra Nandke u\\u0308bernommen. - Das Jahr ist angegeben, das Datum gescha\\u0308tzt. Rechts der Mann mit Hund ist Arthur Grabau. Man erkennt ihn an der charakteristischen Beinhaltung, die er auch auf der Postkarte von 1906 einnimmt.&quot;,&quot;created_timestamp&quot;:&quot;-2235387600&quot;,&quot;copyright&quot;:&quot;&quot;,&quot;focal_length&quot;:&quot;0&quot;,&quot;iso&quot;:&quot;0&quot;,&quot;shutter_speed&quot;:&quot;0&quot;,&quot;title&quot;:&quot;Gasthaus \\u201eZu den drei Landkreisen\\u201c, 1899&quot;,&quot;orientation&quot;:&quot;1&quot;}\" data-image-title=\"Gasthaus \u201eZu den drei Landkreisen\u201c, 1899\" data-image-description=\"\" data-image-caption=\"&lt;p&gt;Fotografie aus dem Nachlass von Georg Drasche\u0301. Am 26.09.2020 von Petra Nandke u\u0308bernommen. &amp;#8211; Das Jahr ist angegeben, das Datum gescha\u0308tzt. Rechts der Mann mit Hund ist Arthur Grabau. Man erkennt ihn an der charakteristischen Beinhaltung, die er auch auf der Postkarte von 1906 einnimmt.&lt;\/p&gt;\n\" data-large-file=\"https:\/\/paulinenaue.info\/wp-content\/uploads\/2025\/03\/1899-Gasthof-Zu-den-drei-Landkreisen.jpeg\" class=\"lazyload wp-image-417551 size-fusion-400\" src=\"https:\/\/paulinenaue.info\/wp-content\/uploads\/2025\/03\/1899-Gasthof-Zu-den-drei-Landkreisen-400x228.jpeg\" data-orig-src=\"https:\/\/paulinenaue.info\/wp-content\/uploads\/2025\/03\/1899-Gasthof-Zu-den-drei-Landkreisen-400x228.jpeg\" alt=\"\" width=\"400\" height=\"228\" srcset=\"data:image\/svg+xml,%3Csvg%20xmlns%3D%27http%3A%2F%2Fwww.w3.org%2F2000%2Fsvg%27%20width%3D%27400%27%20height%3D%27228%27%20viewBox%3D%270%200%20400%20228%27%3E%3Crect%20width%3D%27400%27%20height%3D%27228%27%20fill-opacity%3D%220%22%2F%3E%3C%2Fsvg%3E\" data-srcset=\"https:\/\/paulinenaue.info\/wp-content\/uploads\/2025\/03\/1899-Gasthof-Zu-den-drei-Landkreisen-200x114.jpeg 200w, https:\/\/paulinenaue.info\/wp-content\/uploads\/2025\/03\/1899-Gasthof-Zu-den-drei-Landkreisen-300x171.jpeg 300w, https:\/\/paulinenaue.info\/wp-content\/uploads\/2025\/03\/1899-Gasthof-Zu-den-drei-Landkreisen-400x228.jpeg 400w, https:\/\/paulinenaue.info\/wp-content\/uploads\/2025\/03\/1899-Gasthof-Zu-den-drei-Landkreisen-600x343.jpeg 600w, https:\/\/paulinenaue.info\/wp-content\/uploads\/2025\/03\/1899-Gasthof-Zu-den-drei-Landkreisen-768x439.jpeg 768w, https:\/\/paulinenaue.info\/wp-content\/uploads\/2025\/03\/1899-Gasthof-Zu-den-drei-Landkreisen-800x457.jpeg 800w, https:\/\/paulinenaue.info\/wp-content\/uploads\/2025\/03\/1899-Gasthof-Zu-den-drei-Landkreisen.jpeg 1000w\" data-sizes=\"auto\" data-orig-sizes=\"(max-width: 400px) 100vw, 400px\" \/><\/a><p id=\"caption-attachment-417551\" class=\"wp-caption-text\"><em>Paulinenaues Gasthof \u201eZu den drei Landkreisen\u201c. Rechts Besitzer Arthur Grabau (ca. 1910). Foto: Paulinenauer Kulturverein, Archiv.<\/em><\/p><\/div>\n<p class=\"p1\">Paulinenaues Geschichte kreist um die Themen Eisenbahn und Wissenschaft, um den Gartenbau, die Imkerei oder um die ber\u00fchmten Pferdez\u00fcchter Arthur und Carl Knauer und ihren Lindenhof. Viele Spuren der sehr interessanten Vergangenheit von Paulinenaue haben sich vor Ort erhalten. Historische Dokumentationen und Informationen finden Sie aber auch auf hier.  <\/p>\n<\/div><\/div><\/div><div class=\"fusion-layout-column fusion_builder_column fusion-builder-column-1 fusion_builder_column_1_3 1_3 fusion-flex-column\" style=\"--awb-bg-size:cover;--awb-width-large:33.333333333333%;--awb-margin-top-large:0px;--awb-spacing-right-large:5.76%;--awb-margin-bottom-large:20px;--awb-spacing-left-large:5.76%;--awb-width-medium:33.333333333333%;--awb-order-medium:0;--awb-spacing-right-medium:5.76%;--awb-spacing-left-medium:5.76%;--awb-width-small:100%;--awb-order-small:0;--awb-spacing-right-small:1.92%;--awb-spacing-left-small:1.92%;\"><div class=\"fusion-column-wrapper fusion-column-has-shadow fusion-flex-justify-content-flex-start fusion-content-layout-column\"><div class=\"fusion-text fusion-text-2\"><p><a href=\"https:\/\/paulinenaue.info\/index.php\/geschichten\/\">Historischer \u00dcberblick<\/a><\/p>\n<p><a href=\"https:\/\/paulinenaue.info\/index.php\/chroniken-von-paulinenaue\/\">\u00dcber Paulinenauer Ortschroniken<\/a><\/p>\n<\/div><\/div><\/div><\/div><\/div>\n","protected":false},"excerpt":{"rendered":"","protected":false},"author":2,"featured_media":0,"parent":0,"menu_order":0,"comment_status":"closed","ping_status":"closed","template":"","meta":{"_acf_changed":false,"_price":"","_stock":"","_tribe_ticket_header":"","_tribe_default_ticket_provider":"","_tribe_ticket_capacity":"0","_ticket_start_date":"","_ticket_end_date":"","_tribe_ticket_show_description":"","_tribe_ticket_show_not_going":false,"_tribe_ticket_use_global_stock":"","_tribe_ticket_global_stock_level":"","_global_stock_mode":"","_global_stock_cap":"","_tribe_rsvp_for_event":"","_tribe_ticket_going_count":"","_tribe_ticket_not_going_count":"","_tribe_tickets_list":"[]","_tribe_ticket_has_attendee_info_fields":false,"footnotes":"","_tec_slr_enabled":"","_tec_slr_layout":""},"class_list":["post-71","page","type-page","status-publish","hentry"],"acf":[],"yoast_head":"<!-- This site is optimized with the Yoast SEO plugin v27.5 - https:\/\/yoast.com\/product\/yoast-seo-wordpress\/ -->\n<title>Geschichte(n) - Paulinenaue<\/title>\n<meta name=\"robots\" content=\"index, follow, max-snippet:-1, max-image-preview:large, max-video-preview:-1\" \/>\n<link rel=\"canonical\" href=\"https:\/\/paulinenaue.info\/index.php\/geschichten-2\/\" \/>\n<meta property=\"og:locale\" content=\"de_DE\" \/>\n<meta property=\"og:type\" content=\"article\" \/>\n<meta property=\"og:title\" content=\"Geschichte(n) - Paulinenaue\" \/>\n<meta property=\"og:url\" content=\"https:\/\/paulinenaue.info\/index.php\/geschichten-2\/\" \/>\n<meta property=\"og:site_name\" content=\"Paulinenaue\" \/>\n<meta property=\"article:modified_time\" content=\"2025-03-24T23:09:29+00:00\" \/>\n<meta property=\"og:image\" content=\"https:\/\/paulinenaue.info\/wp-content\/uploads\/2025\/03\/1899-Gasthof-Zu-den-drei-Landkreisen.jpeg\" \/>\n\t<meta property=\"og:image:width\" content=\"1000\" \/>\n\t<meta property=\"og:image:height\" content=\"571\" \/>\n\t<meta property=\"og:image:type\" content=\"image\/jpeg\" \/>\n<meta name=\"twitter:card\" content=\"summary_large_image\" \/>\n<meta name=\"twitter:label1\" content=\"Gesch\u00e4tzte Lesezeit\" \/>\n\t<meta name=\"twitter:data1\" content=\"3\u00a0Minuten\" \/>\n<script type=\"application\/ld+json\" class=\"yoast-schema-graph\">{\"@context\":\"https:\\\/\\\/schema.org\",\"@graph\":[{\"@type\":\"WebPage\",\"@id\":\"https:\\\/\\\/paulinenaue.info\\\/index.php\\\/geschichten-2\\\/\",\"url\":\"https:\\\/\\\/paulinenaue.info\\\/index.php\\\/geschichten-2\\\/\",\"name\":\"Geschichte(n) - Paulinenaue\",\"isPartOf\":{\"@id\":\"https:\\\/\\\/paulinenaue.info\\\/#website\"},\"primaryImageOfPage\":{\"@id\":\"https:\\\/\\\/paulinenaue.info\\\/index.php\\\/geschichten-2\\\/#primaryimage\"},\"image\":{\"@id\":\"https:\\\/\\\/paulinenaue.info\\\/index.php\\\/geschichten-2\\\/#primaryimage\"},\"thumbnailUrl\":\"https:\\\/\\\/paulinenaue.info\\\/wp-content\\\/uploads\\\/2025\\\/03\\\/1899-Gasthof-Zu-den-drei-Landkreisen-400x228.jpeg\",\"datePublished\":\"2016-03-22T10:47:15+00:00\",\"dateModified\":\"2025-03-24T23:09:29+00:00\",\"breadcrumb\":{\"@id\":\"https:\\\/\\\/paulinenaue.info\\\/index.php\\\/geschichten-2\\\/#breadcrumb\"},\"inLanguage\":\"de\",\"potentialAction\":[{\"@type\":\"ReadAction\",\"target\":[\"https:\\\/\\\/paulinenaue.info\\\/index.php\\\/geschichten-2\\\/\"]}]},{\"@type\":\"ImageObject\",\"inLanguage\":\"de\",\"@id\":\"https:\\\/\\\/paulinenaue.info\\\/index.php\\\/geschichten-2\\\/#primaryimage\",\"url\":\"https:\\\/\\\/paulinenaue.info\\\/wp-content\\\/uploads\\\/2025\\\/03\\\/1899-Gasthof-Zu-den-drei-Landkreisen.jpeg\",\"contentUrl\":\"https:\\\/\\\/paulinenaue.info\\\/wp-content\\\/uploads\\\/2025\\\/03\\\/1899-Gasthof-Zu-den-drei-Landkreisen.jpeg\",\"width\":1000,\"height\":571,\"caption\":\"Fotografie aus dem Nachlass von Georg Drasche\u0301. Am 26.09.2020 von Petra Nandke u\u0308bernommen. - Das Jahr ist angegeben, das Datum gescha\u0308tzt. Rechts der Mann mit Hund ist Arthur Grabau. Man erkennt ihn an der charakteristischen Beinhaltung, die er auch auf der Postkarte von 1906 einnimmt.\"},{\"@type\":\"BreadcrumbList\",\"@id\":\"https:\\\/\\\/paulinenaue.info\\\/index.php\\\/geschichten-2\\\/#breadcrumb\",\"itemListElement\":[{\"@type\":\"ListItem\",\"position\":1,\"name\":\"Home\",\"item\":\"https:\\\/\\\/paulinenaue.info\\\/\"},{\"@type\":\"ListItem\",\"position\":2,\"name\":\"Geschichte(n)\"}]},{\"@type\":\"WebSite\",\"@id\":\"https:\\\/\\\/paulinenaue.info\\\/#website\",\"url\":\"https:\\\/\\\/paulinenaue.info\\\/\",\"name\":\"Paulinenaue\",\"description\":\"Ein Dorf im Havelland\",\"potentialAction\":[{\"@type\":\"SearchAction\",\"target\":{\"@type\":\"EntryPoint\",\"urlTemplate\":\"https:\\\/\\\/paulinenaue.info\\\/?s={search_term_string}\"},\"query-input\":{\"@type\":\"PropertyValueSpecification\",\"valueRequired\":true,\"valueName\":\"search_term_string\"}}],\"inLanguage\":\"de\"}]}<\/script>\n<!-- \/ Yoast SEO plugin. -->","yoast_head_json":{"title":"Geschichte(n) - Paulinenaue","robots":{"index":"index","follow":"follow","max-snippet":"max-snippet:-1","max-image-preview":"max-image-preview:large","max-video-preview":"max-video-preview:-1"},"canonical":"https:\/\/paulinenaue.info\/index.php\/geschichten-2\/","og_locale":"de_DE","og_type":"article","og_title":"Geschichte(n) - Paulinenaue","og_url":"https:\/\/paulinenaue.info\/index.php\/geschichten-2\/","og_site_name":"Paulinenaue","article_modified_time":"2025-03-24T23:09:29+00:00","og_image":[{"width":1000,"height":571,"url":"https:\/\/paulinenaue.info\/wp-content\/uploads\/2025\/03\/1899-Gasthof-Zu-den-drei-Landkreisen.jpeg","type":"image\/jpeg"}],"twitter_card":"summary_large_image","twitter_misc":{"Gesch\u00e4tzte Lesezeit":"3\u00a0Minuten"},"schema":{"@context":"https:\/\/schema.org","@graph":[{"@type":"WebPage","@id":"https:\/\/paulinenaue.info\/index.php\/geschichten-2\/","url":"https:\/\/paulinenaue.info\/index.php\/geschichten-2\/","name":"Geschichte(n) - Paulinenaue","isPartOf":{"@id":"https:\/\/paulinenaue.info\/#website"},"primaryImageOfPage":{"@id":"https:\/\/paulinenaue.info\/index.php\/geschichten-2\/#primaryimage"},"image":{"@id":"https:\/\/paulinenaue.info\/index.php\/geschichten-2\/#primaryimage"},"thumbnailUrl":"https:\/\/paulinenaue.info\/wp-content\/uploads\/2025\/03\/1899-Gasthof-Zu-den-drei-Landkreisen-400x228.jpeg","datePublished":"2016-03-22T10:47:15+00:00","dateModified":"2025-03-24T23:09:29+00:00","breadcrumb":{"@id":"https:\/\/paulinenaue.info\/index.php\/geschichten-2\/#breadcrumb"},"inLanguage":"de","potentialAction":[{"@type":"ReadAction","target":["https:\/\/paulinenaue.info\/index.php\/geschichten-2\/"]}]},{"@type":"ImageObject","inLanguage":"de","@id":"https:\/\/paulinenaue.info\/index.php\/geschichten-2\/#primaryimage","url":"https:\/\/paulinenaue.info\/wp-content\/uploads\/2025\/03\/1899-Gasthof-Zu-den-drei-Landkreisen.jpeg","contentUrl":"https:\/\/paulinenaue.info\/wp-content\/uploads\/2025\/03\/1899-Gasthof-Zu-den-drei-Landkreisen.jpeg","width":1000,"height":571,"caption":"Fotografie aus dem Nachlass von Georg Drasche\u0301. Am 26.09.2020 von Petra Nandke u\u0308bernommen. - Das Jahr ist angegeben, das Datum gescha\u0308tzt. Rechts der Mann mit Hund ist Arthur Grabau. Man erkennt ihn an der charakteristischen Beinhaltung, die er auch auf der Postkarte von 1906 einnimmt."},{"@type":"BreadcrumbList","@id":"https:\/\/paulinenaue.info\/index.php\/geschichten-2\/#breadcrumb","itemListElement":[{"@type":"ListItem","position":1,"name":"Home","item":"https:\/\/paulinenaue.info\/"},{"@type":"ListItem","position":2,"name":"Geschichte(n)"}]},{"@type":"WebSite","@id":"https:\/\/paulinenaue.info\/#website","url":"https:\/\/paulinenaue.info\/","name":"Paulinenaue","description":"Ein Dorf im Havelland","potentialAction":[{"@type":"SearchAction","target":{"@type":"EntryPoint","urlTemplate":"https:\/\/paulinenaue.info\/?s={search_term_string}"},"query-input":{"@type":"PropertyValueSpecification","valueRequired":true,"valueName":"search_term_string"}}],"inLanguage":"de"}]}},"jetpack_sharing_enabled":true,"jetpack_shortlink":"https:\/\/wp.me\/PcYhWA-19","jetpack-related-posts":[{"id":374,"url":"https:\/\/paulinenaue.info\/index.php\/kita-verein\/","url_meta":{"origin":71,"position":0},"title":"KITA-Verein","author":"Elisa","date":"22. M\u00e4rz 2016","format":false,"excerpt":"","rel":"","context":"\u00c4hnlicher Beitrag","block_context":{"text":"\u00c4hnlicher Beitrag","link":""},"img":{"alt_text":"","src":"","width":0,"height":0},"classes":[]},{"id":5628,"url":"https:\/\/paulinenaue.info\/","url_meta":{"origin":71,"position":1},"title":"Paulinenaue im Havelland","author":"Elisa","date":"8. April 2021","format":false,"excerpt":"","rel":"","context":"\u00c4hnlicher Beitrag","block_context":{"text":"\u00c4hnlicher Beitrag","link":""},"img":{"alt_text":"","src":"https:\/\/i0.wp.com\/paulinenaue.info\/wp-content\/uploads\/2024\/05\/C2CC9C77-D9E8-4303-9399-8FF00878493B_1_201_a-scaled.jpeg?resize=350%2C200&ssl=1","width":350,"height":200,"srcset":"https:\/\/i0.wp.com\/paulinenaue.info\/wp-content\/uploads\/2024\/05\/C2CC9C77-D9E8-4303-9399-8FF00878493B_1_201_a-scaled.jpeg?resize=350%2C200&ssl=1 1x, https:\/\/i0.wp.com\/paulinenaue.info\/wp-content\/uploads\/2024\/05\/C2CC9C77-D9E8-4303-9399-8FF00878493B_1_201_a-scaled.jpeg?resize=525%2C300&ssl=1 1.5x, https:\/\/i0.wp.com\/paulinenaue.info\/wp-content\/uploads\/2024\/05\/C2CC9C77-D9E8-4303-9399-8FF00878493B_1_201_a-scaled.jpeg?resize=700%2C400&ssl=1 2x, https:\/\/i0.wp.com\/paulinenaue.info\/wp-content\/uploads\/2024\/05\/C2CC9C77-D9E8-4303-9399-8FF00878493B_1_201_a-scaled.jpeg?resize=1050%2C600&ssl=1 3x, https:\/\/i0.wp.com\/paulinenaue.info\/wp-content\/uploads\/2024\/05\/C2CC9C77-D9E8-4303-9399-8FF00878493B_1_201_a-scaled.jpeg?resize=1400%2C800&ssl=1 4x"},"classes":[]},{"id":324201,"url":"https:\/\/paulinenaue.info\/index.php\/tourismus\/geocaching\/","url_meta":{"origin":71,"position":2},"title":"Geocaching in Paulinenaue","author":"Konstantin von der Waydbrink","date":"28. Juli 2022","format":false,"excerpt":"","rel":"","context":"\u00c4hnlicher Beitrag","block_context":{"text":"\u00c4hnlicher Beitrag","link":""},"img":{"alt_text":"","src":"https:\/\/i0.wp.com\/paulinenaue.info\/wp-content\/uploads\/2026\/03\/Paulinenaue-Geocaching-Ausschnitt.jpg?resize=350%2C200&ssl=1","width":350,"height":200,"srcset":"https:\/\/i0.wp.com\/paulinenaue.info\/wp-content\/uploads\/2026\/03\/Paulinenaue-Geocaching-Ausschnitt.jpg?resize=350%2C200&ssl=1 1x, https:\/\/i0.wp.com\/paulinenaue.info\/wp-content\/uploads\/2026\/03\/Paulinenaue-Geocaching-Ausschnitt.jpg?resize=525%2C300&ssl=1 1.5x, https:\/\/i0.wp.com\/paulinenaue.info\/wp-content\/uploads\/2026\/03\/Paulinenaue-Geocaching-Ausschnitt.jpg?resize=700%2C400&ssl=1 2x"},"classes":[]},{"id":26,"url":"https:\/\/paulinenaue.info\/index.php\/tourismus\/","url_meta":{"origin":71,"position":3},"title":"Paulinenaue entdecken","author":"Elisa","date":"29. Oktober 2015","format":false,"excerpt":"","rel":"","context":"\u00c4hnlicher Beitrag","block_context":{"text":"\u00c4hnlicher Beitrag","link":""},"img":{"alt_text":"","src":"https:\/\/i0.wp.com\/paulinenaue.info\/wp-content\/uploads\/2025\/03\/A64D5D60-47E7-45E8-BFE3-0678F0147972_1_201_a-1200x378.jpeg?resize=350%2C200&ssl=1","width":350,"height":200,"srcset":"https:\/\/i0.wp.com\/paulinenaue.info\/wp-content\/uploads\/2025\/03\/A64D5D60-47E7-45E8-BFE3-0678F0147972_1_201_a-1200x378.jpeg?resize=350%2C200&ssl=1 1x, https:\/\/i0.wp.com\/paulinenaue.info\/wp-content\/uploads\/2025\/03\/A64D5D60-47E7-45E8-BFE3-0678F0147972_1_201_a-1200x378.jpeg?resize=525%2C300&ssl=1 1.5x, https:\/\/i0.wp.com\/paulinenaue.info\/wp-content\/uploads\/2025\/03\/A64D5D60-47E7-45E8-BFE3-0678F0147972_1_201_a-1200x378.jpeg?resize=700%2C400&ssl=1 2x, https:\/\/i0.wp.com\/paulinenaue.info\/wp-content\/uploads\/2025\/03\/A64D5D60-47E7-45E8-BFE3-0678F0147972_1_201_a-1200x378.jpeg?resize=1050%2C600&ssl=1 3x"},"classes":[]},{"id":6530,"url":"https:\/\/paulinenaue.info\/index.php\/neuigkeiten-aus-paulinenaue-2003-2014\/","url_meta":{"origin":71,"position":4},"title":"Neuigkeiten aus Paulinenaue (2003\u20132014)","author":"Joachim Scholz","date":"29. Dezember 2021","format":false,"excerpt":"","rel":"","context":"\u00c4hnlicher Beitrag","block_context":{"text":"\u00c4hnlicher Beitrag","link":""},"img":{"alt_text":"","src":"","width":0,"height":0},"classes":[]}],"ticketed":false,"_links":{"self":[{"href":"https:\/\/paulinenaue.info\/index.php\/wp-json\/wp\/v2\/pages\/71","targetHints":{"allow":["GET"]}}],"collection":[{"href":"https:\/\/paulinenaue.info\/index.php\/wp-json\/wp\/v2\/pages"}],"about":[{"href":"https:\/\/paulinenaue.info\/index.php\/wp-json\/wp\/v2\/types\/page"}],"author":[{"embeddable":true,"href":"https:\/\/paulinenaue.info\/index.php\/wp-json\/wp\/v2\/users\/2"}],"replies":[{"embeddable":true,"href":"https:\/\/paulinenaue.info\/index.php\/wp-json\/wp\/v2\/comments?post=71"}],"version-history":[{"count":13,"href":"https:\/\/paulinenaue.info\/index.php\/wp-json\/wp\/v2\/pages\/71\/revisions"}],"predecessor-version":[{"id":417660,"href":"https:\/\/paulinenaue.info\/index.php\/wp-json\/wp\/v2\/pages\/71\/revisions\/417660"}],"wp:attachment":[{"href":"https:\/\/paulinenaue.info\/index.php\/wp-json\/wp\/v2\/media?parent=71"}],"curies":[{"name":"wp","href":"https:\/\/api.w.org\/{rel}","templated":true}]}}