{"id":73,"date":"2016-03-22T11:51:33","date_gmt":"2016-03-22T10:51:33","guid":{"rendered":"https:\/\/sudile.com\/paue\/?page_id=73"},"modified":"2025-03-25T12:32:59","modified_gmt":"2025-03-25T11:32:59","slug":"paulinenaue-als-wirtschaftsort","status":"publish","type":"page","link":"https:\/\/paulinenaue.info\/index.php\/paulinenaue-als-wirtschaftsort\/","title":{"rendered":"Paulinenaue als Wissenschaftsstandort"},"content":{"rendered":"<div id=\"attachment_745\" style=\"width: 611px\" class=\"wp-caption alignnone\"><a href=\"http:\/\/paulinenaue.info\/wp-content\/uploads\/2016\/03\/Institutsgebaude-1950er-Jahre.jpg\"><img decoding=\"async\" aria-describedby=\"caption-attachment-745\" data-attachment-id=\"745\" data-permalink=\"https:\/\/paulinenaue.info\/index.php\/paulinenaue-als-wirtschaftsort\/institutsgebaude-1950er-jahre\/\" data-orig-file=\"https:\/\/paulinenaue.info\/wp-content\/uploads\/2016\/03\/Institutsgebaude-1950er-Jahre.jpg\" data-orig-size=\"800,590\" data-comments-opened=\"1\" data-image-meta=\"{&quot;aperture&quot;:&quot;0&quot;,&quot;credit&quot;:&quot;&quot;,&quot;camera&quot;:&quot;&quot;,&quot;caption&quot;:&quot;&quot;,&quot;created_timestamp&quot;:&quot;0&quot;,&quot;copyright&quot;:&quot;&quot;,&quot;focal_length&quot;:&quot;0&quot;,&quot;iso&quot;:&quot;0&quot;,&quot;shutter_speed&quot;:&quot;0&quot;,&quot;title&quot;:&quot;&quot;,&quot;orientation&quot;:&quot;1&quot;}\" data-image-title=\"Institutsgeba?ude, 1950er Jahre\" data-image-description=\"\" data-image-caption=\"\" data-large-file=\"https:\/\/paulinenaue.info\/wp-content\/uploads\/2016\/03\/Institutsgebaude-1950er-Jahre.jpg\" class=\"lazyload wp-image-745\" title=\"Das Paulinenauer Institutsgeb\u00e4ude in den 1950er Jahren\" src=\"http:\/\/paulinenaue.info\/wp-content\/uploads\/2016\/03\/Institutsgebaude-1950er-Jahre.jpg\" data-orig-src=\"http:\/\/paulinenaue.info\/wp-content\/uploads\/2016\/03\/Institutsgebaude-1950er-Jahre.jpg\" alt=\"Das Paulinenauer Institutsgeb\u00e4ude in den 1950er Jahren\" width=\"601\" height=\"443\" srcset=\"data:image\/svg+xml,%3Csvg%20xmlns%3D%27http%3A%2F%2Fwww.w3.org%2F2000%2Fsvg%27%20width%3D%27601%27%20height%3D%27443%27%20viewBox%3D%270%200%20601%20443%27%3E%3Crect%20width%3D%27601%27%20height%3D%27443%27%20fill-opacity%3D%220%22%2F%3E%3C%2Fsvg%3E\" data-srcset=\"https:\/\/paulinenaue.info\/wp-content\/uploads\/2016\/03\/Institutsgebaude-1950er-Jahre-300x221.jpg 300w, https:\/\/paulinenaue.info\/wp-content\/uploads\/2016\/03\/Institutsgebaude-1950er-Jahre-768x566.jpg 768w, https:\/\/paulinenaue.info\/wp-content\/uploads\/2016\/03\/Institutsgebaude-1950er-Jahre.jpg 800w\" data-sizes=\"auto\" data-orig-sizes=\"(max-width: 601px) 100vw, 601px\" \/><\/a><p id=\"caption-attachment-745\" class=\"wp-caption-text\"><em>Das erste Paulinenauer Institutsgeb\u00e4ude, Heute Mitscherlichhaus, in den 1950er Jahren. Foto: Sammlung Joachim Scholz.<\/em><\/p><\/div>\n<p>Schon vor dem Zweiten Weltkrieg war Paulinenaue Forschungsstandort. Hans Goldschmidt, der Erfinder des Thermitverbundschwei\u00dfverfahrens, betrieb als Gutsbesitzer von 1918 bis zu seinem Tod hier eine Forschungswerkstatt mit Schwei\u00dferei und Tischlerei. Langfristig pr\u00e4gte das 1949 von Eilhard Alfred Mitscherlich gegr\u00fcndete <i>Institut zur Steigerung der Pflanzenertr\u00e4ge<\/i> der Deutschen Akademie der Wissenschaften die Entwicklung des Ortes.\u00a01957 wurde das Institut von der Deutschen Akademie der Landwirtschaftswissenschaften \u00fcbernommen und in <i>Institut f\u00fcr Gr\u00fcnland- und Moorforschung<\/i> umbenannt. 1972 erhielt es den Namen <i>Institut f\u00fcr Futterproduktion<\/i> der Akademie der Landwirtschaftswissenschaften der DDR. In den Jahren nach der Wiedervereinigung zerfiel das Institut in mehrere Einzeleinrichtungen.<\/p>\n","protected":false},"excerpt":{"rendered":"<p>Schon vor dem Zweiten Weltkrieg war Paulinenaue Forschungsstandort. Hans Goldschmidt, [&hellip;]<\/p>\n","protected":false},"author":2,"featured_media":0,"parent":0,"menu_order":0,"comment_status":"closed","ping_status":"closed","template":"","meta":{"_acf_changed":false,"_price":"","_stock":"","_tribe_ticket_header":"","_tribe_default_ticket_provider":"","_tribe_ticket_capacity":"0","_ticket_start_date":"","_ticket_end_date":"","_tribe_ticket_show_description":"","_tribe_ticket_show_not_going":false,"_tribe_ticket_use_global_stock":"","_tribe_ticket_global_stock_level":"","_global_stock_mode":"","_global_stock_cap":"","_tribe_rsvp_for_event":"","_tribe_ticket_going_count":"","_tribe_ticket_not_going_count":"","_tribe_tickets_list":"[]","_tribe_ticket_has_attendee_info_fields":false,"footnotes":"","_tec_slr_enabled":"","_tec_slr_layout":""},"class_list":["post-73","page","type-page","status-publish","hentry"],"acf":[],"yoast_head":"<!-- This site is optimized with the Yoast SEO plugin v27.6 - https:\/\/yoast.com\/product\/yoast-seo-wordpress\/ -->\n<title>Paulinenaue als Wissenschaftsstandort - Paulinenaue<\/title>\n<meta name=\"robots\" content=\"index, follow, max-snippet:-1, max-image-preview:large, max-video-preview:-1\" \/>\n<link rel=\"canonical\" href=\"https:\/\/paulinenaue.info\/index.php\/paulinenaue-als-wirtschaftsort\/\" \/>\n<meta property=\"og:locale\" content=\"de_DE\" \/>\n<meta property=\"og:type\" content=\"article\" \/>\n<meta property=\"og:title\" content=\"Paulinenaue als Wissenschaftsstandort - Paulinenaue\" \/>\n<meta property=\"og:description\" content=\"Schon vor dem Zweiten Weltkrieg war Paulinenaue Forschungsstandort. Hans Goldschmidt, [&hellip;]\" \/>\n<meta property=\"og:url\" content=\"https:\/\/paulinenaue.info\/index.php\/paulinenaue-als-wirtschaftsort\/\" \/>\n<meta property=\"og:site_name\" content=\"Paulinenaue\" \/>\n<meta property=\"article:modified_time\" content=\"2025-03-25T11:32:59+00:00\" \/>\n<meta property=\"og:image\" content=\"https:\/\/paulinenaue.info\/wp-content\/uploads\/2016\/03\/Institutsgebaude-1950er-Jahre.jpg\" \/>\n\t<meta property=\"og:image:width\" content=\"800\" \/>\n\t<meta property=\"og:image:height\" content=\"590\" \/>\n\t<meta property=\"og:image:type\" content=\"image\/jpeg\" \/>\n<meta name=\"twitter:card\" content=\"summary_large_image\" \/>\n<meta name=\"twitter:label1\" content=\"Gesch\u00e4tzte Lesezeit\" \/>\n\t<meta name=\"twitter:data1\" content=\"1\u00a0Minute\" \/>\n<script type=\"application\/ld+json\" class=\"yoast-schema-graph\">{\"@context\":\"https:\\\/\\\/schema.org\",\"@graph\":[{\"@type\":\"WebPage\",\"@id\":\"https:\\\/\\\/paulinenaue.info\\\/index.php\\\/paulinenaue-als-wirtschaftsort\\\/\",\"url\":\"https:\\\/\\\/paulinenaue.info\\\/index.php\\\/paulinenaue-als-wirtschaftsort\\\/\",\"name\":\"Paulinenaue als Wissenschaftsstandort - Paulinenaue\",\"isPartOf\":{\"@id\":\"https:\\\/\\\/paulinenaue.info\\\/#website\"},\"primaryImageOfPage\":{\"@id\":\"https:\\\/\\\/paulinenaue.info\\\/index.php\\\/paulinenaue-als-wirtschaftsort\\\/#primaryimage\"},\"image\":{\"@id\":\"https:\\\/\\\/paulinenaue.info\\\/index.php\\\/paulinenaue-als-wirtschaftsort\\\/#primaryimage\"},\"thumbnailUrl\":\"http:\\\/\\\/paulinenaue.info\\\/wp-content\\\/uploads\\\/2016\\\/03\\\/Institutsgebaude-1950er-Jahre.jpg\",\"datePublished\":\"2016-03-22T10:51:33+00:00\",\"dateModified\":\"2025-03-25T11:32:59+00:00\",\"breadcrumb\":{\"@id\":\"https:\\\/\\\/paulinenaue.info\\\/index.php\\\/paulinenaue-als-wirtschaftsort\\\/#breadcrumb\"},\"inLanguage\":\"de\",\"potentialAction\":[{\"@type\":\"ReadAction\",\"target\":[\"https:\\\/\\\/paulinenaue.info\\\/index.php\\\/paulinenaue-als-wirtschaftsort\\\/\"]}]},{\"@type\":\"ImageObject\",\"inLanguage\":\"de\",\"@id\":\"https:\\\/\\\/paulinenaue.info\\\/index.php\\\/paulinenaue-als-wirtschaftsort\\\/#primaryimage\",\"url\":\"http:\\\/\\\/paulinenaue.info\\\/wp-content\\\/uploads\\\/2016\\\/03\\\/Institutsgebaude-1950er-Jahre.jpg\",\"contentUrl\":\"http:\\\/\\\/paulinenaue.info\\\/wp-content\\\/uploads\\\/2016\\\/03\\\/Institutsgebaude-1950er-Jahre.jpg\"},{\"@type\":\"BreadcrumbList\",\"@id\":\"https:\\\/\\\/paulinenaue.info\\\/index.php\\\/paulinenaue-als-wirtschaftsort\\\/#breadcrumb\",\"itemListElement\":[{\"@type\":\"ListItem\",\"position\":1,\"name\":\"Home\",\"item\":\"https:\\\/\\\/paulinenaue.info\\\/\"},{\"@type\":\"ListItem\",\"position\":2,\"name\":\"Paulinenaue als Wissenschaftsstandort\"}]},{\"@type\":\"WebSite\",\"@id\":\"https:\\\/\\\/paulinenaue.info\\\/#website\",\"url\":\"https:\\\/\\\/paulinenaue.info\\\/\",\"name\":\"Paulinenaue\",\"description\":\"Ein Dorf im Havelland\",\"potentialAction\":[{\"@type\":\"SearchAction\",\"target\":{\"@type\":\"EntryPoint\",\"urlTemplate\":\"https:\\\/\\\/paulinenaue.info\\\/?s={search_term_string}\"},\"query-input\":{\"@type\":\"PropertyValueSpecification\",\"valueRequired\":true,\"valueName\":\"search_term_string\"}}],\"inLanguage\":\"de\"}]}<\/script>\n<!-- \/ Yoast SEO plugin. -->","yoast_head_json":{"title":"Paulinenaue als Wissenschaftsstandort - Paulinenaue","robots":{"index":"index","follow":"follow","max-snippet":"max-snippet:-1","max-image-preview":"max-image-preview:large","max-video-preview":"max-video-preview:-1"},"canonical":"https:\/\/paulinenaue.info\/index.php\/paulinenaue-als-wirtschaftsort\/","og_locale":"de_DE","og_type":"article","og_title":"Paulinenaue als Wissenschaftsstandort - Paulinenaue","og_description":"Schon vor dem Zweiten Weltkrieg war Paulinenaue Forschungsstandort. Hans Goldschmidt, [&hellip;]","og_url":"https:\/\/paulinenaue.info\/index.php\/paulinenaue-als-wirtschaftsort\/","og_site_name":"Paulinenaue","article_modified_time":"2025-03-25T11:32:59+00:00","og_image":[{"width":800,"height":590,"url":"https:\/\/paulinenaue.info\/wp-content\/uploads\/2016\/03\/Institutsgebaude-1950er-Jahre.jpg","type":"image\/jpeg"}],"twitter_card":"summary_large_image","twitter_misc":{"Gesch\u00e4tzte Lesezeit":"1\u00a0Minute"},"schema":{"@context":"https:\/\/schema.org","@graph":[{"@type":"WebPage","@id":"https:\/\/paulinenaue.info\/index.php\/paulinenaue-als-wirtschaftsort\/","url":"https:\/\/paulinenaue.info\/index.php\/paulinenaue-als-wirtschaftsort\/","name":"Paulinenaue als Wissenschaftsstandort - Paulinenaue","isPartOf":{"@id":"https:\/\/paulinenaue.info\/#website"},"primaryImageOfPage":{"@id":"https:\/\/paulinenaue.info\/index.php\/paulinenaue-als-wirtschaftsort\/#primaryimage"},"image":{"@id":"https:\/\/paulinenaue.info\/index.php\/paulinenaue-als-wirtschaftsort\/#primaryimage"},"thumbnailUrl":"http:\/\/paulinenaue.info\/wp-content\/uploads\/2016\/03\/Institutsgebaude-1950er-Jahre.jpg","datePublished":"2016-03-22T10:51:33+00:00","dateModified":"2025-03-25T11:32:59+00:00","breadcrumb":{"@id":"https:\/\/paulinenaue.info\/index.php\/paulinenaue-als-wirtschaftsort\/#breadcrumb"},"inLanguage":"de","potentialAction":[{"@type":"ReadAction","target":["https:\/\/paulinenaue.info\/index.php\/paulinenaue-als-wirtschaftsort\/"]}]},{"@type":"ImageObject","inLanguage":"de","@id":"https:\/\/paulinenaue.info\/index.php\/paulinenaue-als-wirtschaftsort\/#primaryimage","url":"http:\/\/paulinenaue.info\/wp-content\/uploads\/2016\/03\/Institutsgebaude-1950er-Jahre.jpg","contentUrl":"http:\/\/paulinenaue.info\/wp-content\/uploads\/2016\/03\/Institutsgebaude-1950er-Jahre.jpg"},{"@type":"BreadcrumbList","@id":"https:\/\/paulinenaue.info\/index.php\/paulinenaue-als-wirtschaftsort\/#breadcrumb","itemListElement":[{"@type":"ListItem","position":1,"name":"Home","item":"https:\/\/paulinenaue.info\/"},{"@type":"ListItem","position":2,"name":"Paulinenaue als Wissenschaftsstandort"}]},{"@type":"WebSite","@id":"https:\/\/paulinenaue.info\/#website","url":"https:\/\/paulinenaue.info\/","name":"Paulinenaue","description":"Ein Dorf im Havelland","potentialAction":[{"@type":"SearchAction","target":{"@type":"EntryPoint","urlTemplate":"https:\/\/paulinenaue.info\/?s={search_term_string}"},"query-input":{"@type":"PropertyValueSpecification","valueRequired":true,"valueName":"search_term_string"}}],"inLanguage":"de"}]}},"jetpack_sharing_enabled":true,"jetpack_shortlink":"https:\/\/wp.me\/PcYhWA-1b","jetpack-related-posts":[{"id":32,"url":"https:\/\/paulinenaue.info\/index.php\/geschichten\/","url_meta":{"origin":73,"position":0},"title":"Historischer \u00dcberblick","author":"Elisa","date":"29. Oktober 2015","format":false,"excerpt":"\u00c4ltere Geschichte In den eiszeitlich gepr\u00e4gten Moorwiesen des Havell\u00e4ndischen Luches liegt auf einer Talsandinsel Paulinenaue. Das jetzige Dorfgebiet, das bereits in der r\u00f6mischen Kaiserzeit besiedelt gewesen ist, findet 1390 eine erste urkundliche Erw\u00e4hnung, als Hasso von Bredow die Heideberge, das Gebiet zwischen Lindholz und L\u00fctsche, an das Domkapitel zu Brandenburg\u2026","rel":"","context":"\u00c4hnlicher Beitrag","block_context":{"text":"\u00c4hnlicher Beitrag","link":""},"img":{"alt_text":"","src":"","width":0,"height":0},"classes":[]},{"id":71,"url":"https:\/\/paulinenaue.info\/index.php\/geschichten-2\/","url_meta":{"origin":73,"position":1},"title":"Geschichte(n)","author":"Elisa","date":"22. M\u00e4rz 2016","format":false,"excerpt":"","rel":"","context":"\u00c4hnlicher Beitrag","block_context":{"text":"\u00c4hnlicher Beitrag","link":""},"img":{"alt_text":"","src":"https:\/\/i0.wp.com\/paulinenaue.info\/wp-content\/uploads\/2025\/03\/1899-Gasthof-Zu-den-drei-Landkreisen-400x228.jpeg?resize=350%2C200&ssl=1","width":350,"height":200},"classes":[]},{"id":415066,"url":"https:\/\/paulinenaue.info\/index.php\/aus-der-ortsgeschichte-von-paulinenaue\/","url_meta":{"origin":73,"position":2},"title":"Aus der Ortsgeschichte von Paulinenaue","author":"Joachim Scholz","date":"18. M\u00e4rz 2023","format":false,"excerpt":"Aus der Ortsgeschichte von Paulinenaue von Georg Drasch\u00e9 (1966) Georg Drasch\u00e9 (1929\u20132014) Mit der Gr\u00fcndung unseres Institutes verschob sich der Schwerpunkt der Gr\u00fcnland- und Moorforschung in der DDR nach Pau\u00adlinenaue, und so schlie\u00dft sich nach fast einem Vierteljahrtausend der Kreis: War vor 250 Jahren das Amt K\u00f6nigshorst Schrittmacher, Lehr- und\u2026","rel":"","context":"\u00c4hnlicher Beitrag","block_context":{"text":"\u00c4hnlicher Beitrag","link":""},"img":{"alt_text":"","src":"https:\/\/i0.wp.com\/paulinenaue.info\/wp-content\/uploads\/2023\/03\/Drasche.jpg?resize=350%2C200&ssl=1","width":350,"height":200},"classes":[]},{"id":6464,"url":"https:\/\/paulinenaue.info\/index.php\/paulinenaue-eine-ortschronik-aus-dem-havelland\/","url_meta":{"origin":73,"position":3},"title":"Paulinenaue: Eine Ortschronik aus dem Havelland","author":"Joachim Scholz","date":"18. Juni 2003","format":false,"excerpt":"","rel":"","context":"\u00c4hnlicher Beitrag","block_context":{"text":"\u00c4hnlicher Beitrag","link":""},"img":{"alt_text":"","src":"https:\/\/i0.wp.com\/paulinenaue.info\/wp-content\/uploads\/2021\/12\/Gu%CC%88nther-Wacker-214x300.jpg?resize=350%2C200&ssl=1","width":350,"height":200},"classes":[]},{"id":324201,"url":"https:\/\/paulinenaue.info\/index.php\/tourismus\/geocaching\/","url_meta":{"origin":73,"position":4},"title":"Geocaching in Paulinenaue","author":"Konstantin von der Waydbrink","date":"28. Juli 2022","format":false,"excerpt":"","rel":"","context":"\u00c4hnlicher Beitrag","block_context":{"text":"\u00c4hnlicher Beitrag","link":""},"img":{"alt_text":"","src":"https:\/\/i0.wp.com\/paulinenaue.info\/wp-content\/uploads\/2026\/03\/Paulinenaue-Geocaching-Ausschnitt.jpg?resize=350%2C200&ssl=1","width":350,"height":200,"srcset":"https:\/\/i0.wp.com\/paulinenaue.info\/wp-content\/uploads\/2026\/03\/Paulinenaue-Geocaching-Ausschnitt.jpg?resize=350%2C200&ssl=1 1x, https:\/\/i0.wp.com\/paulinenaue.info\/wp-content\/uploads\/2026\/03\/Paulinenaue-Geocaching-Ausschnitt.jpg?resize=525%2C300&ssl=1 1.5x, https:\/\/i0.wp.com\/paulinenaue.info\/wp-content\/uploads\/2026\/03\/Paulinenaue-Geocaching-Ausschnitt.jpg?resize=700%2C400&ssl=1 2x"},"classes":[]},{"id":26,"url":"https:\/\/paulinenaue.info\/index.php\/tourismus\/","url_meta":{"origin":73,"position":5},"title":"Paulinenaue entdecken","author":"Elisa","date":"29. Oktober 2015","format":false,"excerpt":"","rel":"","context":"\u00c4hnlicher Beitrag","block_context":{"text":"\u00c4hnlicher Beitrag","link":""},"img":{"alt_text":"","src":"https:\/\/i0.wp.com\/paulinenaue.info\/wp-content\/uploads\/2025\/03\/A64D5D60-47E7-45E8-BFE3-0678F0147972_1_201_a-1200x378.jpeg?resize=350%2C200&ssl=1","width":350,"height":200,"srcset":"https:\/\/i0.wp.com\/paulinenaue.info\/wp-content\/uploads\/2025\/03\/A64D5D60-47E7-45E8-BFE3-0678F0147972_1_201_a-1200x378.jpeg?resize=350%2C200&ssl=1 1x, https:\/\/i0.wp.com\/paulinenaue.info\/wp-content\/uploads\/2025\/03\/A64D5D60-47E7-45E8-BFE3-0678F0147972_1_201_a-1200x378.jpeg?resize=525%2C300&ssl=1 1.5x, https:\/\/i0.wp.com\/paulinenaue.info\/wp-content\/uploads\/2025\/03\/A64D5D60-47E7-45E8-BFE3-0678F0147972_1_201_a-1200x378.jpeg?resize=700%2C400&ssl=1 2x, https:\/\/i0.wp.com\/paulinenaue.info\/wp-content\/uploads\/2025\/03\/A64D5D60-47E7-45E8-BFE3-0678F0147972_1_201_a-1200x378.jpeg?resize=1050%2C600&ssl=1 3x"},"classes":[]}],"ticketed":false,"_links":{"self":[{"href":"https:\/\/paulinenaue.info\/index.php\/wp-json\/wp\/v2\/pages\/73","targetHints":{"allow":["GET"]}}],"collection":[{"href":"https:\/\/paulinenaue.info\/index.php\/wp-json\/wp\/v2\/pages"}],"about":[{"href":"https:\/\/paulinenaue.info\/index.php\/wp-json\/wp\/v2\/types\/page"}],"author":[{"embeddable":true,"href":"https:\/\/paulinenaue.info\/index.php\/wp-json\/wp\/v2\/users\/2"}],"replies":[{"embeddable":true,"href":"https:\/\/paulinenaue.info\/index.php\/wp-json\/wp\/v2\/comments?post=73"}],"version-history":[{"count":15,"href":"https:\/\/paulinenaue.info\/index.php\/wp-json\/wp\/v2\/pages\/73\/revisions"}],"predecessor-version":[{"id":417662,"href":"https:\/\/paulinenaue.info\/index.php\/wp-json\/wp\/v2\/pages\/73\/revisions\/417662"}],"wp:attachment":[{"href":"https:\/\/paulinenaue.info\/index.php\/wp-json\/wp\/v2\/media?parent=73"}],"curies":[{"name":"wp","href":"https:\/\/api.w.org\/{rel}","templated":true}]}}